{"id":51052,"date":"2024-03-03T22:39:34","date_gmt":"2024-03-03T20:39:34","guid":{"rendered":"https:\/\/www.gintaresgeles.lt\/puokste\/%d0%b1%d1%83%d0%ba%d0%b5%d1%82-%d1%82%d1%8e%d0%bb%d1%8c%d0%bf%d0%b0%d0%bd%d0%be%d0%b2-%d1%80%d0%be%d0%b7%d0%be%d0%b2%d0%b0%d1%8f-%d1%81%d0%b2%d0%b5%d0%b6%d0%b5%d1%81%d1%82%d1%8c\/"},"modified":"2025-05-29T01:59:08","modified_gmt":"2025-05-28T23:59:08","slug":"%d0%b1%d1%83%d0%ba%d0%b5%d1%82-%d1%82%d1%8e%d0%bb%d1%8c%d0%bf%d0%b0%d0%bd%d0%be%d0%b2-%d1%80%d0%be%d0%b7%d0%be%d0%b2%d0%b0%d1%8f-%d1%81%d0%b2%d0%b5%d0%b6%d0%b5%d1%81%d1%82%d1%8c","status":"publish","type":"product","link":"https:\/\/www.gintaresgeles.lt\/ru\/puokste\/%d0%b1%d1%83%d0%ba%d0%b5%d1%82-%d1%82%d1%8e%d0%bb%d1%8c%d0%bf%d0%b0%d0%bd%d0%be%d0%b2-%d1%80%d0%be%d0%b7%d0%be%d0%b2%d0%b0%d1%8f-%d1%81%d0%b2%d0%b5%d0%b6%d0%b5%d1%81%d1%82%d1%8c\/","title":{"rendered":"\u0411\u0443\u043a\u0435\u0442 \u0442\u044e\u043b\u044c\u043f\u0430\u043d\u043e\u0432 &#171;\u0420\u043e\u0437\u043e\u0432\u0430\u044f \u0441\u0432\u0435\u0436\u0435\u0441\u0442\u044c&#187;"},"content":{"rendered":"","protected":false},"excerpt":{"rendered":"<p>\u0422\u044e\u043b\u044c\u043f\u0430\u043d\u044b \u2013 \u043e\u0434\u043d\u0438 \u0438\u0437 \u0441\u0430\u043c\u044b\u0445 \u043f\u043e\u043f\u0443\u043b\u044f\u0440\u043d\u044b\u0445 \u0446\u0432\u0435\u0442\u043e\u0432, \u043a\u043e\u0442\u043e\u0440\u044b\u0435 \u0434\u0430\u0440\u044f\u0442 \u0436\u0435\u043d\u0449\u0438\u043d\u0430\u043c \u0432 \u0442\u0435\u043f\u043b\u043e\u0435 \u0432\u0440\u0435\u043c\u044f \u0433\u043e\u0434\u0430. \u042d\u0442\u043e\u0442 \u0431\u0443\u043a\u0435\u0442 \u0443\u043d\u0438\u043a\u0430\u043b\u0435\u043d \u0441\u0432\u043e\u0438\u043c\u0438 \u044f\u0440\u043a\u0438\u043c\u0438 \u0446\u0432\u0435\u0442\u0430\u043c\u0438 \u0438 \u043e\u0441\u043e\u0431\u0435\u043d\u043d\u043e \u0447\u0443\u0434\u0435\u0441\u043d\u043e \u0441\u043c\u043e\u0442\u0440\u0438\u0442\u0441\u044f \u0432 \u043e\u0440\u0438\u0433\u0438\u043d\u0430\u043b\u044c\u043d\u043e\u0439 \u0443\u043f\u0430\u043a\u043e\u0432\u043a\u0435.<\/p>\n<p>\u041a\u043e\u043b\u0438\u0447\u0435\u0441\u0442\u0432\u043e \u0442\u044e\u043b\u044c\u043f\u0430\u043d\u043e\u0432 \u0432 \u0431\u0443\u043a\u0435\u0442\u0435 \u2013 41 \u0448\u0442.<\/p>\n","protected":false},"featured_media":51020,"template":"","meta":[],"product_brand":[],"product_cat":[975,1000,977,970,971,976,1363,972,965,967,966,968,973,1210,999,2180],"product_tag":[],"class_list":{"0":"post-51052","1":"product","2":"type-product","3":"status-publish","4":"has-post-thumbnail","6":"product_cat-14--","7":"product_cat-1000","8":"product_cat-977","9":"product_cat-970","10":"product_cat-971","11":"product_cat-976","12":"product_cat-cveti-8-marta","13":"product_cat-972","14":"product_cat-965","15":"product_cat-967","16":"product_cat-966","17":"product_cat-968","18":"product_cat-973","19":"product_cat-1210","20":"product_cat-999","21":"product_cat-2180","22":"tm-has-options","24":"first","25":"outofstock","26":"taxable","27":"shipping-taxable","28":"purchasable","29":"product-type-simple"},"yoast_head":"<!-- This site is optimized with the Yoast SEO plugin v25.3 - https:\/\/yoast.com\/wordpress\/plugins\/seo\/ -->\n<title>\u0411\u0443\u043a\u0435\u0442 \u0442\u044e\u043b\u044c\u043f\u0430\u043d\u043e\u0432 &quot;\u0420\u043e\u0437\u043e\u0432\u044b\u0439 \u0444\u0440\u0435\u0448&quot; | \u0414\u043e\u0441\u0442\u0430\u0432\u043a\u0430 \u0446\u0432\u0435\u0442\u043e\u0432 | Gintar\u0117sG\u0117l\u0117s<\/title>\n<meta name=\"description\" content=\"\u041f\u043e\u0440\u0430\u0434\u0443\u0439\u0442\u0435 \u043b\u044e\u0431\u0438\u043c\u0443\u044e \u0436\u0435\u043d\u0449\u0438\u043d\u0443 \u044d\u0442\u0438\u043c \u043f\u0440\u0435\u043a\u0440\u0430\u0441\u043d\u044b\u043c \u0431\u0443\u043a\u0435\u0442\u043e\u043c \u0442\u044e\u043b\u044c\u043f\u0430\u043d\u043e\u0432. \u042d\u0442\u043e\u0442 \u0431\u0443\u043a\u0435\u0442 \u0441\u043e\u0441\u0442\u043e\u0438\u0442 \u0438\u0437 \u043a\u0440\u0430\u0441\u0438\u0432\u043e \u0441\u043e\u0447\u0435\u0442\u0430\u044e\u0449\u0438\u0445\u0441\u044f \u0442\u044e\u043b\u044c\u043f\u0430\u043d\u043e\u0432 - \u0441\u0438\u0440\u0435\u043d\u0435\u0432\u043e\u0433\u043e \u0438 \u044f\u0440\u043a\u043e-\u0440\u043e\u0437\u043e\u0432\u043e\u0433\u043e.\" \/>\n<meta name=\"robots\" content=\"index, follow, max-snippet:-1, max-image-preview:large, max-video-preview:-1\" \/>\n<link rel=\"canonical\" href=\"https:\/\/www.gintaresgeles.lt\/ru\/puokste\/%d0%b1%d1%83%d0%ba%d0%b5%d1%82-%d1%82%d1%8e%d0%bb%d1%8c%d0%bf%d0%b0%d0%bd%d0%be%d0%b2-%d1%80%d0%be%d0%b7%d0%be%d0%b2%d0%b0%d1%8f-%d1%81%d0%b2%d0%b5%d0%b6%d0%b5%d1%81%d1%82%d1%8c\/\" \/>\n<meta property=\"og:locale\" content=\"ru_RU\" \/>\n<meta property=\"og:type\" content=\"article\" \/>\n<meta property=\"og:title\" content=\"\u0411\u0443\u043a\u0435\u0442 \u0442\u044e\u043b\u044c\u043f\u0430\u043d\u043e\u0432 &quot;\u0420\u043e\u0437\u043e\u0432\u044b\u0439 \u0444\u0440\u0435\u0448&quot; | \u0414\u043e\u0441\u0442\u0430\u0432\u043a\u0430 \u0446\u0432\u0435\u0442\u043e\u0432 | Gintar\u0117sG\u0117l\u0117s\" \/>\n<meta property=\"og:description\" content=\"\u041f\u043e\u0440\u0430\u0434\u0443\u0439\u0442\u0435 \u043b\u044e\u0431\u0438\u043c\u0443\u044e \u0436\u0435\u043d\u0449\u0438\u043d\u0443 \u044d\u0442\u0438\u043c \u043f\u0440\u0435\u043a\u0440\u0430\u0441\u043d\u044b\u043c \u0431\u0443\u043a\u0435\u0442\u043e\u043c \u0442\u044e\u043b\u044c\u043f\u0430\u043d\u043e\u0432. \u042d\u0442\u043e\u0442 \u0431\u0443\u043a\u0435\u0442 \u0441\u043e\u0441\u0442\u043e\u0438\u0442 \u0438\u0437 \u043a\u0440\u0430\u0441\u0438\u0432\u043e \u0441\u043e\u0447\u0435\u0442\u0430\u044e\u0449\u0438\u0445\u0441\u044f \u0442\u044e\u043b\u044c\u043f\u0430\u043d\u043e\u0432 - \u0441\u0438\u0440\u0435\u043d\u0435\u0432\u043e\u0433\u043e \u0438 \u044f\u0440\u043a\u043e-\u0440\u043e\u0437\u043e\u0432\u043e\u0433\u043e.\" \/>\n<meta property=\"og:url\" content=\"https:\/\/www.gintaresgeles.lt\/ru\/puokste\/%d0%b1%d1%83%d0%ba%d0%b5%d1%82-%d1%82%d1%8e%d0%bb%d1%8c%d0%bf%d0%b0%d0%bd%d0%be%d0%b2-%d1%80%d0%be%d0%b7%d0%be%d0%b2%d0%b0%d1%8f-%d1%81%d0%b2%d0%b5%d0%b6%d0%b5%d1%81%d1%82%d1%8c\/\" \/>\n<meta property=\"og:site_name\" content=\"gintaresgeles.lt\" \/>\n<meta property=\"article:modified_time\" content=\"2025-05-28T23:59:08+00:00\" \/>\n<meta property=\"og:image\" content=\"https:\/\/www.gintaresgeles.lt\/wp-content\/uploads\/2024\/03\/ryskiai-roziniu-ir-alyviniu-tulpiu-puokste-merginai.jpg\" \/>\n\t<meta property=\"og:image:width\" content=\"1200\" \/>\n\t<meta property=\"og:image:height\" content=\"1200\" \/>\n\t<meta property=\"og:image:type\" content=\"image\/jpeg\" \/>\n<meta name=\"twitter:card\" content=\"summary_large_image\" \/>\n<script type=\"application\/ld+json\" class=\"yoast-schema-graph\">{\"@context\":\"https:\/\/schema.org\",\"@graph\":[{\"@type\":\"WebPage\",\"@id\":\"https:\/\/www.gintaresgeles.lt\/ru\/puokste\/%d0%b1%d1%83%d0%ba%d0%b5%d1%82-%d1%82%d1%8e%d0%bb%d1%8c%d0%bf%d0%b0%d0%bd%d0%be%d0%b2-%d1%80%d0%be%d0%b7%d0%be%d0%b2%d0%b0%d1%8f-%d1%81%d0%b2%d0%b5%d0%b6%d0%b5%d1%81%d1%82%d1%8c\/\",\"url\":\"https:\/\/www.gintaresgeles.lt\/ru\/puokste\/%d0%b1%d1%83%d0%ba%d0%b5%d1%82-%d1%82%d1%8e%d0%bb%d1%8c%d0%bf%d0%b0%d0%bd%d0%be%d0%b2-%d1%80%d0%be%d0%b7%d0%be%d0%b2%d0%b0%d1%8f-%d1%81%d0%b2%d0%b5%d0%b6%d0%b5%d1%81%d1%82%d1%8c\/\",\"name\":\"\u0411\u0443\u043a\u0435\u0442 \u0442\u044e\u043b\u044c\u043f\u0430\u043d\u043e\u0432 \\\"\u0420\u043e\u0437\u043e\u0432\u044b\u0439 \u0444\u0440\u0435\u0448\\\" | \u0414\u043e\u0441\u0442\u0430\u0432\u043a\u0430 \u0446\u0432\u0435\u0442\u043e\u0432 | Gintar\u0117sG\u0117l\u0117s\",\"isPartOf\":{\"@id\":\"https:\/\/www.gintaresgeles.lt\/ru\/#website\"},\"primaryImageOfPage\":{\"@id\":\"https:\/\/www.gintaresgeles.lt\/ru\/puokste\/%d0%b1%d1%83%d0%ba%d0%b5%d1%82-%d1%82%d1%8e%d0%bb%d1%8c%d0%bf%d0%b0%d0%bd%d0%be%d0%b2-%d1%80%d0%be%d0%b7%d0%be%d0%b2%d0%b0%d1%8f-%d1%81%d0%b2%d0%b5%d0%b6%d0%b5%d1%81%d1%82%d1%8c\/#primaryimage\"},\"image\":{\"@id\":\"https:\/\/www.gintaresgeles.lt\/ru\/puokste\/%d0%b1%d1%83%d0%ba%d0%b5%d1%82-%d1%82%d1%8e%d0%bb%d1%8c%d0%bf%d0%b0%d0%bd%d0%be%d0%b2-%d1%80%d0%be%d0%b7%d0%be%d0%b2%d0%b0%d1%8f-%d1%81%d0%b2%d0%b5%d0%b6%d0%b5%d1%81%d1%82%d1%8c\/#primaryimage\"},\"thumbnailUrl\":\"https:\/\/www.gintaresgeles.lt\/wp-content\/uploads\/2024\/03\/ryskiai-roziniu-ir-alyviniu-tulpiu-puokste-merginai.jpg\",\"datePublished\":\"2024-03-03T20:39:34+00:00\",\"dateModified\":\"2025-05-28T23:59:08+00:00\",\"description\":\"\u041f\u043e\u0440\u0430\u0434\u0443\u0439\u0442\u0435 \u043b\u044e\u0431\u0438\u043c\u0443\u044e \u0436\u0435\u043d\u0449\u0438\u043d\u0443 \u044d\u0442\u0438\u043c \u043f\u0440\u0435\u043a\u0440\u0430\u0441\u043d\u044b\u043c \u0431\u0443\u043a\u0435\u0442\u043e\u043c \u0442\u044e\u043b\u044c\u043f\u0430\u043d\u043e\u0432. \u042d\u0442\u043e\u0442 \u0431\u0443\u043a\u0435\u0442 \u0441\u043e\u0441\u0442\u043e\u0438\u0442 \u0438\u0437 \u043a\u0440\u0430\u0441\u0438\u0432\u043e \u0441\u043e\u0447\u0435\u0442\u0430\u044e\u0449\u0438\u0445\u0441\u044f \u0442\u044e\u043b\u044c\u043f\u0430\u043d\u043e\u0432 - \u0441\u0438\u0440\u0435\u043d\u0435\u0432\u043e\u0433\u043e \u0438 \u044f\u0440\u043a\u043e-\u0440\u043e\u0437\u043e\u0432\u043e\u0433\u043e.\",\"breadcrumb\":{\"@id\":\"https:\/\/www.gintaresgeles.lt\/ru\/puokste\/%d0%b1%d1%83%d0%ba%d0%b5%d1%82-%d1%82%d1%8e%d0%bb%d1%8c%d0%bf%d0%b0%d0%bd%d0%be%d0%b2-%d1%80%d0%be%d0%b7%d0%be%d0%b2%d0%b0%d1%8f-%d1%81%d0%b2%d0%b5%d0%b6%d0%b5%d1%81%d1%82%d1%8c\/#breadcrumb\"},\"inLanguage\":\"ru-RU\",\"potentialAction\":[{\"@type\":\"ReadAction\",\"target\":[\"https:\/\/www.gintaresgeles.lt\/ru\/puokste\/%d0%b1%d1%83%d0%ba%d0%b5%d1%82-%d1%82%d1%8e%d0%bb%d1%8c%d0%bf%d0%b0%d0%bd%d0%be%d0%b2-%d1%80%d0%be%d0%b7%d0%be%d0%b2%d0%b0%d1%8f-%d1%81%d0%b2%d0%b5%d0%b6%d0%b5%d1%81%d1%82%d1%8c\/\"]}]},{\"@type\":\"ImageObject\",\"inLanguage\":\"ru-RU\",\"@id\":\"https:\/\/www.gintaresgeles.lt\/ru\/puokste\/%d0%b1%d1%83%d0%ba%d0%b5%d1%82-%d1%82%d1%8e%d0%bb%d1%8c%d0%bf%d0%b0%d0%bd%d0%be%d0%b2-%d1%80%d0%be%d0%b7%d0%be%d0%b2%d0%b0%d1%8f-%d1%81%d0%b2%d0%b5%d0%b6%d0%b5%d1%81%d1%82%d1%8c\/#primaryimage\",\"url\":\"https:\/\/www.gintaresgeles.lt\/wp-content\/uploads\/2024\/03\/ryskiai-roziniu-ir-alyviniu-tulpiu-puokste-merginai.jpg\",\"contentUrl\":\"https:\/\/www.gintaresgeles.lt\/wp-content\/uploads\/2024\/03\/ryskiai-roziniu-ir-alyviniu-tulpiu-puokste-merginai.jpg\",\"width\":1200,\"height\":1200,\"caption\":\"Alyvin\u0117s ir ry\u0161kiai ro\u017ein\u0117s spalvos tulp\u0117s puok\u0161t\u0117je pavasario g\u0117l\u0117s\"},{\"@type\":\"BreadcrumbList\",\"@id\":\"https:\/\/www.gintaresgeles.lt\/ru\/puokste\/%d0%b1%d1%83%d0%ba%d0%b5%d1%82-%d1%82%d1%8e%d0%bb%d1%8c%d0%bf%d0%b0%d0%bd%d0%be%d0%b2-%d1%80%d0%be%d0%b7%d0%be%d0%b2%d0%b0%d1%8f-%d1%81%d0%b2%d0%b5%d0%b6%d0%b5%d1%81%d1%82%d1%8c\/#breadcrumb\",\"itemListElement\":[{\"@type\":\"ListItem\",\"position\":1,\"name\":\"Prad\u017eia\",\"item\":\"https:\/\/www.gintaresgeles.lt\/ru\/\"},{\"@type\":\"ListItem\",\"position\":2,\"name\":\"\u0412\u0441\u0435 \u0446\u0432\u0435\u0442\u044b \u0438 \u0434\u0440\u0443\u0433\u0438\u0435 \u043f\u0440\u043e\u0434\u0443\u043a\u0442\u044b\",\"item\":\"https:\/\/www.gintaresgeles.lt\/ru\/vse-cvety-i-drugie-produkty\/\"},{\"@type\":\"ListItem\",\"position\":3,\"name\":\"\u0411\u0443\u043a\u0435\u0442 \u0442\u044e\u043b\u044c\u043f\u0430\u043d\u043e\u0432 &#8222;\u0420\u043e\u0437\u043e\u0432\u0430\u044f \u0441\u0432\u0435\u0436\u0435\u0441\u0442\u044c&#8221;\"}]},{\"@type\":\"WebSite\",\"@id\":\"https:\/\/www.gintaresgeles.lt\/ru\/#website\",\"url\":\"https:\/\/www.gintaresgeles.lt\/ru\/\",\"name\":\"gintaresgeles.lt\",\"description\":\"G\u0117li\u0173 parduotuv\u0117 internete\",\"potentialAction\":[{\"@type\":\"SearchAction\",\"target\":{\"@type\":\"EntryPoint\",\"urlTemplate\":\"https:\/\/www.gintaresgeles.lt\/ru\/?s={search_term_string}\"},\"query-input\":{\"@type\":\"PropertyValueSpecification\",\"valueRequired\":true,\"valueName\":\"search_term_string\"}}],\"inLanguage\":\"ru-RU\"}]}<\/script>\n<!-- \/ Yoast SEO plugin. -->","yoast_head_json":{"title":"\u0411\u0443\u043a\u0435\u0442 \u0442\u044e\u043b\u044c\u043f\u0430\u043d\u043e\u0432 \"\u0420\u043e\u0437\u043e\u0432\u044b\u0439 \u0444\u0440\u0435\u0448\" | \u0414\u043e\u0441\u0442\u0430\u0432\u043a\u0430 \u0446\u0432\u0435\u0442\u043e\u0432 | Gintar\u0117sG\u0117l\u0117s","description":"\u041f\u043e\u0440\u0430\u0434\u0443\u0439\u0442\u0435 \u043b\u044e\u0431\u0438\u043c\u0443\u044e \u0436\u0435\u043d\u0449\u0438\u043d\u0443 \u044d\u0442\u0438\u043c \u043f\u0440\u0435\u043a\u0440\u0430\u0441\u043d\u044b\u043c \u0431\u0443\u043a\u0435\u0442\u043e\u043c \u0442\u044e\u043b\u044c\u043f\u0430\u043d\u043e\u0432. \u042d\u0442\u043e\u0442 \u0431\u0443\u043a\u0435\u0442 \u0441\u043e\u0441\u0442\u043e\u0438\u0442 \u0438\u0437 \u043a\u0440\u0430\u0441\u0438\u0432\u043e \u0441\u043e\u0447\u0435\u0442\u0430\u044e\u0449\u0438\u0445\u0441\u044f \u0442\u044e\u043b\u044c\u043f\u0430\u043d\u043e\u0432 - \u0441\u0438\u0440\u0435\u043d\u0435\u0432\u043e\u0433\u043e \u0438 \u044f\u0440\u043a\u043e-\u0440\u043e\u0437\u043e\u0432\u043e\u0433\u043e.","robots":{"index":"index","follow":"follow","max-snippet":"max-snippet:-1","max-image-preview":"max-image-preview:large","max-video-preview":"max-video-preview:-1"},"canonical":"https:\/\/www.gintaresgeles.lt\/ru\/puokste\/%d0%b1%d1%83%d0%ba%d0%b5%d1%82-%d1%82%d1%8e%d0%bb%d1%8c%d0%bf%d0%b0%d0%bd%d0%be%d0%b2-%d1%80%d0%be%d0%b7%d0%be%d0%b2%d0%b0%d1%8f-%d1%81%d0%b2%d0%b5%d0%b6%d0%b5%d1%81%d1%82%d1%8c\/","og_locale":"ru_RU","og_type":"article","og_title":"\u0411\u0443\u043a\u0435\u0442 \u0442\u044e\u043b\u044c\u043f\u0430\u043d\u043e\u0432 \"\u0420\u043e\u0437\u043e\u0432\u044b\u0439 \u0444\u0440\u0435\u0448\" | \u0414\u043e\u0441\u0442\u0430\u0432\u043a\u0430 \u0446\u0432\u0435\u0442\u043e\u0432 | Gintar\u0117sG\u0117l\u0117s","og_description":"\u041f\u043e\u0440\u0430\u0434\u0443\u0439\u0442\u0435 \u043b\u044e\u0431\u0438\u043c\u0443\u044e \u0436\u0435\u043d\u0449\u0438\u043d\u0443 \u044d\u0442\u0438\u043c \u043f\u0440\u0435\u043a\u0440\u0430\u0441\u043d\u044b\u043c \u0431\u0443\u043a\u0435\u0442\u043e\u043c \u0442\u044e\u043b\u044c\u043f\u0430\u043d\u043e\u0432. \u042d\u0442\u043e\u0442 \u0431\u0443\u043a\u0435\u0442 \u0441\u043e\u0441\u0442\u043e\u0438\u0442 \u0438\u0437 \u043a\u0440\u0430\u0441\u0438\u0432\u043e \u0441\u043e\u0447\u0435\u0442\u0430\u044e\u0449\u0438\u0445\u0441\u044f \u0442\u044e\u043b\u044c\u043f\u0430\u043d\u043e\u0432 - \u0441\u0438\u0440\u0435\u043d\u0435\u0432\u043e\u0433\u043e \u0438 \u044f\u0440\u043a\u043e-\u0440\u043e\u0437\u043e\u0432\u043e\u0433\u043e.","og_url":"https:\/\/www.gintaresgeles.lt\/ru\/puokste\/%d0%b1%d1%83%d0%ba%d0%b5%d1%82-%d1%82%d1%8e%d0%bb%d1%8c%d0%bf%d0%b0%d0%bd%d0%be%d0%b2-%d1%80%d0%be%d0%b7%d0%be%d0%b2%d0%b0%d1%8f-%d1%81%d0%b2%d0%b5%d0%b6%d0%b5%d1%81%d1%82%d1%8c\/","og_site_name":"gintaresgeles.lt","article_modified_time":"2025-05-28T23:59:08+00:00","og_image":[{"width":1200,"height":1200,"url":"https:\/\/www.gintaresgeles.lt\/wp-content\/uploads\/2024\/03\/ryskiai-roziniu-ir-alyviniu-tulpiu-puokste-merginai.jpg","type":"image\/jpeg"}],"twitter_card":"summary_large_image","schema":{"@context":"https:\/\/schema.org","@graph":[{"@type":"WebPage","@id":"https:\/\/www.gintaresgeles.lt\/ru\/puokste\/%d0%b1%d1%83%d0%ba%d0%b5%d1%82-%d1%82%d1%8e%d0%bb%d1%8c%d0%bf%d0%b0%d0%bd%d0%be%d0%b2-%d1%80%d0%be%d0%b7%d0%be%d0%b2%d0%b0%d1%8f-%d1%81%d0%b2%d0%b5%d0%b6%d0%b5%d1%81%d1%82%d1%8c\/","url":"https:\/\/www.gintaresgeles.lt\/ru\/puokste\/%d0%b1%d1%83%d0%ba%d0%b5%d1%82-%d1%82%d1%8e%d0%bb%d1%8c%d0%bf%d0%b0%d0%bd%d0%be%d0%b2-%d1%80%d0%be%d0%b7%d0%be%d0%b2%d0%b0%d1%8f-%d1%81%d0%b2%d0%b5%d0%b6%d0%b5%d1%81%d1%82%d1%8c\/","name":"\u0411\u0443\u043a\u0435\u0442 \u0442\u044e\u043b\u044c\u043f\u0430\u043d\u043e\u0432 \"\u0420\u043e\u0437\u043e\u0432\u044b\u0439 \u0444\u0440\u0435\u0448\" | \u0414\u043e\u0441\u0442\u0430\u0432\u043a\u0430 \u0446\u0432\u0435\u0442\u043e\u0432 | Gintar\u0117sG\u0117l\u0117s","isPartOf":{"@id":"https:\/\/www.gintaresgeles.lt\/ru\/#website"},"primaryImageOfPage":{"@id":"https:\/\/www.gintaresgeles.lt\/ru\/puokste\/%d0%b1%d1%83%d0%ba%d0%b5%d1%82-%d1%82%d1%8e%d0%bb%d1%8c%d0%bf%d0%b0%d0%bd%d0%be%d0%b2-%d1%80%d0%be%d0%b7%d0%be%d0%b2%d0%b0%d1%8f-%d1%81%d0%b2%d0%b5%d0%b6%d0%b5%d1%81%d1%82%d1%8c\/#primaryimage"},"image":{"@id":"https:\/\/www.gintaresgeles.lt\/ru\/puokste\/%d0%b1%d1%83%d0%ba%d0%b5%d1%82-%d1%82%d1%8e%d0%bb%d1%8c%d0%bf%d0%b0%d0%bd%d0%be%d0%b2-%d1%80%d0%be%d0%b7%d0%be%d0%b2%d0%b0%d1%8f-%d1%81%d0%b2%d0%b5%d0%b6%d0%b5%d1%81%d1%82%d1%8c\/#primaryimage"},"thumbnailUrl":"https:\/\/www.gintaresgeles.lt\/wp-content\/uploads\/2024\/03\/ryskiai-roziniu-ir-alyviniu-tulpiu-puokste-merginai.jpg","datePublished":"2024-03-03T20:39:34+00:00","dateModified":"2025-05-28T23:59:08+00:00","description":"\u041f\u043e\u0440\u0430\u0434\u0443\u0439\u0442\u0435 \u043b\u044e\u0431\u0438\u043c\u0443\u044e \u0436\u0435\u043d\u0449\u0438\u043d\u0443 \u044d\u0442\u0438\u043c \u043f\u0440\u0435\u043a\u0440\u0430\u0441\u043d\u044b\u043c \u0431\u0443\u043a\u0435\u0442\u043e\u043c \u0442\u044e\u043b\u044c\u043f\u0430\u043d\u043e\u0432. \u042d\u0442\u043e\u0442 \u0431\u0443\u043a\u0435\u0442 \u0441\u043e\u0441\u0442\u043e\u0438\u0442 \u0438\u0437 \u043a\u0440\u0430\u0441\u0438\u0432\u043e \u0441\u043e\u0447\u0435\u0442\u0430\u044e\u0449\u0438\u0445\u0441\u044f \u0442\u044e\u043b\u044c\u043f\u0430\u043d\u043e\u0432 - \u0441\u0438\u0440\u0435\u043d\u0435\u0432\u043e\u0433\u043e \u0438 \u044f\u0440\u043a\u043e-\u0440\u043e\u0437\u043e\u0432\u043e\u0433\u043e.","breadcrumb":{"@id":"https:\/\/www.gintaresgeles.lt\/ru\/puokste\/%d0%b1%d1%83%d0%ba%d0%b5%d1%82-%d1%82%d1%8e%d0%bb%d1%8c%d0%bf%d0%b0%d0%bd%d0%be%d0%b2-%d1%80%d0%be%d0%b7%d0%be%d0%b2%d0%b0%d1%8f-%d1%81%d0%b2%d0%b5%d0%b6%d0%b5%d1%81%d1%82%d1%8c\/#breadcrumb"},"inLanguage":"ru-RU","potentialAction":[{"@type":"ReadAction","target":["https:\/\/www.gintaresgeles.lt\/ru\/puokste\/%d0%b1%d1%83%d0%ba%d0%b5%d1%82-%d1%82%d1%8e%d0%bb%d1%8c%d0%bf%d0%b0%d0%bd%d0%be%d0%b2-%d1%80%d0%be%d0%b7%d0%be%d0%b2%d0%b0%d1%8f-%d1%81%d0%b2%d0%b5%d0%b6%d0%b5%d1%81%d1%82%d1%8c\/"]}]},{"@type":"ImageObject","inLanguage":"ru-RU","@id":"https:\/\/www.gintaresgeles.lt\/ru\/puokste\/%d0%b1%d1%83%d0%ba%d0%b5%d1%82-%d1%82%d1%8e%d0%bb%d1%8c%d0%bf%d0%b0%d0%bd%d0%be%d0%b2-%d1%80%d0%be%d0%b7%d0%be%d0%b2%d0%b0%d1%8f-%d1%81%d0%b2%d0%b5%d0%b6%d0%b5%d1%81%d1%82%d1%8c\/#primaryimage","url":"https:\/\/www.gintaresgeles.lt\/wp-content\/uploads\/2024\/03\/ryskiai-roziniu-ir-alyviniu-tulpiu-puokste-merginai.jpg","contentUrl":"https:\/\/www.gintaresgeles.lt\/wp-content\/uploads\/2024\/03\/ryskiai-roziniu-ir-alyviniu-tulpiu-puokste-merginai.jpg","width":1200,"height":1200,"caption":"Alyvin\u0117s ir ry\u0161kiai ro\u017ein\u0117s spalvos tulp\u0117s puok\u0161t\u0117je pavasario g\u0117l\u0117s"},{"@type":"BreadcrumbList","@id":"https:\/\/www.gintaresgeles.lt\/ru\/puokste\/%d0%b1%d1%83%d0%ba%d0%b5%d1%82-%d1%82%d1%8e%d0%bb%d1%8c%d0%bf%d0%b0%d0%bd%d0%be%d0%b2-%d1%80%d0%be%d0%b7%d0%be%d0%b2%d0%b0%d1%8f-%d1%81%d0%b2%d0%b5%d0%b6%d0%b5%d1%81%d1%82%d1%8c\/#breadcrumb","itemListElement":[{"@type":"ListItem","position":1,"name":"Prad\u017eia","item":"https:\/\/www.gintaresgeles.lt\/ru\/"},{"@type":"ListItem","position":2,"name":"\u0412\u0441\u0435 \u0446\u0432\u0435\u0442\u044b \u0438 \u0434\u0440\u0443\u0433\u0438\u0435 \u043f\u0440\u043e\u0434\u0443\u043a\u0442\u044b","item":"https:\/\/www.gintaresgeles.lt\/ru\/vse-cvety-i-drugie-produkty\/"},{"@type":"ListItem","position":3,"name":"\u0411\u0443\u043a\u0435\u0442 \u0442\u044e\u043b\u044c\u043f\u0430\u043d\u043e\u0432 &#8222;\u0420\u043e\u0437\u043e\u0432\u0430\u044f \u0441\u0432\u0435\u0436\u0435\u0441\u0442\u044c&#8221;"}]},{"@type":"WebSite","@id":"https:\/\/www.gintaresgeles.lt\/ru\/#website","url":"https:\/\/www.gintaresgeles.lt\/ru\/","name":"gintaresgeles.lt","description":"G\u0117li\u0173 parduotuv\u0117 internete","potentialAction":[{"@type":"SearchAction","target":{"@type":"EntryPoint","urlTemplate":"https:\/\/www.gintaresgeles.lt\/ru\/?s={search_term_string}"},"query-input":{"@type":"PropertyValueSpecification","valueRequired":true,"valueName":"search_term_string"}}],"inLanguage":"ru-RU"}]}},"_links":{"self":[{"href":"https:\/\/www.gintaresgeles.lt\/ru\/wp-json\/wp\/v2\/product\/51052","targetHints":{"allow":["GET"]}}],"collection":[{"href":"https:\/\/www.gintaresgeles.lt\/ru\/wp-json\/wp\/v2\/product"}],"about":[{"href":"https:\/\/www.gintaresgeles.lt\/ru\/wp-json\/wp\/v2\/types\/product"}],"wp:featuredmedia":[{"embeddable":true,"href":"https:\/\/www.gintaresgeles.lt\/ru\/wp-json\/wp\/v2\/media\/51020"}],"wp:attachment":[{"href":"https:\/\/www.gintaresgeles.lt\/ru\/wp-json\/wp\/v2\/media?parent=51052"}],"wp:term":[{"taxonomy":"product_brand","embeddable":true,"href":"https:\/\/www.gintaresgeles.lt\/ru\/wp-json\/wp\/v2\/product_brand?post=51052"},{"taxonomy":"product_cat","embeddable":true,"href":"https:\/\/www.gintaresgeles.lt\/ru\/wp-json\/wp\/v2\/product_cat?post=51052"},{"taxonomy":"product_tag","embeddable":true,"href":"https:\/\/www.gintaresgeles.lt\/ru\/wp-json\/wp\/v2\/product_tag?post=51052"}],"curies":[{"name":"wp","href":"https:\/\/api.w.org\/{rel}","templated":true}]}}