{"id":54132,"date":"2025-01-04T11:01:45","date_gmt":"2025-01-04T09:01:45","guid":{"rendered":"https:\/\/www.gintaresgeles.lt\/puokste\/%d0%ba%d0%be%d1%80%d0%be%d0%b1%d0%ba%d0%b0-%d1%80%d0%be%d0%b7%d0%be%d0%b2%d1%8b%d1%85-%d0%b8-%d1%84%d0%b8%d0%be%d0%bb%d0%b5%d1%82%d0%be%d0%b2%d1%8b%d1%85-%d1%80%d0%be%d0%b7\/"},"modified":"2026-02-11T20:21:45","modified_gmt":"2026-02-11T18:21:45","slug":"%d0%ba%d0%be%d1%80%d0%be%d0%b1%d0%ba%d0%b0-%d1%80%d0%be%d0%b7%d0%be%d0%b2%d1%8b%d1%85-%d0%b8-%d1%84%d0%b8%d0%be%d0%bb%d0%b5%d1%82%d0%be%d0%b2%d1%8b%d1%85-%d1%80%d0%be%d0%b7","status":"publish","type":"product","link":"https:\/\/www.gintaresgeles.lt\/ru\/puokste\/%d0%ba%d0%be%d1%80%d0%be%d0%b1%d0%ba%d0%b0-%d1%80%d0%be%d0%b7%d0%be%d0%b2%d1%8b%d1%85-%d0%b8-%d1%84%d0%b8%d0%be%d0%bb%d0%b5%d1%82%d0%be%d0%b2%d1%8b%d1%85-%d1%80%d0%be%d0%b7\/","title":{"rendered":"\u041a\u043e\u0440\u043e\u0431\u043a\u0430 \u0440\u043e\u0437\u043e\u0432\u044b\u0445 \u0438 \u0444\u0438\u043e\u043b\u0435\u0442\u043e\u0432\u044b\u0445 \u0440\u043e\u0437"},"content":{"rendered":"","protected":false},"excerpt":{"rendered":"<p>\u041a\u043e\u0440\u043e\u0431\u043a\u0430 \u0441\u043e\u0441\u0442\u043e\u0438\u0442 \u0438\u0437 \u043d\u0435\u0436\u043d\u043e-\u0440\u043e\u0437\u043e\u0432\u044b\u0445 \u0438 \u0441\u0432\u0435\u0442\u043b\u043e-\u0444\u0438\u043e\u043b\u0435\u0442\u043e\u0432\u044b\u0445 \u0440\u043e\u0437, \u043a\u043e\u0442\u043e\u0440\u044b\u0435 \u0441\u043e\u0437\u0434\u0430\u044e\u0442 \u0433\u0430\u0440\u043c\u043e\u043d\u0438\u0447\u043d\u043e\u0435 \u0438 \u044d\u0441\u0442\u0435\u0442\u0438\u0447\u0435\u0441\u043a\u0438 \u043f\u0440\u0438\u0432\u043b\u0435\u043a\u0430\u0442\u0435\u043b\u044c\u043d\u043e\u0435 \u0441\u043e\u0447\u0435\u0442\u0430\u043d\u0438\u0435. \u041e\u0442\u043b\u0438\u0447\u043d\u044b\u0439 \u0432\u044b\u0431\u043e\u0440 \u0434\u043b\u044f \u043e\u0441\u043e\u0431\u044b\u0445 \u0441\u043b\u0443\u0447\u0430\u0435\u0432, \u0442\u0430\u043a\u0438\u0445 \u043a\u0430\u043a \u0434\u043d\u0438 \u0440\u043e\u0436\u0434\u0435\u043d\u0438\u044f, \u044e\u0431\u0438\u043b\u0435\u0438, \u0441\u0432\u0430\u0434\u044c\u0431\u044b \u0438\u043b\u0438 \u043f\u0440\u043e\u0441\u0442\u043e \u0434\u043b\u044f \u0442\u043e\u0433\u043e, \u0447\u0442\u043e\u0431\u044b \u0432\u044b\u0440\u0430\u0437\u0438\u0442\u044c \u0441\u0432\u043e\u044e \u043b\u044e\u0431\u043e\u0432\u044c \u0438 \u043f\u0440\u0438\u0437\u043d\u0430\u0442\u0435\u043b\u044c\u043d\u043e\u0441\u0442\u044c. \u041f\u0443\u0441\u0442\u044c \u044d\u0442\u0430 \u044d\u043b\u0435\u0433\u0430\u043d\u0442\u043d\u0430\u044f \u0446\u0432\u0435\u0442\u043e\u0447\u043d\u0430\u044f \u043a\u043e\u0440\u043e\u0431\u043a\u0430 \u0443\u043a\u0440\u0430\u0441\u0438\u0442 \u0434\u0435\u043d\u044c \u0432\u0430\u0448\u0435\u0433\u043e \u043b\u044e\u0431\u0438\u043c\u043e\u0433\u043e \u0447\u0435\u043b\u043e\u0432\u0435\u043a\u0430!<\/p>\n","protected":false},"featured_media":53617,"template":"","meta":[],"product_brand":[],"product_cat":[975,977,1005,1002,970,971,976,2181,1363,972,2182,965,967,966,968,973,964,963],"product_tag":[],"class_list":{"0":"post-54132","1":"product","2":"type-product","3":"status-publish","4":"has-post-thumbnail","6":"product_cat-14--","7":"product_cat-977","8":"product_cat-1005","9":"product_cat-1002","10":"product_cat-970","11":"product_cat-971","12":"product_cat-976","13":"product_cat-2181","14":"product_cat-cveti-8-marta","15":"product_cat-972","16":"product_cat-2182","17":"product_cat-965","18":"product_cat-967","19":"product_cat-966","20":"product_cat-968","21":"product_cat-973","22":"product_cat-964","23":"product_cat-963","24":"tm-no-options","26":"first","27":"instock","28":"taxable","29":"shipping-taxable","30":"purchasable","31":"product-type-variable"},"yoast_head":"<!-- This site is optimized with the Yoast SEO plugin v25.3 - https:\/\/yoast.com\/wordpress\/plugins\/seo\/ -->\n<title>\u041a\u043e\u0440\u043e\u0431\u043a\u0430 \u0440\u043e\u0437\u043e\u0432\u044b\u0445 \u0438 \u0444\u0438\u043e\u043b\u0435\u0442\u043e\u0432\u044b\u0445 \u0440\u043e\u0437 | Ro\u017e\u0117s d\u0117\u017eut\u0117je | Gintar\u0117s G\u0117l\u0117s<\/title>\n<meta name=\"description\" content=\"\u041a\u043e\u0440\u043e\u0431\u043a\u0430 \u0438\u0437\u0433\u043e\u0442\u043e\u0432\u043b\u0435\u043d\u0430 \u200b\u200b\u0438\u0437 \u043d\u0435\u0436\u043d\u043e-\u0440\u043e\u0437\u043e\u0432\u044b\u0445 \u0438 \u0441\u0432\u0435\u0442\u043b\u043e-\u0444\u0438\u043e\u043b\u0435\u0442\u043e\u0432\u044b\u0445 \u0440\u043e\u0437 \u0438 \u0441\u0442\u0430\u043d\u0435\u0442 \u043f\u0440\u0435\u043a\u0440\u0430\u0441\u043d\u044b\u043c \u0432\u044b\u0431\u043e\u0440\u043e\u043c \u0434\u043b\u044f \u043e\u0441\u043e\u0431\u044b\u0445 \u0441\u043b\u0443\u0447\u0430\u0435\u0432 \u0438\u043b\u0438 \u0432 \u043a\u0430\u0447\u0435\u0441\u0442\u0432\u0435 \u043f\u043e\u0434\u0430\u0440\u043a\u0430 \u0431\u043b\u0438\u0437\u043a\u043e\u043c\u0443 \u0447\u0435\u043b\u043e\u0432\u0435\u043a\u0443.\" \/>\n<meta name=\"robots\" content=\"index, follow, max-snippet:-1, max-image-preview:large, max-video-preview:-1\" \/>\n<link rel=\"canonical\" href=\"https:\/\/www.gintaresgeles.lt\/ru\/puokste\/%d0%ba%d0%be%d1%80%d0%be%d0%b1%d0%ba%d0%b0-%d1%80%d0%be%d0%b7%d0%be%d0%b2%d1%8b%d1%85-%d0%b8-%d1%84%d0%b8%d0%be%d0%bb%d0%b5%d1%82%d0%be%d0%b2%d1%8b%d1%85-%d1%80%d0%be%d0%b7\/\" \/>\n<meta property=\"og:locale\" content=\"ru_RU\" \/>\n<meta property=\"og:type\" content=\"article\" \/>\n<meta property=\"og:title\" content=\"\u041a\u043e\u0440\u043e\u0431\u043a\u0430 \u0440\u043e\u0437\u043e\u0432\u044b\u0445 \u0438 \u0444\u0438\u043e\u043b\u0435\u0442\u043e\u0432\u044b\u0445 \u0440\u043e\u0437 | Ro\u017e\u0117s d\u0117\u017eut\u0117je | Gintar\u0117s G\u0117l\u0117s\" \/>\n<meta property=\"og:description\" content=\"\u041a\u043e\u0440\u043e\u0431\u043a\u0430 \u0438\u0437\u0433\u043e\u0442\u043e\u0432\u043b\u0435\u043d\u0430 \u200b\u200b\u0438\u0437 \u043d\u0435\u0436\u043d\u043e-\u0440\u043e\u0437\u043e\u0432\u044b\u0445 \u0438 \u0441\u0432\u0435\u0442\u043b\u043e-\u0444\u0438\u043e\u043b\u0435\u0442\u043e\u0432\u044b\u0445 \u0440\u043e\u0437 \u0438 \u0441\u0442\u0430\u043d\u0435\u0442 \u043f\u0440\u0435\u043a\u0440\u0430\u0441\u043d\u044b\u043c \u0432\u044b\u0431\u043e\u0440\u043e\u043c \u0434\u043b\u044f \u043e\u0441\u043e\u0431\u044b\u0445 \u0441\u043b\u0443\u0447\u0430\u0435\u0432 \u0438\u043b\u0438 \u0432 \u043a\u0430\u0447\u0435\u0441\u0442\u0432\u0435 \u043f\u043e\u0434\u0430\u0440\u043a\u0430 \u0431\u043b\u0438\u0437\u043a\u043e\u043c\u0443 \u0447\u0435\u043b\u043e\u0432\u0435\u043a\u0443.\" \/>\n<meta property=\"og:url\" content=\"https:\/\/www.gintaresgeles.lt\/ru\/puokste\/%d0%ba%d0%be%d1%80%d0%be%d0%b1%d0%ba%d0%b0-%d1%80%d0%be%d0%b7%d0%be%d0%b2%d1%8b%d1%85-%d0%b8-%d1%84%d0%b8%d0%be%d0%bb%d0%b5%d1%82%d0%be%d0%b2%d1%8b%d1%85-%d1%80%d0%be%d0%b7\/\" \/>\n<meta property=\"og:site_name\" content=\"gintaresgeles.lt\" \/>\n<meta property=\"article:modified_time\" content=\"2026-02-11T18:21:45+00:00\" \/>\n<meta property=\"og:image\" content=\"https:\/\/www.gintaresgeles.lt\/wp-content\/uploads\/2025\/01\/rausvu-ir-roziniu-roziu-dezute-geles-merginai-scaled.jpg\" \/>\n\t<meta property=\"og:image:width\" content=\"2560\" \/>\n\t<meta property=\"og:image:height\" content=\"2560\" \/>\n\t<meta property=\"og:image:type\" content=\"image\/jpeg\" \/>\n<meta name=\"twitter:card\" content=\"summary_large_image\" \/>\n<script type=\"application\/ld+json\" class=\"yoast-schema-graph\">{\"@context\":\"https:\/\/schema.org\",\"@graph\":[{\"@type\":\"WebPage\",\"@id\":\"https:\/\/www.gintaresgeles.lt\/ru\/puokste\/%d0%ba%d0%be%d1%80%d0%be%d0%b1%d0%ba%d0%b0-%d1%80%d0%be%d0%b7%d0%be%d0%b2%d1%8b%d1%85-%d0%b8-%d1%84%d0%b8%d0%be%d0%bb%d0%b5%d1%82%d0%be%d0%b2%d1%8b%d1%85-%d1%80%d0%be%d0%b7\/\",\"url\":\"https:\/\/www.gintaresgeles.lt\/ru\/puokste\/%d0%ba%d0%be%d1%80%d0%be%d0%b1%d0%ba%d0%b0-%d1%80%d0%be%d0%b7%d0%be%d0%b2%d1%8b%d1%85-%d0%b8-%d1%84%d0%b8%d0%be%d0%bb%d0%b5%d1%82%d0%be%d0%b2%d1%8b%d1%85-%d1%80%d0%be%d0%b7\/\",\"name\":\"\u041a\u043e\u0440\u043e\u0431\u043a\u0430 \u0440\u043e\u0437\u043e\u0432\u044b\u0445 \u0438 \u0444\u0438\u043e\u043b\u0435\u0442\u043e\u0432\u044b\u0445 \u0440\u043e\u0437 | Ro\u017e\u0117s d\u0117\u017eut\u0117je | Gintar\u0117s G\u0117l\u0117s\",\"isPartOf\":{\"@id\":\"https:\/\/www.gintaresgeles.lt\/ru\/#website\"},\"primaryImageOfPage\":{\"@id\":\"https:\/\/www.gintaresgeles.lt\/ru\/puokste\/%d0%ba%d0%be%d1%80%d0%be%d0%b1%d0%ba%d0%b0-%d1%80%d0%be%d0%b7%d0%be%d0%b2%d1%8b%d1%85-%d0%b8-%d1%84%d0%b8%d0%be%d0%bb%d0%b5%d1%82%d0%be%d0%b2%d1%8b%d1%85-%d1%80%d0%be%d0%b7\/#primaryimage\"},\"image\":{\"@id\":\"https:\/\/www.gintaresgeles.lt\/ru\/puokste\/%d0%ba%d0%be%d1%80%d0%be%d0%b1%d0%ba%d0%b0-%d1%80%d0%be%d0%b7%d0%be%d0%b2%d1%8b%d1%85-%d0%b8-%d1%84%d0%b8%d0%be%d0%bb%d0%b5%d1%82%d0%be%d0%b2%d1%8b%d1%85-%d1%80%d0%be%d0%b7\/#primaryimage\"},\"thumbnailUrl\":\"https:\/\/www.gintaresgeles.lt\/wp-content\/uploads\/2025\/01\/rausvu-ir-roziniu-roziu-dezute-geles-merginai-scaled.jpg\",\"datePublished\":\"2025-01-04T09:01:45+00:00\",\"dateModified\":\"2026-02-11T18:21:45+00:00\",\"description\":\"\u041a\u043e\u0440\u043e\u0431\u043a\u0430 \u0438\u0437\u0433\u043e\u0442\u043e\u0432\u043b\u0435\u043d\u0430 \u200b\u200b\u0438\u0437 \u043d\u0435\u0436\u043d\u043e-\u0440\u043e\u0437\u043e\u0432\u044b\u0445 \u0438 \u0441\u0432\u0435\u0442\u043b\u043e-\u0444\u0438\u043e\u043b\u0435\u0442\u043e\u0432\u044b\u0445 \u0440\u043e\u0437 \u0438 \u0441\u0442\u0430\u043d\u0435\u0442 \u043f\u0440\u0435\u043a\u0440\u0430\u0441\u043d\u044b\u043c \u0432\u044b\u0431\u043e\u0440\u043e\u043c \u0434\u043b\u044f \u043e\u0441\u043e\u0431\u044b\u0445 \u0441\u043b\u0443\u0447\u0430\u0435\u0432 \u0438\u043b\u0438 \u0432 \u043a\u0430\u0447\u0435\u0441\u0442\u0432\u0435 \u043f\u043e\u0434\u0430\u0440\u043a\u0430 \u0431\u043b\u0438\u0437\u043a\u043e\u043c\u0443 \u0447\u0435\u043b\u043e\u0432\u0435\u043a\u0443.\",\"breadcrumb\":{\"@id\":\"https:\/\/www.gintaresgeles.lt\/ru\/puokste\/%d0%ba%d0%be%d1%80%d0%be%d0%b1%d0%ba%d0%b0-%d1%80%d0%be%d0%b7%d0%be%d0%b2%d1%8b%d1%85-%d0%b8-%d1%84%d0%b8%d0%be%d0%bb%d0%b5%d1%82%d0%be%d0%b2%d1%8b%d1%85-%d1%80%d0%be%d0%b7\/#breadcrumb\"},\"inLanguage\":\"ru-RU\",\"potentialAction\":[{\"@type\":\"ReadAction\",\"target\":[\"https:\/\/www.gintaresgeles.lt\/ru\/puokste\/%d0%ba%d0%be%d1%80%d0%be%d0%b1%d0%ba%d0%b0-%d1%80%d0%be%d0%b7%d0%be%d0%b2%d1%8b%d1%85-%d0%b8-%d1%84%d0%b8%d0%be%d0%bb%d0%b5%d1%82%d0%be%d0%b2%d1%8b%d1%85-%d1%80%d0%be%d0%b7\/\"]}]},{\"@type\":\"ImageObject\",\"inLanguage\":\"ru-RU\",\"@id\":\"https:\/\/www.gintaresgeles.lt\/ru\/puokste\/%d0%ba%d0%be%d1%80%d0%be%d0%b1%d0%ba%d0%b0-%d1%80%d0%be%d0%b7%d0%be%d0%b2%d1%8b%d1%85-%d0%b8-%d1%84%d0%b8%d0%be%d0%bb%d0%b5%d1%82%d0%be%d0%b2%d1%8b%d1%85-%d1%80%d0%be%d0%b7\/#primaryimage\",\"url\":\"https:\/\/www.gintaresgeles.lt\/wp-content\/uploads\/2025\/01\/rausvu-ir-roziniu-roziu-dezute-geles-merginai-scaled.jpg\",\"contentUrl\":\"https:\/\/www.gintaresgeles.lt\/wp-content\/uploads\/2025\/01\/rausvu-ir-roziniu-roziu-dezute-geles-merginai-scaled.jpg\",\"width\":2560,\"height\":2560,\"caption\":\"Ro\u017ein\u0117s ir rausvos ro\u017e\u0117s d\u0117\u017eut\u0117je valentino dienos g\u0117l\u0117s\"},{\"@type\":\"BreadcrumbList\",\"@id\":\"https:\/\/www.gintaresgeles.lt\/ru\/puokste\/%d0%ba%d0%be%d1%80%d0%be%d0%b1%d0%ba%d0%b0-%d1%80%d0%be%d0%b7%d0%be%d0%b2%d1%8b%d1%85-%d0%b8-%d1%84%d0%b8%d0%be%d0%bb%d0%b5%d1%82%d0%be%d0%b2%d1%8b%d1%85-%d1%80%d0%be%d0%b7\/#breadcrumb\",\"itemListElement\":[{\"@type\":\"ListItem\",\"position\":1,\"name\":\"Prad\u017eia\",\"item\":\"https:\/\/www.gintaresgeles.lt\/ru\/\"},{\"@type\":\"ListItem\",\"position\":2,\"name\":\"\u0412\u0441\u0435 \u0446\u0432\u0435\u0442\u044b \u0438 \u0434\u0440\u0443\u0433\u0438\u0435 \u043f\u0440\u043e\u0434\u0443\u043a\u0442\u044b\",\"item\":\"https:\/\/www.gintaresgeles.lt\/ru\/vse-cvety-i-drugie-produkty\/\"},{\"@type\":\"ListItem\",\"position\":3,\"name\":\"\u041a\u043e\u0440\u043e\u0431\u043a\u0430 \u0440\u043e\u0437\u043e\u0432\u044b\u0445 \u0438 \u0444\u0438\u043e\u043b\u0435\u0442\u043e\u0432\u044b\u0445 \u0440\u043e\u0437\"}]},{\"@type\":\"WebSite\",\"@id\":\"https:\/\/www.gintaresgeles.lt\/ru\/#website\",\"url\":\"https:\/\/www.gintaresgeles.lt\/ru\/\",\"name\":\"gintaresgeles.lt\",\"description\":\"G\u0117li\u0173 parduotuv\u0117 internete\",\"potentialAction\":[{\"@type\":\"SearchAction\",\"target\":{\"@type\":\"EntryPoint\",\"urlTemplate\":\"https:\/\/www.gintaresgeles.lt\/ru\/?s={search_term_string}\"},\"query-input\":{\"@type\":\"PropertyValueSpecification\",\"valueRequired\":true,\"valueName\":\"search_term_string\"}}],\"inLanguage\":\"ru-RU\"}]}<\/script>\n<!-- \/ Yoast SEO plugin. -->","yoast_head_json":{"title":"\u041a\u043e\u0440\u043e\u0431\u043a\u0430 \u0440\u043e\u0437\u043e\u0432\u044b\u0445 \u0438 \u0444\u0438\u043e\u043b\u0435\u0442\u043e\u0432\u044b\u0445 \u0440\u043e\u0437 | Ro\u017e\u0117s d\u0117\u017eut\u0117je | Gintar\u0117s G\u0117l\u0117s","description":"\u041a\u043e\u0440\u043e\u0431\u043a\u0430 \u0438\u0437\u0433\u043e\u0442\u043e\u0432\u043b\u0435\u043d\u0430 \u200b\u200b\u0438\u0437 \u043d\u0435\u0436\u043d\u043e-\u0440\u043e\u0437\u043e\u0432\u044b\u0445 \u0438 \u0441\u0432\u0435\u0442\u043b\u043e-\u0444\u0438\u043e\u043b\u0435\u0442\u043e\u0432\u044b\u0445 \u0440\u043e\u0437 \u0438 \u0441\u0442\u0430\u043d\u0435\u0442 \u043f\u0440\u0435\u043a\u0440\u0430\u0441\u043d\u044b\u043c \u0432\u044b\u0431\u043e\u0440\u043e\u043c \u0434\u043b\u044f \u043e\u0441\u043e\u0431\u044b\u0445 \u0441\u043b\u0443\u0447\u0430\u0435\u0432 \u0438\u043b\u0438 \u0432 \u043a\u0430\u0447\u0435\u0441\u0442\u0432\u0435 \u043f\u043e\u0434\u0430\u0440\u043a\u0430 \u0431\u043b\u0438\u0437\u043a\u043e\u043c\u0443 \u0447\u0435\u043b\u043e\u0432\u0435\u043a\u0443.","robots":{"index":"index","follow":"follow","max-snippet":"max-snippet:-1","max-image-preview":"max-image-preview:large","max-video-preview":"max-video-preview:-1"},"canonical":"https:\/\/www.gintaresgeles.lt\/ru\/puokste\/%d0%ba%d0%be%d1%80%d0%be%d0%b1%d0%ba%d0%b0-%d1%80%d0%be%d0%b7%d0%be%d0%b2%d1%8b%d1%85-%d0%b8-%d1%84%d0%b8%d0%be%d0%bb%d0%b5%d1%82%d0%be%d0%b2%d1%8b%d1%85-%d1%80%d0%be%d0%b7\/","og_locale":"ru_RU","og_type":"article","og_title":"\u041a\u043e\u0440\u043e\u0431\u043a\u0430 \u0440\u043e\u0437\u043e\u0432\u044b\u0445 \u0438 \u0444\u0438\u043e\u043b\u0435\u0442\u043e\u0432\u044b\u0445 \u0440\u043e\u0437 | Ro\u017e\u0117s d\u0117\u017eut\u0117je | Gintar\u0117s G\u0117l\u0117s","og_description":"\u041a\u043e\u0440\u043e\u0431\u043a\u0430 \u0438\u0437\u0433\u043e\u0442\u043e\u0432\u043b\u0435\u043d\u0430 \u200b\u200b\u0438\u0437 \u043d\u0435\u0436\u043d\u043e-\u0440\u043e\u0437\u043e\u0432\u044b\u0445 \u0438 \u0441\u0432\u0435\u0442\u043b\u043e-\u0444\u0438\u043e\u043b\u0435\u0442\u043e\u0432\u044b\u0445 \u0440\u043e\u0437 \u0438 \u0441\u0442\u0430\u043d\u0435\u0442 \u043f\u0440\u0435\u043a\u0440\u0430\u0441\u043d\u044b\u043c \u0432\u044b\u0431\u043e\u0440\u043e\u043c \u0434\u043b\u044f \u043e\u0441\u043e\u0431\u044b\u0445 \u0441\u043b\u0443\u0447\u0430\u0435\u0432 \u0438\u043b\u0438 \u0432 \u043a\u0430\u0447\u0435\u0441\u0442\u0432\u0435 \u043f\u043e\u0434\u0430\u0440\u043a\u0430 \u0431\u043b\u0438\u0437\u043a\u043e\u043c\u0443 \u0447\u0435\u043b\u043e\u0432\u0435\u043a\u0443.","og_url":"https:\/\/www.gintaresgeles.lt\/ru\/puokste\/%d0%ba%d0%be%d1%80%d0%be%d0%b1%d0%ba%d0%b0-%d1%80%d0%be%d0%b7%d0%be%d0%b2%d1%8b%d1%85-%d0%b8-%d1%84%d0%b8%d0%be%d0%bb%d0%b5%d1%82%d0%be%d0%b2%d1%8b%d1%85-%d1%80%d0%be%d0%b7\/","og_site_name":"gintaresgeles.lt","article_modified_time":"2026-02-11T18:21:45+00:00","og_image":[{"width":2560,"height":2560,"url":"https:\/\/www.gintaresgeles.lt\/wp-content\/uploads\/2025\/01\/rausvu-ir-roziniu-roziu-dezute-geles-merginai-scaled.jpg","type":"image\/jpeg"}],"twitter_card":"summary_large_image","schema":{"@context":"https:\/\/schema.org","@graph":[{"@type":"WebPage","@id":"https:\/\/www.gintaresgeles.lt\/ru\/puokste\/%d0%ba%d0%be%d1%80%d0%be%d0%b1%d0%ba%d0%b0-%d1%80%d0%be%d0%b7%d0%be%d0%b2%d1%8b%d1%85-%d0%b8-%d1%84%d0%b8%d0%be%d0%bb%d0%b5%d1%82%d0%be%d0%b2%d1%8b%d1%85-%d1%80%d0%be%d0%b7\/","url":"https:\/\/www.gintaresgeles.lt\/ru\/puokste\/%d0%ba%d0%be%d1%80%d0%be%d0%b1%d0%ba%d0%b0-%d1%80%d0%be%d0%b7%d0%be%d0%b2%d1%8b%d1%85-%d0%b8-%d1%84%d0%b8%d0%be%d0%bb%d0%b5%d1%82%d0%be%d0%b2%d1%8b%d1%85-%d1%80%d0%be%d0%b7\/","name":"\u041a\u043e\u0440\u043e\u0431\u043a\u0430 \u0440\u043e\u0437\u043e\u0432\u044b\u0445 \u0438 \u0444\u0438\u043e\u043b\u0435\u0442\u043e\u0432\u044b\u0445 \u0440\u043e\u0437 | Ro\u017e\u0117s d\u0117\u017eut\u0117je | Gintar\u0117s G\u0117l\u0117s","isPartOf":{"@id":"https:\/\/www.gintaresgeles.lt\/ru\/#website"},"primaryImageOfPage":{"@id":"https:\/\/www.gintaresgeles.lt\/ru\/puokste\/%d0%ba%d0%be%d1%80%d0%be%d0%b1%d0%ba%d0%b0-%d1%80%d0%be%d0%b7%d0%be%d0%b2%d1%8b%d1%85-%d0%b8-%d1%84%d0%b8%d0%be%d0%bb%d0%b5%d1%82%d0%be%d0%b2%d1%8b%d1%85-%d1%80%d0%be%d0%b7\/#primaryimage"},"image":{"@id":"https:\/\/www.gintaresgeles.lt\/ru\/puokste\/%d0%ba%d0%be%d1%80%d0%be%d0%b1%d0%ba%d0%b0-%d1%80%d0%be%d0%b7%d0%be%d0%b2%d1%8b%d1%85-%d0%b8-%d1%84%d0%b8%d0%be%d0%bb%d0%b5%d1%82%d0%be%d0%b2%d1%8b%d1%85-%d1%80%d0%be%d0%b7\/#primaryimage"},"thumbnailUrl":"https:\/\/www.gintaresgeles.lt\/wp-content\/uploads\/2025\/01\/rausvu-ir-roziniu-roziu-dezute-geles-merginai-scaled.jpg","datePublished":"2025-01-04T09:01:45+00:00","dateModified":"2026-02-11T18:21:45+00:00","description":"\u041a\u043e\u0440\u043e\u0431\u043a\u0430 \u0438\u0437\u0433\u043e\u0442\u043e\u0432\u043b\u0435\u043d\u0430 \u200b\u200b\u0438\u0437 \u043d\u0435\u0436\u043d\u043e-\u0440\u043e\u0437\u043e\u0432\u044b\u0445 \u0438 \u0441\u0432\u0435\u0442\u043b\u043e-\u0444\u0438\u043e\u043b\u0435\u0442\u043e\u0432\u044b\u0445 \u0440\u043e\u0437 \u0438 \u0441\u0442\u0430\u043d\u0435\u0442 \u043f\u0440\u0435\u043a\u0440\u0430\u0441\u043d\u044b\u043c \u0432\u044b\u0431\u043e\u0440\u043e\u043c \u0434\u043b\u044f \u043e\u0441\u043e\u0431\u044b\u0445 \u0441\u043b\u0443\u0447\u0430\u0435\u0432 \u0438\u043b\u0438 \u0432 \u043a\u0430\u0447\u0435\u0441\u0442\u0432\u0435 \u043f\u043e\u0434\u0430\u0440\u043a\u0430 \u0431\u043b\u0438\u0437\u043a\u043e\u043c\u0443 \u0447\u0435\u043b\u043e\u0432\u0435\u043a\u0443.","breadcrumb":{"@id":"https:\/\/www.gintaresgeles.lt\/ru\/puokste\/%d0%ba%d0%be%d1%80%d0%be%d0%b1%d0%ba%d0%b0-%d1%80%d0%be%d0%b7%d0%be%d0%b2%d1%8b%d1%85-%d0%b8-%d1%84%d0%b8%d0%be%d0%bb%d0%b5%d1%82%d0%be%d0%b2%d1%8b%d1%85-%d1%80%d0%be%d0%b7\/#breadcrumb"},"inLanguage":"ru-RU","potentialAction":[{"@type":"ReadAction","target":["https:\/\/www.gintaresgeles.lt\/ru\/puokste\/%d0%ba%d0%be%d1%80%d0%be%d0%b1%d0%ba%d0%b0-%d1%80%d0%be%d0%b7%d0%be%d0%b2%d1%8b%d1%85-%d0%b8-%d1%84%d0%b8%d0%be%d0%bb%d0%b5%d1%82%d0%be%d0%b2%d1%8b%d1%85-%d1%80%d0%be%d0%b7\/"]}]},{"@type":"ImageObject","inLanguage":"ru-RU","@id":"https:\/\/www.gintaresgeles.lt\/ru\/puokste\/%d0%ba%d0%be%d1%80%d0%be%d0%b1%d0%ba%d0%b0-%d1%80%d0%be%d0%b7%d0%be%d0%b2%d1%8b%d1%85-%d0%b8-%d1%84%d0%b8%d0%be%d0%bb%d0%b5%d1%82%d0%be%d0%b2%d1%8b%d1%85-%d1%80%d0%be%d0%b7\/#primaryimage","url":"https:\/\/www.gintaresgeles.lt\/wp-content\/uploads\/2025\/01\/rausvu-ir-roziniu-roziu-dezute-geles-merginai-scaled.jpg","contentUrl":"https:\/\/www.gintaresgeles.lt\/wp-content\/uploads\/2025\/01\/rausvu-ir-roziniu-roziu-dezute-geles-merginai-scaled.jpg","width":2560,"height":2560,"caption":"Ro\u017ein\u0117s ir rausvos ro\u017e\u0117s d\u0117\u017eut\u0117je valentino dienos g\u0117l\u0117s"},{"@type":"BreadcrumbList","@id":"https:\/\/www.gintaresgeles.lt\/ru\/puokste\/%d0%ba%d0%be%d1%80%d0%be%d0%b1%d0%ba%d0%b0-%d1%80%d0%be%d0%b7%d0%be%d0%b2%d1%8b%d1%85-%d0%b8-%d1%84%d0%b8%d0%be%d0%bb%d0%b5%d1%82%d0%be%d0%b2%d1%8b%d1%85-%d1%80%d0%be%d0%b7\/#breadcrumb","itemListElement":[{"@type":"ListItem","position":1,"name":"Prad\u017eia","item":"https:\/\/www.gintaresgeles.lt\/ru\/"},{"@type":"ListItem","position":2,"name":"\u0412\u0441\u0435 \u0446\u0432\u0435\u0442\u044b \u0438 \u0434\u0440\u0443\u0433\u0438\u0435 \u043f\u0440\u043e\u0434\u0443\u043a\u0442\u044b","item":"https:\/\/www.gintaresgeles.lt\/ru\/vse-cvety-i-drugie-produkty\/"},{"@type":"ListItem","position":3,"name":"\u041a\u043e\u0440\u043e\u0431\u043a\u0430 \u0440\u043e\u0437\u043e\u0432\u044b\u0445 \u0438 \u0444\u0438\u043e\u043b\u0435\u0442\u043e\u0432\u044b\u0445 \u0440\u043e\u0437"}]},{"@type":"WebSite","@id":"https:\/\/www.gintaresgeles.lt\/ru\/#website","url":"https:\/\/www.gintaresgeles.lt\/ru\/","name":"gintaresgeles.lt","description":"G\u0117li\u0173 parduotuv\u0117 internete","potentialAction":[{"@type":"SearchAction","target":{"@type":"EntryPoint","urlTemplate":"https:\/\/www.gintaresgeles.lt\/ru\/?s={search_term_string}"},"query-input":{"@type":"PropertyValueSpecification","valueRequired":true,"valueName":"search_term_string"}}],"inLanguage":"ru-RU"}]}},"_links":{"self":[{"href":"https:\/\/www.gintaresgeles.lt\/ru\/wp-json\/wp\/v2\/product\/54132","targetHints":{"allow":["GET"]}}],"collection":[{"href":"https:\/\/www.gintaresgeles.lt\/ru\/wp-json\/wp\/v2\/product"}],"about":[{"href":"https:\/\/www.gintaresgeles.lt\/ru\/wp-json\/wp\/v2\/types\/product"}],"wp:featuredmedia":[{"embeddable":true,"href":"https:\/\/www.gintaresgeles.lt\/ru\/wp-json\/wp\/v2\/media\/53617"}],"wp:attachment":[{"href":"https:\/\/www.gintaresgeles.lt\/ru\/wp-json\/wp\/v2\/media?parent=54132"}],"wp:term":[{"taxonomy":"product_brand","embeddable":true,"href":"https:\/\/www.gintaresgeles.lt\/ru\/wp-json\/wp\/v2\/product_brand?post=54132"},{"taxonomy":"product_cat","embeddable":true,"href":"https:\/\/www.gintaresgeles.lt\/ru\/wp-json\/wp\/v2\/product_cat?post=54132"},{"taxonomy":"product_tag","embeddable":true,"href":"https:\/\/www.gintaresgeles.lt\/ru\/wp-json\/wp\/v2\/product_tag?post=54132"}],"curies":[{"name":"wp","href":"https:\/\/api.w.org\/{rel}","templated":true}]}}