{"id":55983,"date":"2025-06-14T12:40:01","date_gmt":"2025-06-14T09:40:01","guid":{"rendered":"https:\/\/www.gintaresgeles.lt\/puokste\/%d1%84%d0%be%d0%bb%d1%8c%d0%b3%d0%b8%d1%80%d0%be%d0%b2%d0%b0%d0%bd%d0%bd%d1%8b%d0%b9-%d0%b3%d0%b5%d0%bb%d0%b8%d0%b5%d0%b2%d1%8b%d0%b9-%d1%88%d0%b0%d1%80-%d0%bc%d0%b5%d0%b4%d0%b2%d0%b5%d0%b6%d0%be-2\/"},"modified":"2025-06-14T12:40:01","modified_gmt":"2025-06-14T09:40:01","slug":"%d1%84%d0%be%d0%bb%d1%8c%d0%b3%d0%b8%d1%80%d0%be%d0%b2%d0%b0%d0%bd%d0%bd%d1%8b%d0%b9-%d0%b3%d0%b5%d0%bb%d0%b8%d0%b5%d0%b2%d1%8b%d0%b9-%d1%88%d0%b0%d1%80-%d0%bc%d0%b5%d0%b4%d0%b2%d0%b5%d0%b6%d0%be-2","status":"publish","type":"product","link":"https:\/\/www.gintaresgeles.lt\/ru\/puokste\/%d1%84%d0%be%d0%bb%d1%8c%d0%b3%d0%b8%d1%80%d0%be%d0%b2%d0%b0%d0%bd%d0%bd%d1%8b%d0%b9-%d0%b3%d0%b5%d0%bb%d0%b8%d0%b5%d0%b2%d1%8b%d0%b9-%d1%88%d0%b0%d1%80-%d0%bc%d0%b5%d0%b4%d0%b2%d0%b5%d0%b6%d0%be-2\/","title":{"rendered":"\u0424\u043e\u043b\u044c\u0433\u0438\u0440\u043e\u0432\u0430\u043d\u043d\u044b\u0439 \u0433\u0435\u043b\u0438\u0435\u0432\u044b\u0439 \u0448\u0430\u0440 &#171;\u041c\u0435\u0434\u0432\u0435\u0436\u043e\u043d\u043e\u043a \u043d\u0430 \u0440\u043e\u0437\u043e\u0432\u043e\u0439 \u043b\u0443\u043d\u0435&#187;"},"content":{"rendered":"","protected":false},"excerpt":{"rendered":"<p>\u042d\u0442\u043e\u0442 \u0444\u043e\u043b\u044c\u0433\u0438\u0440\u043e\u0432\u0430\u043d\u043d\u044b\u0439 \u0432\u043e\u0437\u0434\u0443\u0448\u043d\u044b\u0439 \u0448\u0430\u0440 \u043d\u0435\u0436\u043d\u043e\u0433\u043e \u0446\u0432\u0435\u0442\u0430 \u00ab\u041c\u0435\u0434\u0432\u0435\u0436\u043e\u043d\u043e\u043a \u043d\u0430 \u0440\u043e\u0437\u043e\u0432\u043e\u0439 \u043b\u0443\u043d\u0435\u00bb \u0441\u0442\u0430\u043d\u0435\u0442 \u043f\u0440\u0435\u043a\u0440\u0430\u0441\u043d\u044b\u043c \u0443\u043a\u0440\u0430\u0448\u0435\u043d\u0438\u0435\u043c \u0434\u043b\u044f \u0432\u0435\u0447\u0435\u0440\u0438\u043d\u043a\u0438 \u043f\u043e \u0441\u043b\u0443\u0447\u0430\u044e \u0440\u043e\u0436\u0434\u0435\u043d\u0438\u044f \u0440\u0435\u0431\u0435\u043d\u043a\u0430, \u043a\u0440\u0435\u0441\u0442\u0438\u043d \u0438\u043b\u0438 \u043f\u0435\u0440\u0432\u043e\u0433\u043e \u0434\u043d\u044f \u0440\u043e\u0436\u0434\u0435\u043d\u0438\u044f. \u041c\u0438\u043b\u044b\u0439 \u043f\u043b\u044e\u0448\u0435\u0432\u044b\u0439 \u043c\u0438\u0448\u043a\u0430, \u0443\u044e\u0442\u043d\u043e \u0443\u0441\u0442\u0440\u043e\u0438\u0432\u0448\u0438\u0439\u0441\u044f \u043d\u0430 \u043b\u0443\u043d\u0435, \u0441\u0438\u043c\u0432\u043e\u043b\u0438\u0437\u0438\u0440\u0443\u0435\u0442 \u0443\u044e\u0442, \u0442\u0435\u043f\u043b\u043e \u0438 \u0431\u0435\u0437\u043e\u043f\u0430\u0441\u043d\u043e\u0441\u0442\u044c \u2014 \u0432\u0441\u0435, \u0447\u0442\u043e \u0432\u044b \u0445\u043e\u0442\u0438\u0442\u0435 \u043f\u0435\u0440\u0435\u0434\u0430\u0442\u044c \u0432 \u0442\u0430\u043a\u043e\u0439 \u043e\u0441\u043e\u0431\u0435\u043d\u043d\u044b\u0439 \u0434\u0435\u043d\u044c.<\/p>\n<p>\u0420\u0430\u0437\u043c\u0435\u0440 \u0432\u043e\u0437\u0434\u0443\u0448\u043d\u043e\u0433\u043e \u0448\u0430\u0440\u0430 \u0441\u043e\u0441\u0442\u0430\u0432\u043b\u044f\u0435\u0442 \u043f\u0440\u0438\u043c\u0435\u0440\u043d\u043e 80 x 98 \u0441\u043c, \u0447\u0442\u043e \u0434\u0435\u043b\u0430\u0435\u0442 \u0435\u0433\u043e \u043d\u0435 \u0442\u043e\u043b\u044c\u043a\u043e \u043c\u0438\u043b\u044b\u043c \u0430\u043a\u0446\u0435\u043d\u0442\u043e\u043c \u043f\u0440\u0430\u0437\u0434\u043d\u0438\u043a\u0430, \u043d\u043e \u0438 \u043f\u0440\u0435\u043a\u0440\u0430\u0441\u043d\u044b\u043c \u0444\u043e\u043d\u043e\u043c \u0434\u043b\u044f \u0444\u043e\u0442\u043e\u0433\u0440\u0430\u0444\u0438\u0439.<\/p>\n","protected":false},"featured_media":55596,"template":"","meta":[],"product_brand":[],"product_cat":[957,1919,984,985,1856,1845],"product_tag":[],"class_list":{"0":"post-55983","1":"product","2":"type-product","3":"status-publish","4":"has-post-thumbnail","6":"product_cat-957","7":"product_cat-1919","8":"product_cat-984","9":"product_cat-985","10":"product_cat-1856","11":"product_cat-1845","12":"tm-has-options","14":"first","15":"instock","16":"taxable","17":"shipping-taxable","18":"purchasable","19":"product-type-simple"},"yoast_head":"<!-- This site is optimized with the Yoast SEO plugin v25.3 - https:\/\/yoast.com\/wordpress\/plugins\/seo\/ -->\n<title>\u0424\u043e\u043b\u044c\u0433\u0438\u0440\u043e\u0432\u0430\u043d\u043d\u044b\u0439 \u0433\u0435\u043b\u0438\u0435\u0432\u044b\u0439 \u0448\u0430\u0440 &quot;\u041c\u0435\u0434\u0432\u0435\u0436\u043e\u043d\u043e\u043a \u043d\u0430 \u0440\u043e\u0437\u043e\u0432\u043e\u0439 \u043b\u0443\u043d\u0435&quot;<\/title>\n<meta name=\"description\" content=\"\u0424\u043e\u043b\u044c\u0433\u0438\u0440\u043e\u0432\u0430\u043d\u043d\u044b\u0439 \u0448\u0430\u0440 \u00ab\u041c\u0438\u0448\u043a\u0430 \u0422\u0435\u0434\u0434\u0438\u041c\u0435\u0434\u0432\u0435\u0436\u043e\u043d\u043e\u043a \u043d\u0430 \u0440\u043e\u0437\u043e\u0432\u043e\u0439 \u043b\u0443\u043d\u0435\u00bb - \u043c\u044f\u0433\u043a\u043e\u0435 \u0438 \u0443\u044e\u0442\u043d\u043e\u0435 \u0443\u043a\u0440\u0430\u0448\u0435\u043d\u0438\u0435 \u0434\u043b\u044f \u0434\u0435\u0442\u0441\u043a\u043e\u0433\u043e \u043f\u0440\u0430\u0437\u0434\u043d\u0438\u043a\u0430, \u0440\u0430\u0437\u043c\u0435\u0440 \u0448\u0430\u0440\u0430 - 80 \u0445 98 \u0441\u043c.\" \/>\n<meta name=\"robots\" content=\"index, follow, max-snippet:-1, max-image-preview:large, max-video-preview:-1\" \/>\n<link rel=\"canonical\" href=\"https:\/\/www.gintaresgeles.lt\/ru\/puokste\/%d1%84%d0%be%d0%bb%d1%8c%d0%b3%d0%b8%d1%80%d0%be%d0%b2%d0%b0%d0%bd%d0%bd%d1%8b%d0%b9-%d0%b3%d0%b5%d0%bb%d0%b8%d0%b5%d0%b2%d1%8b%d0%b9-%d1%88%d0%b0%d1%80-%d0%bc%d0%b5%d0%b4%d0%b2%d0%b5%d0%b6%d0%be-2\/\" \/>\n<meta property=\"og:locale\" content=\"ru_RU\" \/>\n<meta property=\"og:type\" content=\"article\" \/>\n<meta property=\"og:title\" content=\"\u0424\u043e\u043b\u044c\u0433\u0438\u0440\u043e\u0432\u0430\u043d\u043d\u044b\u0439 \u0433\u0435\u043b\u0438\u0435\u0432\u044b\u0439 \u0448\u0430\u0440 &quot;\u041c\u0435\u0434\u0432\u0435\u0436\u043e\u043d\u043e\u043a \u043d\u0430 \u0440\u043e\u0437\u043e\u0432\u043e\u0439 \u043b\u0443\u043d\u0435&quot;\" \/>\n<meta property=\"og:description\" content=\"\u0424\u043e\u043b\u044c\u0433\u0438\u0440\u043e\u0432\u0430\u043d\u043d\u044b\u0439 \u0448\u0430\u0440 \u00ab\u041c\u0438\u0448\u043a\u0430 \u0422\u0435\u0434\u0434\u0438\u041c\u0435\u0434\u0432\u0435\u0436\u043e\u043d\u043e\u043a \u043d\u0430 \u0440\u043e\u0437\u043e\u0432\u043e\u0439 \u043b\u0443\u043d\u0435\u00bb - \u043c\u044f\u0433\u043a\u043e\u0435 \u0438 \u0443\u044e\u0442\u043d\u043e\u0435 \u0443\u043a\u0440\u0430\u0448\u0435\u043d\u0438\u0435 \u0434\u043b\u044f \u0434\u0435\u0442\u0441\u043a\u043e\u0433\u043e \u043f\u0440\u0430\u0437\u0434\u043d\u0438\u043a\u0430, \u0440\u0430\u0437\u043c\u0435\u0440 \u0448\u0430\u0440\u0430 - 80 \u0445 98 \u0441\u043c.\" \/>\n<meta property=\"og:url\" content=\"https:\/\/www.gintaresgeles.lt\/ru\/puokste\/%d1%84%d0%be%d0%bb%d1%8c%d0%b3%d0%b8%d1%80%d0%be%d0%b2%d0%b0%d0%bd%d0%bd%d1%8b%d0%b9-%d0%b3%d0%b5%d0%bb%d0%b8%d0%b5%d0%b2%d1%8b%d0%b9-%d1%88%d0%b0%d1%80-%d0%bc%d0%b5%d0%b4%d0%b2%d0%b5%d0%b6%d0%be-2\/\" \/>\n<meta property=\"og:site_name\" content=\"gintaresgeles.lt\" \/>\n<meta property=\"og:image\" content=\"https:\/\/www.gintaresgeles.lt\/wp-content\/uploads\/2025\/06\/Menulis-skaidrios-rozines-spalvos-su-mielu-meskiuku-mergaiciu-sventems.png\" \/>\n\t<meta property=\"og:image:width\" content=\"800\" \/>\n\t<meta property=\"og:image:height\" content=\"804\" \/>\n\t<meta property=\"og:image:type\" content=\"image\/png\" \/>\n<meta name=\"twitter:card\" content=\"summary_large_image\" \/>\n<script type=\"application\/ld+json\" class=\"yoast-schema-graph\">{\"@context\":\"https:\/\/schema.org\",\"@graph\":[{\"@type\":\"WebPage\",\"@id\":\"https:\/\/www.gintaresgeles.lt\/ru\/puokste\/%d1%84%d0%be%d0%bb%d1%8c%d0%b3%d0%b8%d1%80%d0%be%d0%b2%d0%b0%d0%bd%d0%bd%d1%8b%d0%b9-%d0%b3%d0%b5%d0%bb%d0%b8%d0%b5%d0%b2%d1%8b%d0%b9-%d1%88%d0%b0%d1%80-%d0%bc%d0%b5%d0%b4%d0%b2%d0%b5%d0%b6%d0%be-2\/\",\"url\":\"https:\/\/www.gintaresgeles.lt\/ru\/puokste\/%d1%84%d0%be%d0%bb%d1%8c%d0%b3%d0%b8%d1%80%d0%be%d0%b2%d0%b0%d0%bd%d0%bd%d1%8b%d0%b9-%d0%b3%d0%b5%d0%bb%d0%b8%d0%b5%d0%b2%d1%8b%d0%b9-%d1%88%d0%b0%d1%80-%d0%bc%d0%b5%d0%b4%d0%b2%d0%b5%d0%b6%d0%be-2\/\",\"name\":\"\u0424\u043e\u043b\u044c\u0433\u0438\u0440\u043e\u0432\u0430\u043d\u043d\u044b\u0439 \u0433\u0435\u043b\u0438\u0435\u0432\u044b\u0439 \u0448\u0430\u0440 \\\"\u041c\u0435\u0434\u0432\u0435\u0436\u043e\u043d\u043e\u043a \u043d\u0430 \u0440\u043e\u0437\u043e\u0432\u043e\u0439 \u043b\u0443\u043d\u0435\\\"\",\"isPartOf\":{\"@id\":\"https:\/\/www.gintaresgeles.lt\/ru\/#website\"},\"primaryImageOfPage\":{\"@id\":\"https:\/\/www.gintaresgeles.lt\/ru\/puokste\/%d1%84%d0%be%d0%bb%d1%8c%d0%b3%d0%b8%d1%80%d0%be%d0%b2%d0%b0%d0%bd%d0%bd%d1%8b%d0%b9-%d0%b3%d0%b5%d0%bb%d0%b8%d0%b5%d0%b2%d1%8b%d0%b9-%d1%88%d0%b0%d1%80-%d0%bc%d0%b5%d0%b4%d0%b2%d0%b5%d0%b6%d0%be-2\/#primaryimage\"},\"image\":{\"@id\":\"https:\/\/www.gintaresgeles.lt\/ru\/puokste\/%d1%84%d0%be%d0%bb%d1%8c%d0%b3%d0%b8%d1%80%d0%be%d0%b2%d0%b0%d0%bd%d0%bd%d1%8b%d0%b9-%d0%b3%d0%b5%d0%bb%d0%b8%d0%b5%d0%b2%d1%8b%d0%b9-%d1%88%d0%b0%d1%80-%d0%bc%d0%b5%d0%b4%d0%b2%d0%b5%d0%b6%d0%be-2\/#primaryimage\"},\"thumbnailUrl\":\"https:\/\/www.gintaresgeles.lt\/wp-content\/uploads\/2025\/06\/Menulis-skaidrios-rozines-spalvos-su-mielu-meskiuku-mergaiciu-sventems.png\",\"datePublished\":\"2025-06-14T09:40:01+00:00\",\"description\":\"\u0424\u043e\u043b\u044c\u0433\u0438\u0440\u043e\u0432\u0430\u043d\u043d\u044b\u0439 \u0448\u0430\u0440 \u00ab\u041c\u0438\u0448\u043a\u0430 \u0422\u0435\u0434\u0434\u0438\u041c\u0435\u0434\u0432\u0435\u0436\u043e\u043d\u043e\u043a \u043d\u0430 \u0440\u043e\u0437\u043e\u0432\u043e\u0439 \u043b\u0443\u043d\u0435\u00bb - \u043c\u044f\u0433\u043a\u043e\u0435 \u0438 \u0443\u044e\u0442\u043d\u043e\u0435 \u0443\u043a\u0440\u0430\u0448\u0435\u043d\u0438\u0435 \u0434\u043b\u044f \u0434\u0435\u0442\u0441\u043a\u043e\u0433\u043e \u043f\u0440\u0430\u0437\u0434\u043d\u0438\u043a\u0430, \u0440\u0430\u0437\u043c\u0435\u0440 \u0448\u0430\u0440\u0430 - 80 \u0445 98 \u0441\u043c.\",\"breadcrumb\":{\"@id\":\"https:\/\/www.gintaresgeles.lt\/ru\/puokste\/%d1%84%d0%be%d0%bb%d1%8c%d0%b3%d0%b8%d1%80%d0%be%d0%b2%d0%b0%d0%bd%d0%bd%d1%8b%d0%b9-%d0%b3%d0%b5%d0%bb%d0%b8%d0%b5%d0%b2%d1%8b%d0%b9-%d1%88%d0%b0%d1%80-%d0%bc%d0%b5%d0%b4%d0%b2%d0%b5%d0%b6%d0%be-2\/#breadcrumb\"},\"inLanguage\":\"ru-RU\",\"potentialAction\":[{\"@type\":\"ReadAction\",\"target\":[\"https:\/\/www.gintaresgeles.lt\/ru\/puokste\/%d1%84%d0%be%d0%bb%d1%8c%d0%b3%d0%b8%d1%80%d0%be%d0%b2%d0%b0%d0%bd%d0%bd%d1%8b%d0%b9-%d0%b3%d0%b5%d0%bb%d0%b8%d0%b5%d0%b2%d1%8b%d0%b9-%d1%88%d0%b0%d1%80-%d0%bc%d0%b5%d0%b4%d0%b2%d0%b5%d0%b6%d0%be-2\/\"]}]},{\"@type\":\"ImageObject\",\"inLanguage\":\"ru-RU\",\"@id\":\"https:\/\/www.gintaresgeles.lt\/ru\/puokste\/%d1%84%d0%be%d0%bb%d1%8c%d0%b3%d0%b8%d1%80%d0%be%d0%b2%d0%b0%d0%bd%d0%bd%d1%8b%d0%b9-%d0%b3%d0%b5%d0%bb%d0%b8%d0%b5%d0%b2%d1%8b%d0%b9-%d1%88%d0%b0%d1%80-%d0%bc%d0%b5%d0%b4%d0%b2%d0%b5%d0%b6%d0%be-2\/#primaryimage\",\"url\":\"https:\/\/www.gintaresgeles.lt\/wp-content\/uploads\/2025\/06\/Menulis-skaidrios-rozines-spalvos-su-mielu-meskiuku-mergaiciu-sventems.png\",\"contentUrl\":\"https:\/\/www.gintaresgeles.lt\/wp-content\/uploads\/2025\/06\/Menulis-skaidrios-rozines-spalvos-su-mielu-meskiuku-mergaiciu-sventems.png\",\"width\":800,\"height\":804,\"caption\":\"M\u0117nulio formos bei ro\u017ein\u0117s spalvos \u017eaismingas folinis balionas suteikiantis mielas emocijas\"},{\"@type\":\"BreadcrumbList\",\"@id\":\"https:\/\/www.gintaresgeles.lt\/ru\/puokste\/%d1%84%d0%be%d0%bb%d1%8c%d0%b3%d0%b8%d1%80%d0%be%d0%b2%d0%b0%d0%bd%d0%bd%d1%8b%d0%b9-%d0%b3%d0%b5%d0%bb%d0%b8%d0%b5%d0%b2%d1%8b%d0%b9-%d1%88%d0%b0%d1%80-%d0%bc%d0%b5%d0%b4%d0%b2%d0%b5%d0%b6%d0%be-2\/#breadcrumb\",\"itemListElement\":[{\"@type\":\"ListItem\",\"position\":1,\"name\":\"Prad\u017eia\",\"item\":\"https:\/\/www.gintaresgeles.lt\/ru\/\"},{\"@type\":\"ListItem\",\"position\":2,\"name\":\"\u0412\u0441\u0435 \u0446\u0432\u0435\u0442\u044b \u0438 \u0434\u0440\u0443\u0433\u0438\u0435 \u043f\u0440\u043e\u0434\u0443\u043a\u0442\u044b\",\"item\":\"https:\/\/www.gintaresgeles.lt\/ru\/vse-cvety-i-drugie-produkty\/\"},{\"@type\":\"ListItem\",\"position\":3,\"name\":\"\u0424\u043e\u043b\u044c\u0433\u0438\u0440\u043e\u0432\u0430\u043d\u043d\u044b\u0439 \u0433\u0435\u043b\u0438\u0435\u0432\u044b\u0439 \u0448\u0430\u0440 &#8222;\u041c\u0435\u0434\u0432\u0435\u0436\u043e\u043d\u043e\u043a \u043d\u0430 \u0440\u043e\u0437\u043e\u0432\u043e\u0439 \u043b\u0443\u043d\u0435&#8221;\"}]},{\"@type\":\"WebSite\",\"@id\":\"https:\/\/www.gintaresgeles.lt\/ru\/#website\",\"url\":\"https:\/\/www.gintaresgeles.lt\/ru\/\",\"name\":\"Gintares Geles\",\"description\":\"\u0414\u043e\u0441\u0442\u0430\u0432\u043a\u0430 \u0446\u0432\u0435\u0442\u043e\u0432 \u0432 \u0412\u0438\u043b\u044c\u043d\u044e\u0441\u0435 | \u0412 \u0442\u043e\u0442 \u0436\u0435 \u0434\u0435\u043d\u044c | Gintares geles\",\"potentialAction\":[{\"@type\":\"SearchAction\",\"target\":{\"@type\":\"EntryPoint\",\"urlTemplate\":\"https:\/\/www.gintaresgeles.lt\/ru\/?s={search_term_string}\"},\"query-input\":{\"@type\":\"PropertyValueSpecification\",\"valueRequired\":true,\"valueName\":\"search_term_string\"}}],\"inLanguage\":\"ru-RU\"}]}<\/script>\n<!-- \/ Yoast SEO plugin. -->","yoast_head_json":{"title":"\u0424\u043e\u043b\u044c\u0433\u0438\u0440\u043e\u0432\u0430\u043d\u043d\u044b\u0439 \u0433\u0435\u043b\u0438\u0435\u0432\u044b\u0439 \u0448\u0430\u0440 \"\u041c\u0435\u0434\u0432\u0435\u0436\u043e\u043d\u043e\u043a \u043d\u0430 \u0440\u043e\u0437\u043e\u0432\u043e\u0439 \u043b\u0443\u043d\u0435\"","description":"\u0424\u043e\u043b\u044c\u0433\u0438\u0440\u043e\u0432\u0430\u043d\u043d\u044b\u0439 \u0448\u0430\u0440 \u00ab\u041c\u0438\u0448\u043a\u0430 \u0422\u0435\u0434\u0434\u0438\u041c\u0435\u0434\u0432\u0435\u0436\u043e\u043d\u043e\u043a \u043d\u0430 \u0440\u043e\u0437\u043e\u0432\u043e\u0439 \u043b\u0443\u043d\u0435\u00bb - \u043c\u044f\u0433\u043a\u043e\u0435 \u0438 \u0443\u044e\u0442\u043d\u043e\u0435 \u0443\u043a\u0440\u0430\u0448\u0435\u043d\u0438\u0435 \u0434\u043b\u044f \u0434\u0435\u0442\u0441\u043a\u043e\u0433\u043e \u043f\u0440\u0430\u0437\u0434\u043d\u0438\u043a\u0430, \u0440\u0430\u0437\u043c\u0435\u0440 \u0448\u0430\u0440\u0430 - 80 \u0445 98 \u0441\u043c.","robots":{"index":"index","follow":"follow","max-snippet":"max-snippet:-1","max-image-preview":"max-image-preview:large","max-video-preview":"max-video-preview:-1"},"canonical":"https:\/\/www.gintaresgeles.lt\/ru\/puokste\/%d1%84%d0%be%d0%bb%d1%8c%d0%b3%d0%b8%d1%80%d0%be%d0%b2%d0%b0%d0%bd%d0%bd%d1%8b%d0%b9-%d0%b3%d0%b5%d0%bb%d0%b8%d0%b5%d0%b2%d1%8b%d0%b9-%d1%88%d0%b0%d1%80-%d0%bc%d0%b5%d0%b4%d0%b2%d0%b5%d0%b6%d0%be-2\/","og_locale":"ru_RU","og_type":"article","og_title":"\u0424\u043e\u043b\u044c\u0433\u0438\u0440\u043e\u0432\u0430\u043d\u043d\u044b\u0439 \u0433\u0435\u043b\u0438\u0435\u0432\u044b\u0439 \u0448\u0430\u0440 \"\u041c\u0435\u0434\u0432\u0435\u0436\u043e\u043d\u043e\u043a \u043d\u0430 \u0440\u043e\u0437\u043e\u0432\u043e\u0439 \u043b\u0443\u043d\u0435\"","og_description":"\u0424\u043e\u043b\u044c\u0433\u0438\u0440\u043e\u0432\u0430\u043d\u043d\u044b\u0439 \u0448\u0430\u0440 \u00ab\u041c\u0438\u0448\u043a\u0430 \u0422\u0435\u0434\u0434\u0438\u041c\u0435\u0434\u0432\u0435\u0436\u043e\u043d\u043e\u043a \u043d\u0430 \u0440\u043e\u0437\u043e\u0432\u043e\u0439 \u043b\u0443\u043d\u0435\u00bb - \u043c\u044f\u0433\u043a\u043e\u0435 \u0438 \u0443\u044e\u0442\u043d\u043e\u0435 \u0443\u043a\u0440\u0430\u0448\u0435\u043d\u0438\u0435 \u0434\u043b\u044f \u0434\u0435\u0442\u0441\u043a\u043e\u0433\u043e \u043f\u0440\u0430\u0437\u0434\u043d\u0438\u043a\u0430, \u0440\u0430\u0437\u043c\u0435\u0440 \u0448\u0430\u0440\u0430 - 80 \u0445 98 \u0441\u043c.","og_url":"https:\/\/www.gintaresgeles.lt\/ru\/puokste\/%d1%84%d0%be%d0%bb%d1%8c%d0%b3%d0%b8%d1%80%d0%be%d0%b2%d0%b0%d0%bd%d0%bd%d1%8b%d0%b9-%d0%b3%d0%b5%d0%bb%d0%b8%d0%b5%d0%b2%d1%8b%d0%b9-%d1%88%d0%b0%d1%80-%d0%bc%d0%b5%d0%b4%d0%b2%d0%b5%d0%b6%d0%be-2\/","og_site_name":"gintaresgeles.lt","og_image":[{"width":800,"height":804,"url":"https:\/\/www.gintaresgeles.lt\/wp-content\/uploads\/2025\/06\/Menulis-skaidrios-rozines-spalvos-su-mielu-meskiuku-mergaiciu-sventems.png","type":"image\/png"}],"twitter_card":"summary_large_image","schema":{"@context":"https:\/\/schema.org","@graph":[{"@type":"WebPage","@id":"https:\/\/www.gintaresgeles.lt\/ru\/puokste\/%d1%84%d0%be%d0%bb%d1%8c%d0%b3%d0%b8%d1%80%d0%be%d0%b2%d0%b0%d0%bd%d0%bd%d1%8b%d0%b9-%d0%b3%d0%b5%d0%bb%d0%b8%d0%b5%d0%b2%d1%8b%d0%b9-%d1%88%d0%b0%d1%80-%d0%bc%d0%b5%d0%b4%d0%b2%d0%b5%d0%b6%d0%be-2\/","url":"https:\/\/www.gintaresgeles.lt\/ru\/puokste\/%d1%84%d0%be%d0%bb%d1%8c%d0%b3%d0%b8%d1%80%d0%be%d0%b2%d0%b0%d0%bd%d0%bd%d1%8b%d0%b9-%d0%b3%d0%b5%d0%bb%d0%b8%d0%b5%d0%b2%d1%8b%d0%b9-%d1%88%d0%b0%d1%80-%d0%bc%d0%b5%d0%b4%d0%b2%d0%b5%d0%b6%d0%be-2\/","name":"\u0424\u043e\u043b\u044c\u0433\u0438\u0440\u043e\u0432\u0430\u043d\u043d\u044b\u0439 \u0433\u0435\u043b\u0438\u0435\u0432\u044b\u0439 \u0448\u0430\u0440 \"\u041c\u0435\u0434\u0432\u0435\u0436\u043e\u043d\u043e\u043a \u043d\u0430 \u0440\u043e\u0437\u043e\u0432\u043e\u0439 \u043b\u0443\u043d\u0435\"","isPartOf":{"@id":"https:\/\/www.gintaresgeles.lt\/ru\/#website"},"primaryImageOfPage":{"@id":"https:\/\/www.gintaresgeles.lt\/ru\/puokste\/%d1%84%d0%be%d0%bb%d1%8c%d0%b3%d0%b8%d1%80%d0%be%d0%b2%d0%b0%d0%bd%d0%bd%d1%8b%d0%b9-%d0%b3%d0%b5%d0%bb%d0%b8%d0%b5%d0%b2%d1%8b%d0%b9-%d1%88%d0%b0%d1%80-%d0%bc%d0%b5%d0%b4%d0%b2%d0%b5%d0%b6%d0%be-2\/#primaryimage"},"image":{"@id":"https:\/\/www.gintaresgeles.lt\/ru\/puokste\/%d1%84%d0%be%d0%bb%d1%8c%d0%b3%d0%b8%d1%80%d0%be%d0%b2%d0%b0%d0%bd%d0%bd%d1%8b%d0%b9-%d0%b3%d0%b5%d0%bb%d0%b8%d0%b5%d0%b2%d1%8b%d0%b9-%d1%88%d0%b0%d1%80-%d0%bc%d0%b5%d0%b4%d0%b2%d0%b5%d0%b6%d0%be-2\/#primaryimage"},"thumbnailUrl":"https:\/\/www.gintaresgeles.lt\/wp-content\/uploads\/2025\/06\/Menulis-skaidrios-rozines-spalvos-su-mielu-meskiuku-mergaiciu-sventems.png","datePublished":"2025-06-14T09:40:01+00:00","description":"\u0424\u043e\u043b\u044c\u0433\u0438\u0440\u043e\u0432\u0430\u043d\u043d\u044b\u0439 \u0448\u0430\u0440 \u00ab\u041c\u0438\u0448\u043a\u0430 \u0422\u0435\u0434\u0434\u0438\u041c\u0435\u0434\u0432\u0435\u0436\u043e\u043d\u043e\u043a \u043d\u0430 \u0440\u043e\u0437\u043e\u0432\u043e\u0439 \u043b\u0443\u043d\u0435\u00bb - \u043c\u044f\u0433\u043a\u043e\u0435 \u0438 \u0443\u044e\u0442\u043d\u043e\u0435 \u0443\u043a\u0440\u0430\u0448\u0435\u043d\u0438\u0435 \u0434\u043b\u044f \u0434\u0435\u0442\u0441\u043a\u043e\u0433\u043e \u043f\u0440\u0430\u0437\u0434\u043d\u0438\u043a\u0430, \u0440\u0430\u0437\u043c\u0435\u0440 \u0448\u0430\u0440\u0430 - 80 \u0445 98 \u0441\u043c.","breadcrumb":{"@id":"https:\/\/www.gintaresgeles.lt\/ru\/puokste\/%d1%84%d0%be%d0%bb%d1%8c%d0%b3%d0%b8%d1%80%d0%be%d0%b2%d0%b0%d0%bd%d0%bd%d1%8b%d0%b9-%d0%b3%d0%b5%d0%bb%d0%b8%d0%b5%d0%b2%d1%8b%d0%b9-%d1%88%d0%b0%d1%80-%d0%bc%d0%b5%d0%b4%d0%b2%d0%b5%d0%b6%d0%be-2\/#breadcrumb"},"inLanguage":"ru-RU","potentialAction":[{"@type":"ReadAction","target":["https:\/\/www.gintaresgeles.lt\/ru\/puokste\/%d1%84%d0%be%d0%bb%d1%8c%d0%b3%d0%b8%d1%80%d0%be%d0%b2%d0%b0%d0%bd%d0%bd%d1%8b%d0%b9-%d0%b3%d0%b5%d0%bb%d0%b8%d0%b5%d0%b2%d1%8b%d0%b9-%d1%88%d0%b0%d1%80-%d0%bc%d0%b5%d0%b4%d0%b2%d0%b5%d0%b6%d0%be-2\/"]}]},{"@type":"ImageObject","inLanguage":"ru-RU","@id":"https:\/\/www.gintaresgeles.lt\/ru\/puokste\/%d1%84%d0%be%d0%bb%d1%8c%d0%b3%d0%b8%d1%80%d0%be%d0%b2%d0%b0%d0%bd%d0%bd%d1%8b%d0%b9-%d0%b3%d0%b5%d0%bb%d0%b8%d0%b5%d0%b2%d1%8b%d0%b9-%d1%88%d0%b0%d1%80-%d0%bc%d0%b5%d0%b4%d0%b2%d0%b5%d0%b6%d0%be-2\/#primaryimage","url":"https:\/\/www.gintaresgeles.lt\/wp-content\/uploads\/2025\/06\/Menulis-skaidrios-rozines-spalvos-su-mielu-meskiuku-mergaiciu-sventems.png","contentUrl":"https:\/\/www.gintaresgeles.lt\/wp-content\/uploads\/2025\/06\/Menulis-skaidrios-rozines-spalvos-su-mielu-meskiuku-mergaiciu-sventems.png","width":800,"height":804,"caption":"M\u0117nulio formos bei ro\u017ein\u0117s spalvos \u017eaismingas folinis balionas suteikiantis mielas emocijas"},{"@type":"BreadcrumbList","@id":"https:\/\/www.gintaresgeles.lt\/ru\/puokste\/%d1%84%d0%be%d0%bb%d1%8c%d0%b3%d0%b8%d1%80%d0%be%d0%b2%d0%b0%d0%bd%d0%bd%d1%8b%d0%b9-%d0%b3%d0%b5%d0%bb%d0%b8%d0%b5%d0%b2%d1%8b%d0%b9-%d1%88%d0%b0%d1%80-%d0%bc%d0%b5%d0%b4%d0%b2%d0%b5%d0%b6%d0%be-2\/#breadcrumb","itemListElement":[{"@type":"ListItem","position":1,"name":"Prad\u017eia","item":"https:\/\/www.gintaresgeles.lt\/ru\/"},{"@type":"ListItem","position":2,"name":"\u0412\u0441\u0435 \u0446\u0432\u0435\u0442\u044b \u0438 \u0434\u0440\u0443\u0433\u0438\u0435 \u043f\u0440\u043e\u0434\u0443\u043a\u0442\u044b","item":"https:\/\/www.gintaresgeles.lt\/ru\/vse-cvety-i-drugie-produkty\/"},{"@type":"ListItem","position":3,"name":"\u0424\u043e\u043b\u044c\u0433\u0438\u0440\u043e\u0432\u0430\u043d\u043d\u044b\u0439 \u0433\u0435\u043b\u0438\u0435\u0432\u044b\u0439 \u0448\u0430\u0440 &#8222;\u041c\u0435\u0434\u0432\u0435\u0436\u043e\u043d\u043e\u043a \u043d\u0430 \u0440\u043e\u0437\u043e\u0432\u043e\u0439 \u043b\u0443\u043d\u0435&#8221;"}]},{"@type":"WebSite","@id":"https:\/\/www.gintaresgeles.lt\/ru\/#website","url":"https:\/\/www.gintaresgeles.lt\/ru\/","name":"Gintares Geles","description":"\u0414\u043e\u0441\u0442\u0430\u0432\u043a\u0430 \u0446\u0432\u0435\u0442\u043e\u0432 \u0432 \u0412\u0438\u043b\u044c\u043d\u044e\u0441\u0435 | \u0412 \u0442\u043e\u0442 \u0436\u0435 \u0434\u0435\u043d\u044c | Gintares geles","potentialAction":[{"@type":"SearchAction","target":{"@type":"EntryPoint","urlTemplate":"https:\/\/www.gintaresgeles.lt\/ru\/?s={search_term_string}"},"query-input":{"@type":"PropertyValueSpecification","valueRequired":true,"valueName":"search_term_string"}}],"inLanguage":"ru-RU"}]}},"_links":{"self":[{"href":"https:\/\/www.gintaresgeles.lt\/ru\/wp-json\/wp\/v2\/product\/55983","targetHints":{"allow":["GET"]}}],"collection":[{"href":"https:\/\/www.gintaresgeles.lt\/ru\/wp-json\/wp\/v2\/product"}],"about":[{"href":"https:\/\/www.gintaresgeles.lt\/ru\/wp-json\/wp\/v2\/types\/product"}],"wp:featuredmedia":[{"embeddable":true,"href":"https:\/\/www.gintaresgeles.lt\/ru\/wp-json\/wp\/v2\/media\/55596"}],"wp:attachment":[{"href":"https:\/\/www.gintaresgeles.lt\/ru\/wp-json\/wp\/v2\/media?parent=55983"}],"wp:term":[{"taxonomy":"product_brand","embeddable":true,"href":"https:\/\/www.gintaresgeles.lt\/ru\/wp-json\/wp\/v2\/product_brand?post=55983"},{"taxonomy":"product_cat","embeddable":true,"href":"https:\/\/www.gintaresgeles.lt\/ru\/wp-json\/wp\/v2\/product_cat?post=55983"},{"taxonomy":"product_tag","embeddable":true,"href":"https:\/\/www.gintaresgeles.lt\/ru\/wp-json\/wp\/v2\/product_tag?post=55983"}],"curies":[{"name":"wp","href":"https:\/\/api.w.org\/{rel}","templated":true}]}}