{"id":55988,"date":"2025-06-06T17:34:09","date_gmt":"2025-06-06T14:34:09","guid":{"rendered":"https:\/\/www.gintaresgeles.lt\/puokste\/%d0%b1%d1%83%d0%ba%d0%b5%d1%82-%d0%bb%d0%b0%d0%b2%d0%b0%d0%bd%d0%b4%d0%be%d0%b2%d1%8b%d1%85-%d1%80%d0%be%d0%b7\/"},"modified":"2026-02-12T06:32:32","modified_gmt":"2026-02-12T04:32:32","slug":"%d0%b1%d1%83%d0%ba%d0%b5%d1%82-%d0%bb%d0%b0%d0%b2%d0%b0%d0%bd%d0%b4%d0%be%d0%b2%d1%8b%d1%85-%d1%80%d0%be%d0%b7","status":"publish","type":"product","link":"https:\/\/www.gintaresgeles.lt\/ru\/puokste\/%d0%b1%d1%83%d0%ba%d0%b5%d1%82-%d0%bb%d0%b0%d0%b2%d0%b0%d0%bd%d0%b4%d0%be%d0%b2%d1%8b%d1%85-%d1%80%d0%be%d0%b7\/","title":{"rendered":"\u0411\u0443\u043a\u0435\u0442 \u043b\u0430\u0432\u0430\u043d\u0434\u043e\u0432\u044b\u0445 \u0440\u043e\u0437"},"content":{"rendered":"","protected":false},"excerpt":{"rendered":"<p>\u041d\u0435\u0436\u043d\u044b\u0435 \u0441\u0438\u0440\u0435\u043d\u0435\u0432\u044b\u0435 \u0440\u043e\u0437\u044b, \u0441\u043b\u043e\u0432\u043d\u043e \u0438\u0437 \u0441\u043a\u0430\u0437\u043a\u0438, \u0438\u0441\u0442\u043e\u0447\u0430\u044e\u0442 \u043e\u0441\u043e\u0431\u043e\u0435 \u043e\u0447\u0430\u0440\u043e\u0432\u0430\u043d\u0438\u0435, \u0430 \u044d\u043b\u0435\u0433\u0430\u043d\u0442\u043d\u0430\u044f \u0443\u043f\u0430\u043a\u043e\u0432\u043a\u0430 \u043f\u043e\u0434\u0447\u0435\u0440\u043a\u0438\u0432\u0430\u0435\u0442 \u0438\u0445 \u043a\u0440\u0430\u0441\u043e\u0442\u0443. \u0418\u0434\u0435\u0430\u043b\u044c\u043d\u044b\u0439 \u043f\u043e\u0434\u0430\u0440\u043e\u043a \u0434\u043b\u044f \u0442\u0435\u0445, \u043a\u0442\u043e \u0446\u0435\u043d\u0438\u0442 \u044d\u043a\u0441\u043a\u043b\u044e\u0437\u0438\u0432\u043d\u043e\u0441\u0442\u044c \u0438 \u043c\u0430\u0433\u0438\u044e \u0446\u0432\u0435\u0442\u043e\u0432!<\/p>\n","protected":false},"featured_media":55600,"template":"","meta":[],"product_brand":[],"product_cat":[975,1000,977,970,971,976,969,2181,1363,972,2182,965,967,966,968,973,964,1902],"product_tag":[],"class_list":{"0":"post-55988","1":"product","2":"type-product","3":"status-publish","4":"has-post-thumbnail","6":"product_cat-14--","7":"product_cat-1000","8":"product_cat-977","9":"product_cat-970","10":"product_cat-971","11":"product_cat-976","12":"product_cat-969","13":"product_cat-2181","14":"product_cat-cveti-8-marta","15":"product_cat-972","16":"product_cat-2182","17":"product_cat-965","18":"product_cat-967","19":"product_cat-966","20":"product_cat-968","21":"product_cat-973","22":"product_cat-964","23":"product_cat-1902","24":"tm-has-options","26":"first","27":"instock","28":"taxable","29":"shipping-taxable","30":"purchasable","31":"product-type-variable"},"yoast_head":"<!-- This site is optimized with the Yoast SEO plugin v25.3 - https:\/\/yoast.com\/wordpress\/plugins\/seo\/ -->\n<title>\u0411\u0443\u043a\u0435\u0442 \u043b\u0430\u0432\u0430\u043d\u0434\u043e\u0432\u044b\u0445 \u0440\u043e\u0437 | Ro\u017e\u0117s Vilniuje | Gintar\u0117s G\u0117l\u0117s<\/title>\n<meta name=\"description\" content=\"\u041e\u0442\u043a\u0440\u043e\u0439\u0442\u0435 \u0434\u043b\u044f \u0441\u0435\u0431\u044f \u0443\u043d\u0438\u043a\u0430\u043b\u044c\u043d\u044b\u0439 \u0431\u0443\u043a\u0435\u0442 \u0440\u043e\u0437, \u0432 \u043a\u043e\u0442\u043e\u0440\u043e\u043c \u043d\u0435\u0436\u043d\u043e \u043f\u0435\u0440\u0435\u043f\u043b\u0435\u0442\u0430\u044e\u0442\u0441\u044f \u043d\u0435\u0436\u043d\u044b\u0435 \u0441\u0438\u0440\u0435\u043d\u0435\u0432\u044b\u0435 \u0440\u043e\u0437\u044b \u0438 \u044d\u043b\u0435\u0433\u0430\u043d\u0442\u043d\u0430\u044f \u0443\u043f\u0430\u043a\u043e\u0432\u043a\u0430. \u041e\u0442\u043b\u0438\u0447\u043d\u044b\u0439 \u043f\u043e\u0434\u0430\u0440\u043e\u043a \u043d\u0430 \u043b\u044e\u0431\u043e\u0439 \u0441\u043b\u0443\u0447\u0430\u0439!\" \/>\n<meta name=\"robots\" content=\"index, follow, max-snippet:-1, max-image-preview:large, max-video-preview:-1\" \/>\n<link rel=\"canonical\" href=\"https:\/\/www.gintaresgeles.lt\/ru\/puokste\/%d0%b1%d1%83%d0%ba%d0%b5%d1%82-%d0%bb%d0%b0%d0%b2%d0%b0%d0%bd%d0%b4%d0%be%d0%b2%d1%8b%d1%85-%d1%80%d0%be%d0%b7\/\" \/>\n<meta property=\"og:locale\" content=\"ru_RU\" \/>\n<meta property=\"og:type\" content=\"article\" \/>\n<meta property=\"og:title\" content=\"\u0411\u0443\u043a\u0435\u0442 \u043b\u0430\u0432\u0430\u043d\u0434\u043e\u0432\u044b\u0445 \u0440\u043e\u0437 | Ro\u017e\u0117s Vilniuje | Gintar\u0117s G\u0117l\u0117s\" \/>\n<meta property=\"og:description\" content=\"\u041e\u0442\u043a\u0440\u043e\u0439\u0442\u0435 \u0434\u043b\u044f \u0441\u0435\u0431\u044f \u0443\u043d\u0438\u043a\u0430\u043b\u044c\u043d\u044b\u0439 \u0431\u0443\u043a\u0435\u0442 \u0440\u043e\u0437, \u0432 \u043a\u043e\u0442\u043e\u0440\u043e\u043c \u043d\u0435\u0436\u043d\u043e \u043f\u0435\u0440\u0435\u043f\u043b\u0435\u0442\u0430\u044e\u0442\u0441\u044f \u043d\u0435\u0436\u043d\u044b\u0435 \u0441\u0438\u0440\u0435\u043d\u0435\u0432\u044b\u0435 \u0440\u043e\u0437\u044b \u0438 \u044d\u043b\u0435\u0433\u0430\u043d\u0442\u043d\u0430\u044f \u0443\u043f\u0430\u043a\u043e\u0432\u043a\u0430. \u041e\u0442\u043b\u0438\u0447\u043d\u044b\u0439 \u043f\u043e\u0434\u0430\u0440\u043e\u043a \u043d\u0430 \u043b\u044e\u0431\u043e\u0439 \u0441\u043b\u0443\u0447\u0430\u0439!\" \/>\n<meta property=\"og:url\" content=\"https:\/\/www.gintaresgeles.lt\/ru\/puokste\/%d0%b1%d1%83%d0%ba%d0%b5%d1%82-%d0%bb%d0%b0%d0%b2%d0%b0%d0%bd%d0%b4%d0%be%d0%b2%d1%8b%d1%85-%d1%80%d0%be%d0%b7\/\" \/>\n<meta property=\"og:site_name\" content=\"gintaresgeles.lt\" \/>\n<meta property=\"article:modified_time\" content=\"2026-02-12T04:32:32+00:00\" \/>\n<meta property=\"og:image\" content=\"https:\/\/www.gintaresgeles.lt\/wp-content\/uploads\/2025\/06\/DSC_0255-scaled.jpg\" \/>\n\t<meta property=\"og:image:width\" content=\"2560\" \/>\n\t<meta property=\"og:image:height\" content=\"2560\" \/>\n\t<meta property=\"og:image:type\" content=\"image\/jpeg\" \/>\n<meta name=\"twitter:card\" content=\"summary_large_image\" \/>\n<script type=\"application\/ld+json\" class=\"yoast-schema-graph\">{\"@context\":\"https:\/\/schema.org\",\"@graph\":[{\"@type\":\"WebPage\",\"@id\":\"https:\/\/www.gintaresgeles.lt\/ru\/puokste\/%d0%b1%d1%83%d0%ba%d0%b5%d1%82-%d0%bb%d0%b0%d0%b2%d0%b0%d0%bd%d0%b4%d0%be%d0%b2%d1%8b%d1%85-%d1%80%d0%be%d0%b7\/\",\"url\":\"https:\/\/www.gintaresgeles.lt\/ru\/puokste\/%d0%b1%d1%83%d0%ba%d0%b5%d1%82-%d0%bb%d0%b0%d0%b2%d0%b0%d0%bd%d0%b4%d0%be%d0%b2%d1%8b%d1%85-%d1%80%d0%be%d0%b7\/\",\"name\":\"\u0411\u0443\u043a\u0435\u0442 \u043b\u0430\u0432\u0430\u043d\u0434\u043e\u0432\u044b\u0445 \u0440\u043e\u0437 | Ro\u017e\u0117s Vilniuje | Gintar\u0117s G\u0117l\u0117s\",\"isPartOf\":{\"@id\":\"https:\/\/www.gintaresgeles.lt\/ru\/#website\"},\"primaryImageOfPage\":{\"@id\":\"https:\/\/www.gintaresgeles.lt\/ru\/puokste\/%d0%b1%d1%83%d0%ba%d0%b5%d1%82-%d0%bb%d0%b0%d0%b2%d0%b0%d0%bd%d0%b4%d0%be%d0%b2%d1%8b%d1%85-%d1%80%d0%be%d0%b7\/#primaryimage\"},\"image\":{\"@id\":\"https:\/\/www.gintaresgeles.lt\/ru\/puokste\/%d0%b1%d1%83%d0%ba%d0%b5%d1%82-%d0%bb%d0%b0%d0%b2%d0%b0%d0%bd%d0%b4%d0%be%d0%b2%d1%8b%d1%85-%d1%80%d0%be%d0%b7\/#primaryimage\"},\"thumbnailUrl\":\"https:\/\/www.gintaresgeles.lt\/wp-content\/uploads\/2025\/06\/DSC_0255-scaled.jpg\",\"datePublished\":\"2025-06-06T14:34:09+00:00\",\"dateModified\":\"2026-02-12T04:32:32+00:00\",\"description\":\"\u041e\u0442\u043a\u0440\u043e\u0439\u0442\u0435 \u0434\u043b\u044f \u0441\u0435\u0431\u044f \u0443\u043d\u0438\u043a\u0430\u043b\u044c\u043d\u044b\u0439 \u0431\u0443\u043a\u0435\u0442 \u0440\u043e\u0437, \u0432 \u043a\u043e\u0442\u043e\u0440\u043e\u043c \u043d\u0435\u0436\u043d\u043e \u043f\u0435\u0440\u0435\u043f\u043b\u0435\u0442\u0430\u044e\u0442\u0441\u044f \u043d\u0435\u0436\u043d\u044b\u0435 \u0441\u0438\u0440\u0435\u043d\u0435\u0432\u044b\u0435 \u0440\u043e\u0437\u044b \u0438 \u044d\u043b\u0435\u0433\u0430\u043d\u0442\u043d\u0430\u044f \u0443\u043f\u0430\u043a\u043e\u0432\u043a\u0430. \u041e\u0442\u043b\u0438\u0447\u043d\u044b\u0439 \u043f\u043e\u0434\u0430\u0440\u043e\u043a \u043d\u0430 \u043b\u044e\u0431\u043e\u0439 \u0441\u043b\u0443\u0447\u0430\u0439!\",\"breadcrumb\":{\"@id\":\"https:\/\/www.gintaresgeles.lt\/ru\/puokste\/%d0%b1%d1%83%d0%ba%d0%b5%d1%82-%d0%bb%d0%b0%d0%b2%d0%b0%d0%bd%d0%b4%d0%be%d0%b2%d1%8b%d1%85-%d1%80%d0%be%d0%b7\/#breadcrumb\"},\"inLanguage\":\"ru-RU\",\"potentialAction\":[{\"@type\":\"ReadAction\",\"target\":[\"https:\/\/www.gintaresgeles.lt\/ru\/puokste\/%d0%b1%d1%83%d0%ba%d0%b5%d1%82-%d0%bb%d0%b0%d0%b2%d0%b0%d0%bd%d0%b4%d0%be%d0%b2%d1%8b%d1%85-%d1%80%d0%be%d0%b7\/\"]}]},{\"@type\":\"ImageObject\",\"inLanguage\":\"ru-RU\",\"@id\":\"https:\/\/www.gintaresgeles.lt\/ru\/puokste\/%d0%b1%d1%83%d0%ba%d0%b5%d1%82-%d0%bb%d0%b0%d0%b2%d0%b0%d0%bd%d0%b4%d0%be%d0%b2%d1%8b%d1%85-%d1%80%d0%be%d0%b7\/#primaryimage\",\"url\":\"https:\/\/www.gintaresgeles.lt\/wp-content\/uploads\/2025\/06\/DSC_0255-scaled.jpg\",\"contentUrl\":\"https:\/\/www.gintaresgeles.lt\/wp-content\/uploads\/2025\/06\/DSC_0255-scaled.jpg\",\"width\":2560,\"height\":2560,\"caption\":\"Levandin\u0117s spalvos ro\u017e\u0117s puok\u0161t\u0117je gimtadienio proga\"},{\"@type\":\"BreadcrumbList\",\"@id\":\"https:\/\/www.gintaresgeles.lt\/ru\/puokste\/%d0%b1%d1%83%d0%ba%d0%b5%d1%82-%d0%bb%d0%b0%d0%b2%d0%b0%d0%bd%d0%b4%d0%be%d0%b2%d1%8b%d1%85-%d1%80%d0%be%d0%b7\/#breadcrumb\",\"itemListElement\":[{\"@type\":\"ListItem\",\"position\":1,\"name\":\"Prad\u017eia\",\"item\":\"https:\/\/www.gintaresgeles.lt\/ru\/\"},{\"@type\":\"ListItem\",\"position\":2,\"name\":\"\u0412\u0441\u0435 \u0446\u0432\u0435\u0442\u044b \u0438 \u0434\u0440\u0443\u0433\u0438\u0435 \u043f\u0440\u043e\u0434\u0443\u043a\u0442\u044b\",\"item\":\"https:\/\/www.gintaresgeles.lt\/ru\/vse-cvety-i-drugie-produkty\/\"},{\"@type\":\"ListItem\",\"position\":3,\"name\":\"\u0411\u0443\u043a\u0435\u0442 \u043b\u0430\u0432\u0430\u043d\u0434\u043e\u0432\u044b\u0445 \u0440\u043e\u0437\"}]},{\"@type\":\"WebSite\",\"@id\":\"https:\/\/www.gintaresgeles.lt\/ru\/#website\",\"url\":\"https:\/\/www.gintaresgeles.lt\/ru\/\",\"name\":\"gintaresgeles.lt\",\"description\":\"G\u0117li\u0173 parduotuv\u0117 internete\",\"potentialAction\":[{\"@type\":\"SearchAction\",\"target\":{\"@type\":\"EntryPoint\",\"urlTemplate\":\"https:\/\/www.gintaresgeles.lt\/ru\/?s={search_term_string}\"},\"query-input\":{\"@type\":\"PropertyValueSpecification\",\"valueRequired\":true,\"valueName\":\"search_term_string\"}}],\"inLanguage\":\"ru-RU\"}]}<\/script>\n<!-- \/ Yoast SEO plugin. -->","yoast_head_json":{"title":"\u0411\u0443\u043a\u0435\u0442 \u043b\u0430\u0432\u0430\u043d\u0434\u043e\u0432\u044b\u0445 \u0440\u043e\u0437 | Ro\u017e\u0117s Vilniuje | Gintar\u0117s G\u0117l\u0117s","description":"\u041e\u0442\u043a\u0440\u043e\u0439\u0442\u0435 \u0434\u043b\u044f \u0441\u0435\u0431\u044f \u0443\u043d\u0438\u043a\u0430\u043b\u044c\u043d\u044b\u0439 \u0431\u0443\u043a\u0435\u0442 \u0440\u043e\u0437, \u0432 \u043a\u043e\u0442\u043e\u0440\u043e\u043c \u043d\u0435\u0436\u043d\u043e \u043f\u0435\u0440\u0435\u043f\u043b\u0435\u0442\u0430\u044e\u0442\u0441\u044f \u043d\u0435\u0436\u043d\u044b\u0435 \u0441\u0438\u0440\u0435\u043d\u0435\u0432\u044b\u0435 \u0440\u043e\u0437\u044b \u0438 \u044d\u043b\u0435\u0433\u0430\u043d\u0442\u043d\u0430\u044f \u0443\u043f\u0430\u043a\u043e\u0432\u043a\u0430. \u041e\u0442\u043b\u0438\u0447\u043d\u044b\u0439 \u043f\u043e\u0434\u0430\u0440\u043e\u043a \u043d\u0430 \u043b\u044e\u0431\u043e\u0439 \u0441\u043b\u0443\u0447\u0430\u0439!","robots":{"index":"index","follow":"follow","max-snippet":"max-snippet:-1","max-image-preview":"max-image-preview:large","max-video-preview":"max-video-preview:-1"},"canonical":"https:\/\/www.gintaresgeles.lt\/ru\/puokste\/%d0%b1%d1%83%d0%ba%d0%b5%d1%82-%d0%bb%d0%b0%d0%b2%d0%b0%d0%bd%d0%b4%d0%be%d0%b2%d1%8b%d1%85-%d1%80%d0%be%d0%b7\/","og_locale":"ru_RU","og_type":"article","og_title":"\u0411\u0443\u043a\u0435\u0442 \u043b\u0430\u0432\u0430\u043d\u0434\u043e\u0432\u044b\u0445 \u0440\u043e\u0437 | Ro\u017e\u0117s Vilniuje | Gintar\u0117s G\u0117l\u0117s","og_description":"\u041e\u0442\u043a\u0440\u043e\u0439\u0442\u0435 \u0434\u043b\u044f \u0441\u0435\u0431\u044f \u0443\u043d\u0438\u043a\u0430\u043b\u044c\u043d\u044b\u0439 \u0431\u0443\u043a\u0435\u0442 \u0440\u043e\u0437, \u0432 \u043a\u043e\u0442\u043e\u0440\u043e\u043c \u043d\u0435\u0436\u043d\u043e \u043f\u0435\u0440\u0435\u043f\u043b\u0435\u0442\u0430\u044e\u0442\u0441\u044f \u043d\u0435\u0436\u043d\u044b\u0435 \u0441\u0438\u0440\u0435\u043d\u0435\u0432\u044b\u0435 \u0440\u043e\u0437\u044b \u0438 \u044d\u043b\u0435\u0433\u0430\u043d\u0442\u043d\u0430\u044f \u0443\u043f\u0430\u043a\u043e\u0432\u043a\u0430. \u041e\u0442\u043b\u0438\u0447\u043d\u044b\u0439 \u043f\u043e\u0434\u0430\u0440\u043e\u043a \u043d\u0430 \u043b\u044e\u0431\u043e\u0439 \u0441\u043b\u0443\u0447\u0430\u0439!","og_url":"https:\/\/www.gintaresgeles.lt\/ru\/puokste\/%d0%b1%d1%83%d0%ba%d0%b5%d1%82-%d0%bb%d0%b0%d0%b2%d0%b0%d0%bd%d0%b4%d0%be%d0%b2%d1%8b%d1%85-%d1%80%d0%be%d0%b7\/","og_site_name":"gintaresgeles.lt","article_modified_time":"2026-02-12T04:32:32+00:00","og_image":[{"width":2560,"height":2560,"url":"https:\/\/www.gintaresgeles.lt\/wp-content\/uploads\/2025\/06\/DSC_0255-scaled.jpg","type":"image\/jpeg"}],"twitter_card":"summary_large_image","schema":{"@context":"https:\/\/schema.org","@graph":[{"@type":"WebPage","@id":"https:\/\/www.gintaresgeles.lt\/ru\/puokste\/%d0%b1%d1%83%d0%ba%d0%b5%d1%82-%d0%bb%d0%b0%d0%b2%d0%b0%d0%bd%d0%b4%d0%be%d0%b2%d1%8b%d1%85-%d1%80%d0%be%d0%b7\/","url":"https:\/\/www.gintaresgeles.lt\/ru\/puokste\/%d0%b1%d1%83%d0%ba%d0%b5%d1%82-%d0%bb%d0%b0%d0%b2%d0%b0%d0%bd%d0%b4%d0%be%d0%b2%d1%8b%d1%85-%d1%80%d0%be%d0%b7\/","name":"\u0411\u0443\u043a\u0435\u0442 \u043b\u0430\u0432\u0430\u043d\u0434\u043e\u0432\u044b\u0445 \u0440\u043e\u0437 | Ro\u017e\u0117s Vilniuje | Gintar\u0117s G\u0117l\u0117s","isPartOf":{"@id":"https:\/\/www.gintaresgeles.lt\/ru\/#website"},"primaryImageOfPage":{"@id":"https:\/\/www.gintaresgeles.lt\/ru\/puokste\/%d0%b1%d1%83%d0%ba%d0%b5%d1%82-%d0%bb%d0%b0%d0%b2%d0%b0%d0%bd%d0%b4%d0%be%d0%b2%d1%8b%d1%85-%d1%80%d0%be%d0%b7\/#primaryimage"},"image":{"@id":"https:\/\/www.gintaresgeles.lt\/ru\/puokste\/%d0%b1%d1%83%d0%ba%d0%b5%d1%82-%d0%bb%d0%b0%d0%b2%d0%b0%d0%bd%d0%b4%d0%be%d0%b2%d1%8b%d1%85-%d1%80%d0%be%d0%b7\/#primaryimage"},"thumbnailUrl":"https:\/\/www.gintaresgeles.lt\/wp-content\/uploads\/2025\/06\/DSC_0255-scaled.jpg","datePublished":"2025-06-06T14:34:09+00:00","dateModified":"2026-02-12T04:32:32+00:00","description":"\u041e\u0442\u043a\u0440\u043e\u0439\u0442\u0435 \u0434\u043b\u044f \u0441\u0435\u0431\u044f \u0443\u043d\u0438\u043a\u0430\u043b\u044c\u043d\u044b\u0439 \u0431\u0443\u043a\u0435\u0442 \u0440\u043e\u0437, \u0432 \u043a\u043e\u0442\u043e\u0440\u043e\u043c \u043d\u0435\u0436\u043d\u043e \u043f\u0435\u0440\u0435\u043f\u043b\u0435\u0442\u0430\u044e\u0442\u0441\u044f \u043d\u0435\u0436\u043d\u044b\u0435 \u0441\u0438\u0440\u0435\u043d\u0435\u0432\u044b\u0435 \u0440\u043e\u0437\u044b \u0438 \u044d\u043b\u0435\u0433\u0430\u043d\u0442\u043d\u0430\u044f \u0443\u043f\u0430\u043a\u043e\u0432\u043a\u0430. \u041e\u0442\u043b\u0438\u0447\u043d\u044b\u0439 \u043f\u043e\u0434\u0430\u0440\u043e\u043a \u043d\u0430 \u043b\u044e\u0431\u043e\u0439 \u0441\u043b\u0443\u0447\u0430\u0439!","breadcrumb":{"@id":"https:\/\/www.gintaresgeles.lt\/ru\/puokste\/%d0%b1%d1%83%d0%ba%d0%b5%d1%82-%d0%bb%d0%b0%d0%b2%d0%b0%d0%bd%d0%b4%d0%be%d0%b2%d1%8b%d1%85-%d1%80%d0%be%d0%b7\/#breadcrumb"},"inLanguage":"ru-RU","potentialAction":[{"@type":"ReadAction","target":["https:\/\/www.gintaresgeles.lt\/ru\/puokste\/%d0%b1%d1%83%d0%ba%d0%b5%d1%82-%d0%bb%d0%b0%d0%b2%d0%b0%d0%bd%d0%b4%d0%be%d0%b2%d1%8b%d1%85-%d1%80%d0%be%d0%b7\/"]}]},{"@type":"ImageObject","inLanguage":"ru-RU","@id":"https:\/\/www.gintaresgeles.lt\/ru\/puokste\/%d0%b1%d1%83%d0%ba%d0%b5%d1%82-%d0%bb%d0%b0%d0%b2%d0%b0%d0%bd%d0%b4%d0%be%d0%b2%d1%8b%d1%85-%d1%80%d0%be%d0%b7\/#primaryimage","url":"https:\/\/www.gintaresgeles.lt\/wp-content\/uploads\/2025\/06\/DSC_0255-scaled.jpg","contentUrl":"https:\/\/www.gintaresgeles.lt\/wp-content\/uploads\/2025\/06\/DSC_0255-scaled.jpg","width":2560,"height":2560,"caption":"Levandin\u0117s spalvos ro\u017e\u0117s puok\u0161t\u0117je gimtadienio proga"},{"@type":"BreadcrumbList","@id":"https:\/\/www.gintaresgeles.lt\/ru\/puokste\/%d0%b1%d1%83%d0%ba%d0%b5%d1%82-%d0%bb%d0%b0%d0%b2%d0%b0%d0%bd%d0%b4%d0%be%d0%b2%d1%8b%d1%85-%d1%80%d0%be%d0%b7\/#breadcrumb","itemListElement":[{"@type":"ListItem","position":1,"name":"Prad\u017eia","item":"https:\/\/www.gintaresgeles.lt\/ru\/"},{"@type":"ListItem","position":2,"name":"\u0412\u0441\u0435 \u0446\u0432\u0435\u0442\u044b \u0438 \u0434\u0440\u0443\u0433\u0438\u0435 \u043f\u0440\u043e\u0434\u0443\u043a\u0442\u044b","item":"https:\/\/www.gintaresgeles.lt\/ru\/vse-cvety-i-drugie-produkty\/"},{"@type":"ListItem","position":3,"name":"\u0411\u0443\u043a\u0435\u0442 \u043b\u0430\u0432\u0430\u043d\u0434\u043e\u0432\u044b\u0445 \u0440\u043e\u0437"}]},{"@type":"WebSite","@id":"https:\/\/www.gintaresgeles.lt\/ru\/#website","url":"https:\/\/www.gintaresgeles.lt\/ru\/","name":"gintaresgeles.lt","description":"G\u0117li\u0173 parduotuv\u0117 internete","potentialAction":[{"@type":"SearchAction","target":{"@type":"EntryPoint","urlTemplate":"https:\/\/www.gintaresgeles.lt\/ru\/?s={search_term_string}"},"query-input":{"@type":"PropertyValueSpecification","valueRequired":true,"valueName":"search_term_string"}}],"inLanguage":"ru-RU"}]}},"_links":{"self":[{"href":"https:\/\/www.gintaresgeles.lt\/ru\/wp-json\/wp\/v2\/product\/55988","targetHints":{"allow":["GET"]}}],"collection":[{"href":"https:\/\/www.gintaresgeles.lt\/ru\/wp-json\/wp\/v2\/product"}],"about":[{"href":"https:\/\/www.gintaresgeles.lt\/ru\/wp-json\/wp\/v2\/types\/product"}],"wp:featuredmedia":[{"embeddable":true,"href":"https:\/\/www.gintaresgeles.lt\/ru\/wp-json\/wp\/v2\/media\/55600"}],"wp:attachment":[{"href":"https:\/\/www.gintaresgeles.lt\/ru\/wp-json\/wp\/v2\/media?parent=55988"}],"wp:term":[{"taxonomy":"product_brand","embeddable":true,"href":"https:\/\/www.gintaresgeles.lt\/ru\/wp-json\/wp\/v2\/product_brand?post=55988"},{"taxonomy":"product_cat","embeddable":true,"href":"https:\/\/www.gintaresgeles.lt\/ru\/wp-json\/wp\/v2\/product_cat?post=55988"},{"taxonomy":"product_tag","embeddable":true,"href":"https:\/\/www.gintaresgeles.lt\/ru\/wp-json\/wp\/v2\/product_tag?post=55988"}],"curies":[{"name":"wp","href":"https:\/\/api.w.org\/{rel}","templated":true}]}}