{"id":56747,"date":"2025-07-05T09:26:35","date_gmt":"2025-07-05T06:26:35","guid":{"rendered":"https:\/\/www.gintaresgeles.lt\/puokste\/%d1%80%d0%b5%d0%b7%d0%b8%d0%bd%d0%be%d0%b2%d1%8b%d0%b9-%d0%b3%d0%b5%d0%bb%d0%b8%d0%b5%d0%b2%d1%8b%d0%b9-%d1%88%d0%b0%d1%80%d0%b8%d0%ba-%d0%b3%d0%be%d0%bb%d1%83%d0%b1%d1%8c\/"},"modified":"2025-07-05T09:26:35","modified_gmt":"2025-07-05T06:26:35","slug":"%d1%80%d0%b5%d0%b7%d0%b8%d0%bd%d0%be%d0%b2%d1%8b%d0%b9-%d0%b3%d0%b5%d0%bb%d0%b8%d0%b5%d0%b2%d1%8b%d0%b9-%d1%88%d0%b0%d1%80%d0%b8%d0%ba-%d0%b3%d0%be%d0%bb%d1%83%d0%b1%d1%8c","status":"publish","type":"product","link":"https:\/\/www.gintaresgeles.lt\/ru\/puokste\/%d1%80%d0%b5%d0%b7%d0%b8%d0%bd%d0%be%d0%b2%d1%8b%d0%b9-%d0%b3%d0%b5%d0%bb%d0%b8%d0%b5%d0%b2%d1%8b%d0%b9-%d1%88%d0%b0%d1%80%d0%b8%d0%ba-%d0%b3%d0%be%d0%bb%d1%83%d0%b1%d1%8c\/","title":{"rendered":"\u0420\u0435\u0437\u0438\u043d\u043e\u0432\u044b\u0439 \u0433\u0435\u043b\u0438\u0435\u0432\u044b\u0439 \u0448\u0430\u0440\u0438\u043a &#171;\u0413\u043e\u043b\u0443\u0431\u044c&#187;"},"content":{"rendered":"","protected":false},"excerpt":{"rendered":"<p>\u0421\u043e\u0437\u0434\u0430\u0439\u0442\u0435 \u044f\u0440\u043a\u0443\u044e \u0438 \u0443\u044e\u0442\u043d\u0443\u044e \u043f\u0440\u0430\u0437\u0434\u043d\u0438\u0447\u043d\u0443\u044e \u0430\u0442\u043c\u043e\u0441\u0444\u0435\u0440\u0443 \u0441 \u043f\u043e\u043c\u043e\u0449\u044c\u044e \u0431\u0435\u043b\u044b\u0445 \u0448\u0430\u0440\u043e\u0432, \u0443\u043a\u0440\u0430\u0448\u0435\u043d\u043d\u044b\u0445 \u043d\u0435\u0436\u043d\u044b\u043c \u0443\u0437\u043e\u0440\u043e\u043c \u0432 \u0432\u0438\u0434\u0435 \u0437\u043e\u043b\u043e\u0442\u0438\u0441\u0442\u044b\u0445 \u0433\u043e\u043b\u0443\u0431\u0435\u0439. \u042d\u0442\u043e \u043e\u0442\u043b\u0438\u0447\u043d\u044b\u0439 \u0432\u044b\u0431\u043e\u0440 \u0434\u043b\u044f \u041f\u0435\u0440\u0432\u043e\u0433\u043e \u043f\u0440\u0438\u0447\u0430\u0441\u0442\u0438\u044f, \u043a\u0440\u0435\u0441\u0442\u0438\u043d \u0438\u043b\u0438 \u0434\u0440\u0443\u0433\u0438\u0445 \u0442\u043e\u0440\u0436\u0435\u0441\u0442\u0432\u0435\u043d\u043d\u044b\u0445 \u0441\u043e\u0431\u044b\u0442\u0438\u0439.<\/p>\n<p>\u0414\u0438\u0430\u043c\u0435\u0442\u0440 \u0448\u0430\u0440\u0430: 30 \u0441\u043c.<\/p>\n","protected":false},"featured_media":55970,"template":"","meta":[],"product_brand":[],"product_cat":[957,1088,1856,1857],"product_tag":[],"class_list":{"0":"post-56747","1":"product","2":"type-product","3":"status-publish","4":"has-post-thumbnail","6":"product_cat-957","7":"product_cat-1088","8":"product_cat-1856","9":"product_cat-1857","10":"tm-has-options","12":"first","13":"instock","14":"taxable","15":"shipping-taxable","16":"purchasable","17":"product-type-simple"},"yoast_head":"<!-- This site is optimized with the Yoast SEO plugin v25.3 - https:\/\/yoast.com\/wordpress\/plugins\/seo\/ -->\n<title>\u0420\u0435\u0437\u0438\u043d\u043e\u0432\u044b\u0439 \u0433\u0435\u043b\u0438\u0435\u0432\u044b\u0439 \u0448\u0430\u0440\u0438\u043a &quot;\u0413\u043e\u043b\u0443\u0431\u044c&quot; | Gintar\u0117s G\u0117l\u0117s<\/title>\n<meta name=\"description\" content=\"\u0411\u0435\u043b\u044b\u0435 \u0433\u0435\u043b\u0438\u0435\u0432\u044b\u0435 \u0448\u0430\u0440\u044b \u0441 \u0438\u0437\u043e\u0431\u0440\u0430\u0436\u0435\u043d\u0438\u0435\u043c \u0437\u043e\u043b\u043e\u0442\u043e\u0433\u043e \u0433\u043e\u043b\u0443\u0431\u044f (30 \u0441\u043c). \u041f\u043e\u0434\u0445\u043e\u0434\u044f\u0442 \u0434\u043b\u044f \u043f\u0440\u0438\u0447\u0430\u0441\u0442\u0438\u044f \u0438 \u043a\u0440\u0435\u0449\u0435\u043d\u0438\u044f. \u0413\u0435\u043b\u0438\u0435\u0432\u044b\u0435 \u0448\u0430\u0440\u044b \u2014 \u044d\u043a\u043e\u043b\u043e\u0433\u0438\u0447\u043d\u044b\u0439 \u0432\u044b\u0431\u043e\u0440.\" \/>\n<meta name=\"robots\" content=\"index, follow, max-snippet:-1, max-image-preview:large, max-video-preview:-1\" \/>\n<link rel=\"canonical\" href=\"https:\/\/www.gintaresgeles.lt\/ru\/puokste\/%d1%80%d0%b5%d0%b7%d0%b8%d0%bd%d0%be%d0%b2%d1%8b%d0%b9-%d0%b3%d0%b5%d0%bb%d0%b8%d0%b5%d0%b2%d1%8b%d0%b9-%d1%88%d0%b0%d1%80%d0%b8%d0%ba-%d0%b3%d0%be%d0%bb%d1%83%d0%b1%d1%8c\/\" \/>\n<meta property=\"og:locale\" content=\"ru_RU\" \/>\n<meta property=\"og:type\" content=\"article\" \/>\n<meta property=\"og:title\" content=\"\u0420\u0435\u0437\u0438\u043d\u043e\u0432\u044b\u0439 \u0433\u0435\u043b\u0438\u0435\u0432\u044b\u0439 \u0448\u0430\u0440\u0438\u043a &quot;\u0413\u043e\u043b\u0443\u0431\u044c&quot; | Gintar\u0117s G\u0117l\u0117s\" \/>\n<meta property=\"og:description\" content=\"\u0411\u0435\u043b\u044b\u0435 \u0433\u0435\u043b\u0438\u0435\u0432\u044b\u0435 \u0448\u0430\u0440\u044b \u0441 \u0438\u0437\u043e\u0431\u0440\u0430\u0436\u0435\u043d\u0438\u0435\u043c \u0437\u043e\u043b\u043e\u0442\u043e\u0433\u043e \u0433\u043e\u043b\u0443\u0431\u044f (30 \u0441\u043c). \u041f\u043e\u0434\u0445\u043e\u0434\u044f\u0442 \u0434\u043b\u044f \u043f\u0440\u0438\u0447\u0430\u0441\u0442\u0438\u044f \u0438 \u043a\u0440\u0435\u0449\u0435\u043d\u0438\u044f. \u0413\u0435\u043b\u0438\u0435\u0432\u044b\u0435 \u0448\u0430\u0440\u044b \u2014 \u044d\u043a\u043e\u043b\u043e\u0433\u0438\u0447\u043d\u044b\u0439 \u0432\u044b\u0431\u043e\u0440.\" \/>\n<meta property=\"og:url\" content=\"https:\/\/www.gintaresgeles.lt\/ru\/puokste\/%d1%80%d0%b5%d0%b7%d0%b8%d0%bd%d0%be%d0%b2%d1%8b%d0%b9-%d0%b3%d0%b5%d0%bb%d0%b8%d0%b5%d0%b2%d1%8b%d0%b9-%d1%88%d0%b0%d1%80%d0%b8%d0%ba-%d0%b3%d0%be%d0%bb%d1%83%d0%b1%d1%8c\/\" \/>\n<meta property=\"og:site_name\" content=\"gintaresgeles.lt\" \/>\n<meta property=\"og:image\" content=\"https:\/\/www.gintaresgeles.lt\/wp-content\/uploads\/2025\/06\/Komunijos-ar-krikstynu-ar-vestuviu-balionas.png\" \/>\n\t<meta property=\"og:image:width\" content=\"900\" \/>\n\t<meta property=\"og:image:height\" content=\"900\" \/>\n\t<meta property=\"og:image:type\" content=\"image\/png\" \/>\n<meta name=\"twitter:card\" content=\"summary_large_image\" \/>\n<script type=\"application\/ld+json\" class=\"yoast-schema-graph\">{\"@context\":\"https:\/\/schema.org\",\"@graph\":[{\"@type\":\"WebPage\",\"@id\":\"https:\/\/www.gintaresgeles.lt\/ru\/puokste\/%d1%80%d0%b5%d0%b7%d0%b8%d0%bd%d0%be%d0%b2%d1%8b%d0%b9-%d0%b3%d0%b5%d0%bb%d0%b8%d0%b5%d0%b2%d1%8b%d0%b9-%d1%88%d0%b0%d1%80%d0%b8%d0%ba-%d0%b3%d0%be%d0%bb%d1%83%d0%b1%d1%8c\/\",\"url\":\"https:\/\/www.gintaresgeles.lt\/ru\/puokste\/%d1%80%d0%b5%d0%b7%d0%b8%d0%bd%d0%be%d0%b2%d1%8b%d0%b9-%d0%b3%d0%b5%d0%bb%d0%b8%d0%b5%d0%b2%d1%8b%d0%b9-%d1%88%d0%b0%d1%80%d0%b8%d0%ba-%d0%b3%d0%be%d0%bb%d1%83%d0%b1%d1%8c\/\",\"name\":\"\u0420\u0435\u0437\u0438\u043d\u043e\u0432\u044b\u0439 \u0433\u0435\u043b\u0438\u0435\u0432\u044b\u0439 \u0448\u0430\u0440\u0438\u043a \\\"\u0413\u043e\u043b\u0443\u0431\u044c\\\" | Gintar\u0117s G\u0117l\u0117s\",\"isPartOf\":{\"@id\":\"https:\/\/www.gintaresgeles.lt\/ru\/#website\"},\"primaryImageOfPage\":{\"@id\":\"https:\/\/www.gintaresgeles.lt\/ru\/puokste\/%d1%80%d0%b5%d0%b7%d0%b8%d0%bd%d0%be%d0%b2%d1%8b%d0%b9-%d0%b3%d0%b5%d0%bb%d0%b8%d0%b5%d0%b2%d1%8b%d0%b9-%d1%88%d0%b0%d1%80%d0%b8%d0%ba-%d0%b3%d0%be%d0%bb%d1%83%d0%b1%d1%8c\/#primaryimage\"},\"image\":{\"@id\":\"https:\/\/www.gintaresgeles.lt\/ru\/puokste\/%d1%80%d0%b5%d0%b7%d0%b8%d0%bd%d0%be%d0%b2%d1%8b%d0%b9-%d0%b3%d0%b5%d0%bb%d0%b8%d0%b5%d0%b2%d1%8b%d0%b9-%d1%88%d0%b0%d1%80%d0%b8%d0%ba-%d0%b3%d0%be%d0%bb%d1%83%d0%b1%d1%8c\/#primaryimage\"},\"thumbnailUrl\":\"https:\/\/www.gintaresgeles.lt\/wp-content\/uploads\/2025\/06\/Komunijos-ar-krikstynu-ar-vestuviu-balionas.png\",\"datePublished\":\"2025-07-05T06:26:35+00:00\",\"description\":\"\u0411\u0435\u043b\u044b\u0435 \u0433\u0435\u043b\u0438\u0435\u0432\u044b\u0435 \u0448\u0430\u0440\u044b \u0441 \u0438\u0437\u043e\u0431\u0440\u0430\u0436\u0435\u043d\u0438\u0435\u043c \u0437\u043e\u043b\u043e\u0442\u043e\u0433\u043e \u0433\u043e\u043b\u0443\u0431\u044f (30 \u0441\u043c). \u041f\u043e\u0434\u0445\u043e\u0434\u044f\u0442 \u0434\u043b\u044f \u043f\u0440\u0438\u0447\u0430\u0441\u0442\u0438\u044f \u0438 \u043a\u0440\u0435\u0449\u0435\u043d\u0438\u044f. \u0413\u0435\u043b\u0438\u0435\u0432\u044b\u0435 \u0448\u0430\u0440\u044b \u2014 \u044d\u043a\u043e\u043b\u043e\u0433\u0438\u0447\u043d\u044b\u0439 \u0432\u044b\u0431\u043e\u0440.\",\"breadcrumb\":{\"@id\":\"https:\/\/www.gintaresgeles.lt\/ru\/puokste\/%d1%80%d0%b5%d0%b7%d0%b8%d0%bd%d0%be%d0%b2%d1%8b%d0%b9-%d0%b3%d0%b5%d0%bb%d0%b8%d0%b5%d0%b2%d1%8b%d0%b9-%d1%88%d0%b0%d1%80%d0%b8%d0%ba-%d0%b3%d0%be%d0%bb%d1%83%d0%b1%d1%8c\/#breadcrumb\"},\"inLanguage\":\"ru-RU\",\"potentialAction\":[{\"@type\":\"ReadAction\",\"target\":[\"https:\/\/www.gintaresgeles.lt\/ru\/puokste\/%d1%80%d0%b5%d0%b7%d0%b8%d0%bd%d0%be%d0%b2%d1%8b%d0%b9-%d0%b3%d0%b5%d0%bb%d0%b8%d0%b5%d0%b2%d1%8b%d0%b9-%d1%88%d0%b0%d1%80%d0%b8%d0%ba-%d0%b3%d0%be%d0%bb%d1%83%d0%b1%d1%8c\/\"]}]},{\"@type\":\"ImageObject\",\"inLanguage\":\"ru-RU\",\"@id\":\"https:\/\/www.gintaresgeles.lt\/ru\/puokste\/%d1%80%d0%b5%d0%b7%d0%b8%d0%bd%d0%be%d0%b2%d1%8b%d0%b9-%d0%b3%d0%b5%d0%bb%d0%b8%d0%b5%d0%b2%d1%8b%d0%b9-%d1%88%d0%b0%d1%80%d0%b8%d0%ba-%d0%b3%d0%be%d0%bb%d1%83%d0%b1%d1%8c\/#primaryimage\",\"url\":\"https:\/\/www.gintaresgeles.lt\/wp-content\/uploads\/2025\/06\/Komunijos-ar-krikstynu-ar-vestuviu-balionas.png\",\"contentUrl\":\"https:\/\/www.gintaresgeles.lt\/wp-content\/uploads\/2025\/06\/Komunijos-ar-krikstynu-ar-vestuviu-balionas.png\",\"width\":900,\"height\":900,\"caption\":\"Baltas guminis balionas su auksiniu baland\u017eiu svarbioms \u0161vent\u0117ms\"},{\"@type\":\"BreadcrumbList\",\"@id\":\"https:\/\/www.gintaresgeles.lt\/ru\/puokste\/%d1%80%d0%b5%d0%b7%d0%b8%d0%bd%d0%be%d0%b2%d1%8b%d0%b9-%d0%b3%d0%b5%d0%bb%d0%b8%d0%b5%d0%b2%d1%8b%d0%b9-%d1%88%d0%b0%d1%80%d0%b8%d0%ba-%d0%b3%d0%be%d0%bb%d1%83%d0%b1%d1%8c\/#breadcrumb\",\"itemListElement\":[{\"@type\":\"ListItem\",\"position\":1,\"name\":\"Prad\u017eia\",\"item\":\"https:\/\/www.gintaresgeles.lt\/ru\/\"},{\"@type\":\"ListItem\",\"position\":2,\"name\":\"\u0412\u0441\u0435 \u0446\u0432\u0435\u0442\u044b \u0438 \u0434\u0440\u0443\u0433\u0438\u0435 \u043f\u0440\u043e\u0434\u0443\u043a\u0442\u044b\",\"item\":\"https:\/\/www.gintaresgeles.lt\/ru\/vse-cvety-i-drugie-produkty\/\"},{\"@type\":\"ListItem\",\"position\":3,\"name\":\"\u0420\u0435\u0437\u0438\u043d\u043e\u0432\u044b\u0439 \u0433\u0435\u043b\u0438\u0435\u0432\u044b\u0439 \u0448\u0430\u0440\u0438\u043a &#8222;\u0413\u043e\u043b\u0443\u0431\u044c&#8221;\"}]},{\"@type\":\"WebSite\",\"@id\":\"https:\/\/www.gintaresgeles.lt\/ru\/#website\",\"url\":\"https:\/\/www.gintaresgeles.lt\/ru\/\",\"name\":\"Gintares Geles\",\"description\":\"\u0414\u043e\u0441\u0442\u0430\u0432\u043a\u0430 \u0446\u0432\u0435\u0442\u043e\u0432 \u0432 \u0412\u0438\u043b\u044c\u043d\u044e\u0441\u0435 | \u0412 \u0442\u043e\u0442 \u0436\u0435 \u0434\u0435\u043d\u044c | Gintares geles\",\"potentialAction\":[{\"@type\":\"SearchAction\",\"target\":{\"@type\":\"EntryPoint\",\"urlTemplate\":\"https:\/\/www.gintaresgeles.lt\/ru\/?s={search_term_string}\"},\"query-input\":{\"@type\":\"PropertyValueSpecification\",\"valueRequired\":true,\"valueName\":\"search_term_string\"}}],\"inLanguage\":\"ru-RU\"}]}<\/script>\n<!-- \/ Yoast SEO plugin. -->","yoast_head_json":{"title":"\u0420\u0435\u0437\u0438\u043d\u043e\u0432\u044b\u0439 \u0433\u0435\u043b\u0438\u0435\u0432\u044b\u0439 \u0448\u0430\u0440\u0438\u043a \"\u0413\u043e\u043b\u0443\u0431\u044c\" | Gintar\u0117s G\u0117l\u0117s","description":"\u0411\u0435\u043b\u044b\u0435 \u0433\u0435\u043b\u0438\u0435\u0432\u044b\u0435 \u0448\u0430\u0440\u044b \u0441 \u0438\u0437\u043e\u0431\u0440\u0430\u0436\u0435\u043d\u0438\u0435\u043c \u0437\u043e\u043b\u043e\u0442\u043e\u0433\u043e \u0433\u043e\u043b\u0443\u0431\u044f (30 \u0441\u043c). \u041f\u043e\u0434\u0445\u043e\u0434\u044f\u0442 \u0434\u043b\u044f \u043f\u0440\u0438\u0447\u0430\u0441\u0442\u0438\u044f \u0438 \u043a\u0440\u0435\u0449\u0435\u043d\u0438\u044f. \u0413\u0435\u043b\u0438\u0435\u0432\u044b\u0435 \u0448\u0430\u0440\u044b \u2014 \u044d\u043a\u043e\u043b\u043e\u0433\u0438\u0447\u043d\u044b\u0439 \u0432\u044b\u0431\u043e\u0440.","robots":{"index":"index","follow":"follow","max-snippet":"max-snippet:-1","max-image-preview":"max-image-preview:large","max-video-preview":"max-video-preview:-1"},"canonical":"https:\/\/www.gintaresgeles.lt\/ru\/puokste\/%d1%80%d0%b5%d0%b7%d0%b8%d0%bd%d0%be%d0%b2%d1%8b%d0%b9-%d0%b3%d0%b5%d0%bb%d0%b8%d0%b5%d0%b2%d1%8b%d0%b9-%d1%88%d0%b0%d1%80%d0%b8%d0%ba-%d0%b3%d0%be%d0%bb%d1%83%d0%b1%d1%8c\/","og_locale":"ru_RU","og_type":"article","og_title":"\u0420\u0435\u0437\u0438\u043d\u043e\u0432\u044b\u0439 \u0433\u0435\u043b\u0438\u0435\u0432\u044b\u0439 \u0448\u0430\u0440\u0438\u043a \"\u0413\u043e\u043b\u0443\u0431\u044c\" | Gintar\u0117s G\u0117l\u0117s","og_description":"\u0411\u0435\u043b\u044b\u0435 \u0433\u0435\u043b\u0438\u0435\u0432\u044b\u0435 \u0448\u0430\u0440\u044b \u0441 \u0438\u0437\u043e\u0431\u0440\u0430\u0436\u0435\u043d\u0438\u0435\u043c \u0437\u043e\u043b\u043e\u0442\u043e\u0433\u043e \u0433\u043e\u043b\u0443\u0431\u044f (30 \u0441\u043c). \u041f\u043e\u0434\u0445\u043e\u0434\u044f\u0442 \u0434\u043b\u044f \u043f\u0440\u0438\u0447\u0430\u0441\u0442\u0438\u044f \u0438 \u043a\u0440\u0435\u0449\u0435\u043d\u0438\u044f. \u0413\u0435\u043b\u0438\u0435\u0432\u044b\u0435 \u0448\u0430\u0440\u044b \u2014 \u044d\u043a\u043e\u043b\u043e\u0433\u0438\u0447\u043d\u044b\u0439 \u0432\u044b\u0431\u043e\u0440.","og_url":"https:\/\/www.gintaresgeles.lt\/ru\/puokste\/%d1%80%d0%b5%d0%b7%d0%b8%d0%bd%d0%be%d0%b2%d1%8b%d0%b9-%d0%b3%d0%b5%d0%bb%d0%b8%d0%b5%d0%b2%d1%8b%d0%b9-%d1%88%d0%b0%d1%80%d0%b8%d0%ba-%d0%b3%d0%be%d0%bb%d1%83%d0%b1%d1%8c\/","og_site_name":"gintaresgeles.lt","og_image":[{"width":900,"height":900,"url":"https:\/\/www.gintaresgeles.lt\/wp-content\/uploads\/2025\/06\/Komunijos-ar-krikstynu-ar-vestuviu-balionas.png","type":"image\/png"}],"twitter_card":"summary_large_image","schema":{"@context":"https:\/\/schema.org","@graph":[{"@type":"WebPage","@id":"https:\/\/www.gintaresgeles.lt\/ru\/puokste\/%d1%80%d0%b5%d0%b7%d0%b8%d0%bd%d0%be%d0%b2%d1%8b%d0%b9-%d0%b3%d0%b5%d0%bb%d0%b8%d0%b5%d0%b2%d1%8b%d0%b9-%d1%88%d0%b0%d1%80%d0%b8%d0%ba-%d0%b3%d0%be%d0%bb%d1%83%d0%b1%d1%8c\/","url":"https:\/\/www.gintaresgeles.lt\/ru\/puokste\/%d1%80%d0%b5%d0%b7%d0%b8%d0%bd%d0%be%d0%b2%d1%8b%d0%b9-%d0%b3%d0%b5%d0%bb%d0%b8%d0%b5%d0%b2%d1%8b%d0%b9-%d1%88%d0%b0%d1%80%d0%b8%d0%ba-%d0%b3%d0%be%d0%bb%d1%83%d0%b1%d1%8c\/","name":"\u0420\u0435\u0437\u0438\u043d\u043e\u0432\u044b\u0439 \u0433\u0435\u043b\u0438\u0435\u0432\u044b\u0439 \u0448\u0430\u0440\u0438\u043a \"\u0413\u043e\u043b\u0443\u0431\u044c\" | Gintar\u0117s G\u0117l\u0117s","isPartOf":{"@id":"https:\/\/www.gintaresgeles.lt\/ru\/#website"},"primaryImageOfPage":{"@id":"https:\/\/www.gintaresgeles.lt\/ru\/puokste\/%d1%80%d0%b5%d0%b7%d0%b8%d0%bd%d0%be%d0%b2%d1%8b%d0%b9-%d0%b3%d0%b5%d0%bb%d0%b8%d0%b5%d0%b2%d1%8b%d0%b9-%d1%88%d0%b0%d1%80%d0%b8%d0%ba-%d0%b3%d0%be%d0%bb%d1%83%d0%b1%d1%8c\/#primaryimage"},"image":{"@id":"https:\/\/www.gintaresgeles.lt\/ru\/puokste\/%d1%80%d0%b5%d0%b7%d0%b8%d0%bd%d0%be%d0%b2%d1%8b%d0%b9-%d0%b3%d0%b5%d0%bb%d0%b8%d0%b5%d0%b2%d1%8b%d0%b9-%d1%88%d0%b0%d1%80%d0%b8%d0%ba-%d0%b3%d0%be%d0%bb%d1%83%d0%b1%d1%8c\/#primaryimage"},"thumbnailUrl":"https:\/\/www.gintaresgeles.lt\/wp-content\/uploads\/2025\/06\/Komunijos-ar-krikstynu-ar-vestuviu-balionas.png","datePublished":"2025-07-05T06:26:35+00:00","description":"\u0411\u0435\u043b\u044b\u0435 \u0433\u0435\u043b\u0438\u0435\u0432\u044b\u0435 \u0448\u0430\u0440\u044b \u0441 \u0438\u0437\u043e\u0431\u0440\u0430\u0436\u0435\u043d\u0438\u0435\u043c \u0437\u043e\u043b\u043e\u0442\u043e\u0433\u043e \u0433\u043e\u043b\u0443\u0431\u044f (30 \u0441\u043c). \u041f\u043e\u0434\u0445\u043e\u0434\u044f\u0442 \u0434\u043b\u044f \u043f\u0440\u0438\u0447\u0430\u0441\u0442\u0438\u044f \u0438 \u043a\u0440\u0435\u0449\u0435\u043d\u0438\u044f. \u0413\u0435\u043b\u0438\u0435\u0432\u044b\u0435 \u0448\u0430\u0440\u044b \u2014 \u044d\u043a\u043e\u043b\u043e\u0433\u0438\u0447\u043d\u044b\u0439 \u0432\u044b\u0431\u043e\u0440.","breadcrumb":{"@id":"https:\/\/www.gintaresgeles.lt\/ru\/puokste\/%d1%80%d0%b5%d0%b7%d0%b8%d0%bd%d0%be%d0%b2%d1%8b%d0%b9-%d0%b3%d0%b5%d0%bb%d0%b8%d0%b5%d0%b2%d1%8b%d0%b9-%d1%88%d0%b0%d1%80%d0%b8%d0%ba-%d0%b3%d0%be%d0%bb%d1%83%d0%b1%d1%8c\/#breadcrumb"},"inLanguage":"ru-RU","potentialAction":[{"@type":"ReadAction","target":["https:\/\/www.gintaresgeles.lt\/ru\/puokste\/%d1%80%d0%b5%d0%b7%d0%b8%d0%bd%d0%be%d0%b2%d1%8b%d0%b9-%d0%b3%d0%b5%d0%bb%d0%b8%d0%b5%d0%b2%d1%8b%d0%b9-%d1%88%d0%b0%d1%80%d0%b8%d0%ba-%d0%b3%d0%be%d0%bb%d1%83%d0%b1%d1%8c\/"]}]},{"@type":"ImageObject","inLanguage":"ru-RU","@id":"https:\/\/www.gintaresgeles.lt\/ru\/puokste\/%d1%80%d0%b5%d0%b7%d0%b8%d0%bd%d0%be%d0%b2%d1%8b%d0%b9-%d0%b3%d0%b5%d0%bb%d0%b8%d0%b5%d0%b2%d1%8b%d0%b9-%d1%88%d0%b0%d1%80%d0%b8%d0%ba-%d0%b3%d0%be%d0%bb%d1%83%d0%b1%d1%8c\/#primaryimage","url":"https:\/\/www.gintaresgeles.lt\/wp-content\/uploads\/2025\/06\/Komunijos-ar-krikstynu-ar-vestuviu-balionas.png","contentUrl":"https:\/\/www.gintaresgeles.lt\/wp-content\/uploads\/2025\/06\/Komunijos-ar-krikstynu-ar-vestuviu-balionas.png","width":900,"height":900,"caption":"Baltas guminis balionas su auksiniu baland\u017eiu svarbioms \u0161vent\u0117ms"},{"@type":"BreadcrumbList","@id":"https:\/\/www.gintaresgeles.lt\/ru\/puokste\/%d1%80%d0%b5%d0%b7%d0%b8%d0%bd%d0%be%d0%b2%d1%8b%d0%b9-%d0%b3%d0%b5%d0%bb%d0%b8%d0%b5%d0%b2%d1%8b%d0%b9-%d1%88%d0%b0%d1%80%d0%b8%d0%ba-%d0%b3%d0%be%d0%bb%d1%83%d0%b1%d1%8c\/#breadcrumb","itemListElement":[{"@type":"ListItem","position":1,"name":"Prad\u017eia","item":"https:\/\/www.gintaresgeles.lt\/ru\/"},{"@type":"ListItem","position":2,"name":"\u0412\u0441\u0435 \u0446\u0432\u0435\u0442\u044b \u0438 \u0434\u0440\u0443\u0433\u0438\u0435 \u043f\u0440\u043e\u0434\u0443\u043a\u0442\u044b","item":"https:\/\/www.gintaresgeles.lt\/ru\/vse-cvety-i-drugie-produkty\/"},{"@type":"ListItem","position":3,"name":"\u0420\u0435\u0437\u0438\u043d\u043e\u0432\u044b\u0439 \u0433\u0435\u043b\u0438\u0435\u0432\u044b\u0439 \u0448\u0430\u0440\u0438\u043a &#8222;\u0413\u043e\u043b\u0443\u0431\u044c&#8221;"}]},{"@type":"WebSite","@id":"https:\/\/www.gintaresgeles.lt\/ru\/#website","url":"https:\/\/www.gintaresgeles.lt\/ru\/","name":"Gintares Geles","description":"\u0414\u043e\u0441\u0442\u0430\u0432\u043a\u0430 \u0446\u0432\u0435\u0442\u043e\u0432 \u0432 \u0412\u0438\u043b\u044c\u043d\u044e\u0441\u0435 | \u0412 \u0442\u043e\u0442 \u0436\u0435 \u0434\u0435\u043d\u044c | Gintares geles","potentialAction":[{"@type":"SearchAction","target":{"@type":"EntryPoint","urlTemplate":"https:\/\/www.gintaresgeles.lt\/ru\/?s={search_term_string}"},"query-input":{"@type":"PropertyValueSpecification","valueRequired":true,"valueName":"search_term_string"}}],"inLanguage":"ru-RU"}]}},"_links":{"self":[{"href":"https:\/\/www.gintaresgeles.lt\/ru\/wp-json\/wp\/v2\/product\/56747","targetHints":{"allow":["GET"]}}],"collection":[{"href":"https:\/\/www.gintaresgeles.lt\/ru\/wp-json\/wp\/v2\/product"}],"about":[{"href":"https:\/\/www.gintaresgeles.lt\/ru\/wp-json\/wp\/v2\/types\/product"}],"wp:featuredmedia":[{"embeddable":true,"href":"https:\/\/www.gintaresgeles.lt\/ru\/wp-json\/wp\/v2\/media\/55970"}],"wp:attachment":[{"href":"https:\/\/www.gintaresgeles.lt\/ru\/wp-json\/wp\/v2\/media?parent=56747"}],"wp:term":[{"taxonomy":"product_brand","embeddable":true,"href":"https:\/\/www.gintaresgeles.lt\/ru\/wp-json\/wp\/v2\/product_brand?post=56747"},{"taxonomy":"product_cat","embeddable":true,"href":"https:\/\/www.gintaresgeles.lt\/ru\/wp-json\/wp\/v2\/product_cat?post=56747"},{"taxonomy":"product_tag","embeddable":true,"href":"https:\/\/www.gintaresgeles.lt\/ru\/wp-json\/wp\/v2\/product_tag?post=56747"}],"curies":[{"name":"wp","href":"https:\/\/api.w.org\/{rel}","templated":true}]}}