{"id":56801,"date":"2025-04-24T10:41:46","date_gmt":"2025-04-24T08:41:46","guid":{"rendered":"https:\/\/www.gintaresgeles.lt\/puokste\/%d1%84%d0%be%d0%bb%d1%8c%d0%b3%d0%b8%d1%80%d0%be%d0%b2%d0%b0%d0%bd%d0%bd%d1%8b%d0%b9-%d0%b3%d0%b5%d0%bb%d0%b8%d0%b5%d0%b2%d1%8b%d0%b9-%d1%88%d0%b0%d1%80-orbz-%d1%80%d0%b0%d0%b7%d0%bd%d0%be%d1%86\/"},"modified":"2025-04-24T10:41:46","modified_gmt":"2025-04-24T07:41:46","slug":"%d1%84%d0%be%d0%bb%d1%8c%d0%b3%d0%b8%d1%80%d0%be%d0%b2%d0%b0%d0%bd%d0%bd%d1%8b%d0%b9-%d0%b3%d0%b5%d0%bb%d0%b8%d0%b5%d0%b2%d1%8b%d0%b9-%d1%88%d0%b0%d1%80-orbz-%d1%80%d0%b0%d0%b7%d0%bd%d0%be%d1%86","status":"publish","type":"product","link":"https:\/\/www.gintaresgeles.lt\/ru\/puokste\/%d1%84%d0%be%d0%bb%d1%8c%d0%b3%d0%b8%d1%80%d0%be%d0%b2%d0%b0%d0%bd%d0%bd%d1%8b%d0%b9-%d0%b3%d0%b5%d0%bb%d0%b8%d0%b5%d0%b2%d1%8b%d0%b9-%d1%88%d0%b0%d1%80-orbz-%d1%80%d0%b0%d0%b7%d0%bd%d0%be%d1%86\/","title":{"rendered":"\u0424\u043e\u043b\u044c\u0433\u0438\u0440\u043e\u0432\u0430\u043d\u043d\u044b\u0439 \u0433\u0435\u043b\u0438\u0435\u0432\u044b\u0439 \u0448\u0430\u0440 ORBZ \u00ab\u0420\u0430\u0437\u043d\u043e\u0446\u0432\u0435\u0442\u043d\u044b\u0435 \u0441\u0447\u0430\u0441\u0442\u043b\u0438\u0432\u044b\u0435 \u0442\u043e\u0447\u043a\u0438\u00bb"},"content":{"rendered":"","protected":false},"excerpt":{"rendered":"<p>\u042d\u0442\u043e\u0442 \u0438\u0433\u0440\u0438\u0432\u044b\u0439 \u0444\u043e\u043b\u044c\u0433\u0438\u0440\u043e\u0432\u0430\u043d\u043d\u044b\u0439 \u0448\u0430\u0440 ORBZ \u0432 \u0444\u043e\u0440\u043c\u0435 \u0448\u0430\u0440\u0430 &#171;\u0420\u0430\u0437\u043d\u043e\u0446\u0432\u0435\u0442\u043d\u044b\u0435 \u0432\u0435\u0441\u0451\u043b\u044b\u0435 \u0442\u043e\u0447\u043a\u0438&#187; \u2014 \u043e\u0442\u043b\u0438\u0447\u043d\u044b\u0439 \u0432\u044b\u0431\u043e\u0440 \u0434\u043b\u044f \u0440\u0430\u0437\u043b\u0438\u0447\u043d\u044b\u0445 \u043f\u0440\u0430\u0437\u0434\u043d\u0438\u043a\u043e\u0432 \u0438 \u043c\u0435\u0440\u043e\u043f\u0440\u0438\u044f\u0442\u0438\u0439. \u042f\u0440\u043a\u0438\u0439 \u0440\u0438\u0441\u0443\u043d\u043e\u043a \u0438 \u0441\u043e\u0432\u0440\u0435\u043c\u0435\u043d\u043d\u044b\u0439 \u0434\u0438\u0437\u0430\u0439\u043d \u0441\u0434\u0435\u043b\u0430\u044e\u0442 \u0435\u0433\u043e \u043f\u0440\u0435\u043a\u0440\u0430\u0441\u043d\u044b\u043c \u0434\u0435\u043a\u043e\u0440\u0430\u0442\u0438\u0432\u043d\u044b\u043c \u0430\u043a\u0446\u0435\u043d\u0442\u043e\u043c \u0438 \u043f\u0440\u0438\u0434\u0430\u0434\u0443\u0442 \u043f\u0440\u0430\u0437\u0434\u043d\u0438\u043a\u0443 \u043e\u0441\u043e\u0431\u043e\u0435 \u043d\u0430\u0441\u0442\u0440\u043e\u0435\u043d\u0438\u0435.<\/p>\n<p>\u0420\u0430\u0437\u043c\u0435\u0440 \u0448\u0430\u0440\u0430: 38 \u0445 40 \u0441\u043c.<\/p>\n","protected":false},"featured_media":54934,"template":"","meta":[],"product_brand":[],"product_cat":[957,958,1845],"product_tag":[],"class_list":{"0":"post-56801","1":"product","2":"type-product","3":"status-publish","4":"has-post-thumbnail","6":"product_cat-957","7":"product_cat-958","8":"product_cat-1845","9":"tm-has-options","11":"first","12":"instock","13":"taxable","14":"shipping-taxable","15":"purchasable","16":"product-type-simple"},"yoast_head":"<!-- This site is optimized with the Yoast SEO plugin v25.3 - https:\/\/yoast.com\/wordpress\/plugins\/seo\/ -->\n<title>\u0424\u043e\u043b\u044c\u0433\u0438\u0440\u043e\u0432\u0430\u043d\u043d\u044b\u0439 \u0433\u0435\u043b\u0438\u0435\u0432\u044b\u0439 \u0448\u0430\u0440 ORBZ \u00ab\u0420\u0430\u0437\u043d\u043e\u0446\u0432\u0435\u0442\u043d\u044b\u0435 \u0441\u0447\u0430\u0441\u0442\u043b\u0438\u0432\u044b\u0435 \u0442\u043e\u0447\u043a\u0438\u00bb | Gintar\u0117s G\u0117l\u0117s<\/title>\n<meta name=\"description\" content=\"\u0424\u043e\u043b\u044c\u0433\u0438\u0440\u043e\u0432\u0430\u043d\u043d\u044b\u0439 \u0433\u0435\u043b\u0438\u0435\u0432\u044b\u0439 \u0448\u0430\u0440 ORBZ &quot;\u0420\u0430\u0437\u043d\u043e\u0446\u0432\u0435\u0442\u043d\u044b\u0435 \u0432\u0435\u0441\u0451\u043b\u044b\u0435 \u0442\u043e\u0447\u043a\u0438&quot; - \u043a\u0440\u0443\u0433\u043b\u044b\u0439 \u0448\u0430\u0440 \u0441 \u0440\u0430\u0437\u043d\u043e\u0446\u0432\u0435\u0442\u043d\u044b\u043c\u0438 \u0442\u043e\u0447\u043a\u0430\u043c\u0438. \u0412 \u0444\u043e\u0440\u043c\u0435 \u0448\u0430\u0440\u0430.\" \/>\n<meta name=\"robots\" content=\"index, follow, max-snippet:-1, max-image-preview:large, max-video-preview:-1\" \/>\n<link rel=\"canonical\" href=\"https:\/\/www.gintaresgeles.lt\/ru\/puokste\/%d1%84%d0%be%d0%bb%d1%8c%d0%b3%d0%b8%d1%80%d0%be%d0%b2%d0%b0%d0%bd%d0%bd%d1%8b%d0%b9-%d0%b3%d0%b5%d0%bb%d0%b8%d0%b5%d0%b2%d1%8b%d0%b9-%d1%88%d0%b0%d1%80-orbz-%d1%80%d0%b0%d0%b7%d0%bd%d0%be%d1%86\/\" \/>\n<meta property=\"og:locale\" content=\"ru_RU\" \/>\n<meta property=\"og:type\" content=\"article\" \/>\n<meta property=\"og:title\" content=\"\u0424\u043e\u043b\u044c\u0433\u0438\u0440\u043e\u0432\u0430\u043d\u043d\u044b\u0439 \u0433\u0435\u043b\u0438\u0435\u0432\u044b\u0439 \u0448\u0430\u0440 ORBZ \u00ab\u0420\u0430\u0437\u043d\u043e\u0446\u0432\u0435\u0442\u043d\u044b\u0435 \u0441\u0447\u0430\u0441\u0442\u043b\u0438\u0432\u044b\u0435 \u0442\u043e\u0447\u043a\u0438\u00bb | Gintar\u0117s G\u0117l\u0117s\" \/>\n<meta property=\"og:description\" content=\"\u0424\u043e\u043b\u044c\u0433\u0438\u0440\u043e\u0432\u0430\u043d\u043d\u044b\u0439 \u0433\u0435\u043b\u0438\u0435\u0432\u044b\u0439 \u0448\u0430\u0440 ORBZ &quot;\u0420\u0430\u0437\u043d\u043e\u0446\u0432\u0435\u0442\u043d\u044b\u0435 \u0432\u0435\u0441\u0451\u043b\u044b\u0435 \u0442\u043e\u0447\u043a\u0438&quot; - \u043a\u0440\u0443\u0433\u043b\u044b\u0439 \u0448\u0430\u0440 \u0441 \u0440\u0430\u0437\u043d\u043e\u0446\u0432\u0435\u0442\u043d\u044b\u043c\u0438 \u0442\u043e\u0447\u043a\u0430\u043c\u0438. \u0412 \u0444\u043e\u0440\u043c\u0435 \u0448\u0430\u0440\u0430.\" \/>\n<meta property=\"og:url\" content=\"https:\/\/www.gintaresgeles.lt\/ru\/puokste\/%d1%84%d0%be%d0%bb%d1%8c%d0%b3%d0%b8%d1%80%d0%be%d0%b2%d0%b0%d0%bd%d0%bd%d1%8b%d0%b9-%d0%b3%d0%b5%d0%bb%d0%b8%d0%b5%d0%b2%d1%8b%d0%b9-%d1%88%d0%b0%d1%80-orbz-%d1%80%d0%b0%d0%b7%d0%bd%d0%be%d1%86\/\" \/>\n<meta property=\"og:site_name\" content=\"gintaresgeles.lt\" \/>\n<meta property=\"og:image\" content=\"https:\/\/www.gintaresgeles.lt\/wp-content\/uploads\/2025\/04\/Zaismingas-gimtadienio-sveikinimo-balionas-kamuolio-formos.jpg\" \/>\n\t<meta property=\"og:image:width\" content=\"1110\" \/>\n\t<meta property=\"og:image:height\" content=\"1100\" \/>\n\t<meta property=\"og:image:type\" content=\"image\/jpeg\" \/>\n<meta name=\"twitter:card\" content=\"summary_large_image\" \/>\n<script type=\"application\/ld+json\" class=\"yoast-schema-graph\">{\"@context\":\"https:\/\/schema.org\",\"@graph\":[{\"@type\":\"WebPage\",\"@id\":\"https:\/\/www.gintaresgeles.lt\/ru\/puokste\/%d1%84%d0%be%d0%bb%d1%8c%d0%b3%d0%b8%d1%80%d0%be%d0%b2%d0%b0%d0%bd%d0%bd%d1%8b%d0%b9-%d0%b3%d0%b5%d0%bb%d0%b8%d0%b5%d0%b2%d1%8b%d0%b9-%d1%88%d0%b0%d1%80-orbz-%d1%80%d0%b0%d0%b7%d0%bd%d0%be%d1%86\/\",\"url\":\"https:\/\/www.gintaresgeles.lt\/ru\/puokste\/%d1%84%d0%be%d0%bb%d1%8c%d0%b3%d0%b8%d1%80%d0%be%d0%b2%d0%b0%d0%bd%d0%bd%d1%8b%d0%b9-%d0%b3%d0%b5%d0%bb%d0%b8%d0%b5%d0%b2%d1%8b%d0%b9-%d1%88%d0%b0%d1%80-orbz-%d1%80%d0%b0%d0%b7%d0%bd%d0%be%d1%86\/\",\"name\":\"\u0424\u043e\u043b\u044c\u0433\u0438\u0440\u043e\u0432\u0430\u043d\u043d\u044b\u0439 \u0433\u0435\u043b\u0438\u0435\u0432\u044b\u0439 \u0448\u0430\u0440 ORBZ \u00ab\u0420\u0430\u0437\u043d\u043e\u0446\u0432\u0435\u0442\u043d\u044b\u0435 \u0441\u0447\u0430\u0441\u0442\u043b\u0438\u0432\u044b\u0435 \u0442\u043e\u0447\u043a\u0438\u00bb | Gintar\u0117s G\u0117l\u0117s\",\"isPartOf\":{\"@id\":\"https:\/\/www.gintaresgeles.lt\/ru\/#website\"},\"primaryImageOfPage\":{\"@id\":\"https:\/\/www.gintaresgeles.lt\/ru\/puokste\/%d1%84%d0%be%d0%bb%d1%8c%d0%b3%d0%b8%d1%80%d0%be%d0%b2%d0%b0%d0%bd%d0%bd%d1%8b%d0%b9-%d0%b3%d0%b5%d0%bb%d0%b8%d0%b5%d0%b2%d1%8b%d0%b9-%d1%88%d0%b0%d1%80-orbz-%d1%80%d0%b0%d0%b7%d0%bd%d0%be%d1%86\/#primaryimage\"},\"image\":{\"@id\":\"https:\/\/www.gintaresgeles.lt\/ru\/puokste\/%d1%84%d0%be%d0%bb%d1%8c%d0%b3%d0%b8%d1%80%d0%be%d0%b2%d0%b0%d0%bd%d0%bd%d1%8b%d0%b9-%d0%b3%d0%b5%d0%bb%d0%b8%d0%b5%d0%b2%d1%8b%d0%b9-%d1%88%d0%b0%d1%80-orbz-%d1%80%d0%b0%d0%b7%d0%bd%d0%be%d1%86\/#primaryimage\"},\"thumbnailUrl\":\"https:\/\/www.gintaresgeles.lt\/wp-content\/uploads\/2025\/04\/Zaismingas-gimtadienio-sveikinimo-balionas-kamuolio-formos.jpg\",\"datePublished\":\"2025-04-24T08:41:46+00:00\",\"description\":\"\u0424\u043e\u043b\u044c\u0433\u0438\u0440\u043e\u0432\u0430\u043d\u043d\u044b\u0439 \u0433\u0435\u043b\u0438\u0435\u0432\u044b\u0439 \u0448\u0430\u0440 ORBZ \\\"\u0420\u0430\u0437\u043d\u043e\u0446\u0432\u0435\u0442\u043d\u044b\u0435 \u0432\u0435\u0441\u0451\u043b\u044b\u0435 \u0442\u043e\u0447\u043a\u0438\\\" - \u043a\u0440\u0443\u0433\u043b\u044b\u0439 \u0448\u0430\u0440 \u0441 \u0440\u0430\u0437\u043d\u043e\u0446\u0432\u0435\u0442\u043d\u044b\u043c\u0438 \u0442\u043e\u0447\u043a\u0430\u043c\u0438. \u0412 \u0444\u043e\u0440\u043c\u0435 \u0448\u0430\u0440\u0430.\",\"breadcrumb\":{\"@id\":\"https:\/\/www.gintaresgeles.lt\/ru\/puokste\/%d1%84%d0%be%d0%bb%d1%8c%d0%b3%d0%b8%d1%80%d0%be%d0%b2%d0%b0%d0%bd%d0%bd%d1%8b%d0%b9-%d0%b3%d0%b5%d0%bb%d0%b8%d0%b5%d0%b2%d1%8b%d0%b9-%d1%88%d0%b0%d1%80-orbz-%d1%80%d0%b0%d0%b7%d0%bd%d0%be%d1%86\/#breadcrumb\"},\"inLanguage\":\"ru-RU\",\"potentialAction\":[{\"@type\":\"ReadAction\",\"target\":[\"https:\/\/www.gintaresgeles.lt\/ru\/puokste\/%d1%84%d0%be%d0%bb%d1%8c%d0%b3%d0%b8%d1%80%d0%be%d0%b2%d0%b0%d0%bd%d0%bd%d1%8b%d0%b9-%d0%b3%d0%b5%d0%bb%d0%b8%d0%b5%d0%b2%d1%8b%d0%b9-%d1%88%d0%b0%d1%80-orbz-%d1%80%d0%b0%d0%b7%d0%bd%d0%be%d1%86\/\"]}]},{\"@type\":\"ImageObject\",\"inLanguage\":\"ru-RU\",\"@id\":\"https:\/\/www.gintaresgeles.lt\/ru\/puokste\/%d1%84%d0%be%d0%bb%d1%8c%d0%b3%d0%b8%d1%80%d0%be%d0%b2%d0%b0%d0%bd%d0%bd%d1%8b%d0%b9-%d0%b3%d0%b5%d0%bb%d0%b8%d0%b5%d0%b2%d1%8b%d0%b9-%d1%88%d0%b0%d1%80-orbz-%d1%80%d0%b0%d0%b7%d0%bd%d0%be%d1%86\/#primaryimage\",\"url\":\"https:\/\/www.gintaresgeles.lt\/wp-content\/uploads\/2025\/04\/Zaismingas-gimtadienio-sveikinimo-balionas-kamuolio-formos.jpg\",\"contentUrl\":\"https:\/\/www.gintaresgeles.lt\/wp-content\/uploads\/2025\/04\/Zaismingas-gimtadienio-sveikinimo-balionas-kamuolio-formos.jpg\",\"width\":1110,\"height\":1100,\"caption\":\"Kamuolio formos folinis balionas su linksmais ta\u0161ku\u010diais bei gimtadieniniu u\u017era\u0161u\"},{\"@type\":\"BreadcrumbList\",\"@id\":\"https:\/\/www.gintaresgeles.lt\/ru\/puokste\/%d1%84%d0%be%d0%bb%d1%8c%d0%b3%d0%b8%d1%80%d0%be%d0%b2%d0%b0%d0%bd%d0%bd%d1%8b%d0%b9-%d0%b3%d0%b5%d0%bb%d0%b8%d0%b5%d0%b2%d1%8b%d0%b9-%d1%88%d0%b0%d1%80-orbz-%d1%80%d0%b0%d0%b7%d0%bd%d0%be%d1%86\/#breadcrumb\",\"itemListElement\":[{\"@type\":\"ListItem\",\"position\":1,\"name\":\"Prad\u017eia\",\"item\":\"https:\/\/www.gintaresgeles.lt\/ru\/\"},{\"@type\":\"ListItem\",\"position\":2,\"name\":\"\u0412\u0441\u0435 \u0446\u0432\u0435\u0442\u044b \u0438 \u0434\u0440\u0443\u0433\u0438\u0435 \u043f\u0440\u043e\u0434\u0443\u043a\u0442\u044b\",\"item\":\"https:\/\/www.gintaresgeles.lt\/ru\/vse-cvety-i-drugie-produkty\/\"},{\"@type\":\"ListItem\",\"position\":3,\"name\":\"\u0424\u043e\u043b\u044c\u0433\u0438\u0440\u043e\u0432\u0430\u043d\u043d\u044b\u0439 \u0433\u0435\u043b\u0438\u0435\u0432\u044b\u0439 \u0448\u0430\u0440 ORBZ \u00ab\u0420\u0430\u0437\u043d\u043e\u0446\u0432\u0435\u0442\u043d\u044b\u0435 \u0441\u0447\u0430\u0441\u0442\u043b\u0438\u0432\u044b\u0435 \u0442\u043e\u0447\u043a\u0438\u00bb\"}]},{\"@type\":\"WebSite\",\"@id\":\"https:\/\/www.gintaresgeles.lt\/ru\/#website\",\"url\":\"https:\/\/www.gintaresgeles.lt\/ru\/\",\"name\":\"Gintares Geles\",\"description\":\"\u0414\u043e\u0441\u0442\u0430\u0432\u043a\u0430 \u0446\u0432\u0435\u0442\u043e\u0432 \u0432 \u0412\u0438\u043b\u044c\u043d\u044e\u0441\u0435 | \u0412 \u0442\u043e\u0442 \u0436\u0435 \u0434\u0435\u043d\u044c | Gintares geles\",\"potentialAction\":[{\"@type\":\"SearchAction\",\"target\":{\"@type\":\"EntryPoint\",\"urlTemplate\":\"https:\/\/www.gintaresgeles.lt\/ru\/?s={search_term_string}\"},\"query-input\":{\"@type\":\"PropertyValueSpecification\",\"valueRequired\":true,\"valueName\":\"search_term_string\"}}],\"inLanguage\":\"ru-RU\"}]}<\/script>\n<!-- \/ Yoast SEO plugin. -->","yoast_head_json":{"title":"\u0424\u043e\u043b\u044c\u0433\u0438\u0440\u043e\u0432\u0430\u043d\u043d\u044b\u0439 \u0433\u0435\u043b\u0438\u0435\u0432\u044b\u0439 \u0448\u0430\u0440 ORBZ \u00ab\u0420\u0430\u0437\u043d\u043e\u0446\u0432\u0435\u0442\u043d\u044b\u0435 \u0441\u0447\u0430\u0441\u0442\u043b\u0438\u0432\u044b\u0435 \u0442\u043e\u0447\u043a\u0438\u00bb | Gintar\u0117s G\u0117l\u0117s","description":"\u0424\u043e\u043b\u044c\u0433\u0438\u0440\u043e\u0432\u0430\u043d\u043d\u044b\u0439 \u0433\u0435\u043b\u0438\u0435\u0432\u044b\u0439 \u0448\u0430\u0440 ORBZ \"\u0420\u0430\u0437\u043d\u043e\u0446\u0432\u0435\u0442\u043d\u044b\u0435 \u0432\u0435\u0441\u0451\u043b\u044b\u0435 \u0442\u043e\u0447\u043a\u0438\" - \u043a\u0440\u0443\u0433\u043b\u044b\u0439 \u0448\u0430\u0440 \u0441 \u0440\u0430\u0437\u043d\u043e\u0446\u0432\u0435\u0442\u043d\u044b\u043c\u0438 \u0442\u043e\u0447\u043a\u0430\u043c\u0438. \u0412 \u0444\u043e\u0440\u043c\u0435 \u0448\u0430\u0440\u0430.","robots":{"index":"index","follow":"follow","max-snippet":"max-snippet:-1","max-image-preview":"max-image-preview:large","max-video-preview":"max-video-preview:-1"},"canonical":"https:\/\/www.gintaresgeles.lt\/ru\/puokste\/%d1%84%d0%be%d0%bb%d1%8c%d0%b3%d0%b8%d1%80%d0%be%d0%b2%d0%b0%d0%bd%d0%bd%d1%8b%d0%b9-%d0%b3%d0%b5%d0%bb%d0%b8%d0%b5%d0%b2%d1%8b%d0%b9-%d1%88%d0%b0%d1%80-orbz-%d1%80%d0%b0%d0%b7%d0%bd%d0%be%d1%86\/","og_locale":"ru_RU","og_type":"article","og_title":"\u0424\u043e\u043b\u044c\u0433\u0438\u0440\u043e\u0432\u0430\u043d\u043d\u044b\u0439 \u0433\u0435\u043b\u0438\u0435\u0432\u044b\u0439 \u0448\u0430\u0440 ORBZ \u00ab\u0420\u0430\u0437\u043d\u043e\u0446\u0432\u0435\u0442\u043d\u044b\u0435 \u0441\u0447\u0430\u0441\u0442\u043b\u0438\u0432\u044b\u0435 \u0442\u043e\u0447\u043a\u0438\u00bb | Gintar\u0117s G\u0117l\u0117s","og_description":"\u0424\u043e\u043b\u044c\u0433\u0438\u0440\u043e\u0432\u0430\u043d\u043d\u044b\u0439 \u0433\u0435\u043b\u0438\u0435\u0432\u044b\u0439 \u0448\u0430\u0440 ORBZ \"\u0420\u0430\u0437\u043d\u043e\u0446\u0432\u0435\u0442\u043d\u044b\u0435 \u0432\u0435\u0441\u0451\u043b\u044b\u0435 \u0442\u043e\u0447\u043a\u0438\" - \u043a\u0440\u0443\u0433\u043b\u044b\u0439 \u0448\u0430\u0440 \u0441 \u0440\u0430\u0437\u043d\u043e\u0446\u0432\u0435\u0442\u043d\u044b\u043c\u0438 \u0442\u043e\u0447\u043a\u0430\u043c\u0438. \u0412 \u0444\u043e\u0440\u043c\u0435 \u0448\u0430\u0440\u0430.","og_url":"https:\/\/www.gintaresgeles.lt\/ru\/puokste\/%d1%84%d0%be%d0%bb%d1%8c%d0%b3%d0%b8%d1%80%d0%be%d0%b2%d0%b0%d0%bd%d0%bd%d1%8b%d0%b9-%d0%b3%d0%b5%d0%bb%d0%b8%d0%b5%d0%b2%d1%8b%d0%b9-%d1%88%d0%b0%d1%80-orbz-%d1%80%d0%b0%d0%b7%d0%bd%d0%be%d1%86\/","og_site_name":"gintaresgeles.lt","og_image":[{"width":1110,"height":1100,"url":"https:\/\/www.gintaresgeles.lt\/wp-content\/uploads\/2025\/04\/Zaismingas-gimtadienio-sveikinimo-balionas-kamuolio-formos.jpg","type":"image\/jpeg"}],"twitter_card":"summary_large_image","schema":{"@context":"https:\/\/schema.org","@graph":[{"@type":"WebPage","@id":"https:\/\/www.gintaresgeles.lt\/ru\/puokste\/%d1%84%d0%be%d0%bb%d1%8c%d0%b3%d0%b8%d1%80%d0%be%d0%b2%d0%b0%d0%bd%d0%bd%d1%8b%d0%b9-%d0%b3%d0%b5%d0%bb%d0%b8%d0%b5%d0%b2%d1%8b%d0%b9-%d1%88%d0%b0%d1%80-orbz-%d1%80%d0%b0%d0%b7%d0%bd%d0%be%d1%86\/","url":"https:\/\/www.gintaresgeles.lt\/ru\/puokste\/%d1%84%d0%be%d0%bb%d1%8c%d0%b3%d0%b8%d1%80%d0%be%d0%b2%d0%b0%d0%bd%d0%bd%d1%8b%d0%b9-%d0%b3%d0%b5%d0%bb%d0%b8%d0%b5%d0%b2%d1%8b%d0%b9-%d1%88%d0%b0%d1%80-orbz-%d1%80%d0%b0%d0%b7%d0%bd%d0%be%d1%86\/","name":"\u0424\u043e\u043b\u044c\u0433\u0438\u0440\u043e\u0432\u0430\u043d\u043d\u044b\u0439 \u0433\u0435\u043b\u0438\u0435\u0432\u044b\u0439 \u0448\u0430\u0440 ORBZ \u00ab\u0420\u0430\u0437\u043d\u043e\u0446\u0432\u0435\u0442\u043d\u044b\u0435 \u0441\u0447\u0430\u0441\u0442\u043b\u0438\u0432\u044b\u0435 \u0442\u043e\u0447\u043a\u0438\u00bb | Gintar\u0117s G\u0117l\u0117s","isPartOf":{"@id":"https:\/\/www.gintaresgeles.lt\/ru\/#website"},"primaryImageOfPage":{"@id":"https:\/\/www.gintaresgeles.lt\/ru\/puokste\/%d1%84%d0%be%d0%bb%d1%8c%d0%b3%d0%b8%d1%80%d0%be%d0%b2%d0%b0%d0%bd%d0%bd%d1%8b%d0%b9-%d0%b3%d0%b5%d0%bb%d0%b8%d0%b5%d0%b2%d1%8b%d0%b9-%d1%88%d0%b0%d1%80-orbz-%d1%80%d0%b0%d0%b7%d0%bd%d0%be%d1%86\/#primaryimage"},"image":{"@id":"https:\/\/www.gintaresgeles.lt\/ru\/puokste\/%d1%84%d0%be%d0%bb%d1%8c%d0%b3%d0%b8%d1%80%d0%be%d0%b2%d0%b0%d0%bd%d0%bd%d1%8b%d0%b9-%d0%b3%d0%b5%d0%bb%d0%b8%d0%b5%d0%b2%d1%8b%d0%b9-%d1%88%d0%b0%d1%80-orbz-%d1%80%d0%b0%d0%b7%d0%bd%d0%be%d1%86\/#primaryimage"},"thumbnailUrl":"https:\/\/www.gintaresgeles.lt\/wp-content\/uploads\/2025\/04\/Zaismingas-gimtadienio-sveikinimo-balionas-kamuolio-formos.jpg","datePublished":"2025-04-24T08:41:46+00:00","description":"\u0424\u043e\u043b\u044c\u0433\u0438\u0440\u043e\u0432\u0430\u043d\u043d\u044b\u0439 \u0433\u0435\u043b\u0438\u0435\u0432\u044b\u0439 \u0448\u0430\u0440 ORBZ \"\u0420\u0430\u0437\u043d\u043e\u0446\u0432\u0435\u0442\u043d\u044b\u0435 \u0432\u0435\u0441\u0451\u043b\u044b\u0435 \u0442\u043e\u0447\u043a\u0438\" - \u043a\u0440\u0443\u0433\u043b\u044b\u0439 \u0448\u0430\u0440 \u0441 \u0440\u0430\u0437\u043d\u043e\u0446\u0432\u0435\u0442\u043d\u044b\u043c\u0438 \u0442\u043e\u0447\u043a\u0430\u043c\u0438. \u0412 \u0444\u043e\u0440\u043c\u0435 \u0448\u0430\u0440\u0430.","breadcrumb":{"@id":"https:\/\/www.gintaresgeles.lt\/ru\/puokste\/%d1%84%d0%be%d0%bb%d1%8c%d0%b3%d0%b8%d1%80%d0%be%d0%b2%d0%b0%d0%bd%d0%bd%d1%8b%d0%b9-%d0%b3%d0%b5%d0%bb%d0%b8%d0%b5%d0%b2%d1%8b%d0%b9-%d1%88%d0%b0%d1%80-orbz-%d1%80%d0%b0%d0%b7%d0%bd%d0%be%d1%86\/#breadcrumb"},"inLanguage":"ru-RU","potentialAction":[{"@type":"ReadAction","target":["https:\/\/www.gintaresgeles.lt\/ru\/puokste\/%d1%84%d0%be%d0%bb%d1%8c%d0%b3%d0%b8%d1%80%d0%be%d0%b2%d0%b0%d0%bd%d0%bd%d1%8b%d0%b9-%d0%b3%d0%b5%d0%bb%d0%b8%d0%b5%d0%b2%d1%8b%d0%b9-%d1%88%d0%b0%d1%80-orbz-%d1%80%d0%b0%d0%b7%d0%bd%d0%be%d1%86\/"]}]},{"@type":"ImageObject","inLanguage":"ru-RU","@id":"https:\/\/www.gintaresgeles.lt\/ru\/puokste\/%d1%84%d0%be%d0%bb%d1%8c%d0%b3%d0%b8%d1%80%d0%be%d0%b2%d0%b0%d0%bd%d0%bd%d1%8b%d0%b9-%d0%b3%d0%b5%d0%bb%d0%b8%d0%b5%d0%b2%d1%8b%d0%b9-%d1%88%d0%b0%d1%80-orbz-%d1%80%d0%b0%d0%b7%d0%bd%d0%be%d1%86\/#primaryimage","url":"https:\/\/www.gintaresgeles.lt\/wp-content\/uploads\/2025\/04\/Zaismingas-gimtadienio-sveikinimo-balionas-kamuolio-formos.jpg","contentUrl":"https:\/\/www.gintaresgeles.lt\/wp-content\/uploads\/2025\/04\/Zaismingas-gimtadienio-sveikinimo-balionas-kamuolio-formos.jpg","width":1110,"height":1100,"caption":"Kamuolio formos folinis balionas su linksmais ta\u0161ku\u010diais bei gimtadieniniu u\u017era\u0161u"},{"@type":"BreadcrumbList","@id":"https:\/\/www.gintaresgeles.lt\/ru\/puokste\/%d1%84%d0%be%d0%bb%d1%8c%d0%b3%d0%b8%d1%80%d0%be%d0%b2%d0%b0%d0%bd%d0%bd%d1%8b%d0%b9-%d0%b3%d0%b5%d0%bb%d0%b8%d0%b5%d0%b2%d1%8b%d0%b9-%d1%88%d0%b0%d1%80-orbz-%d1%80%d0%b0%d0%b7%d0%bd%d0%be%d1%86\/#breadcrumb","itemListElement":[{"@type":"ListItem","position":1,"name":"Prad\u017eia","item":"https:\/\/www.gintaresgeles.lt\/ru\/"},{"@type":"ListItem","position":2,"name":"\u0412\u0441\u0435 \u0446\u0432\u0435\u0442\u044b \u0438 \u0434\u0440\u0443\u0433\u0438\u0435 \u043f\u0440\u043e\u0434\u0443\u043a\u0442\u044b","item":"https:\/\/www.gintaresgeles.lt\/ru\/vse-cvety-i-drugie-produkty\/"},{"@type":"ListItem","position":3,"name":"\u0424\u043e\u043b\u044c\u0433\u0438\u0440\u043e\u0432\u0430\u043d\u043d\u044b\u0439 \u0433\u0435\u043b\u0438\u0435\u0432\u044b\u0439 \u0448\u0430\u0440 ORBZ \u00ab\u0420\u0430\u0437\u043d\u043e\u0446\u0432\u0435\u0442\u043d\u044b\u0435 \u0441\u0447\u0430\u0441\u0442\u043b\u0438\u0432\u044b\u0435 \u0442\u043e\u0447\u043a\u0438\u00bb"}]},{"@type":"WebSite","@id":"https:\/\/www.gintaresgeles.lt\/ru\/#website","url":"https:\/\/www.gintaresgeles.lt\/ru\/","name":"Gintares Geles","description":"\u0414\u043e\u0441\u0442\u0430\u0432\u043a\u0430 \u0446\u0432\u0435\u0442\u043e\u0432 \u0432 \u0412\u0438\u043b\u044c\u043d\u044e\u0441\u0435 | \u0412 \u0442\u043e\u0442 \u0436\u0435 \u0434\u0435\u043d\u044c | Gintares geles","potentialAction":[{"@type":"SearchAction","target":{"@type":"EntryPoint","urlTemplate":"https:\/\/www.gintaresgeles.lt\/ru\/?s={search_term_string}"},"query-input":{"@type":"PropertyValueSpecification","valueRequired":true,"valueName":"search_term_string"}}],"inLanguage":"ru-RU"}]}},"_links":{"self":[{"href":"https:\/\/www.gintaresgeles.lt\/ru\/wp-json\/wp\/v2\/product\/56801","targetHints":{"allow":["GET"]}}],"collection":[{"href":"https:\/\/www.gintaresgeles.lt\/ru\/wp-json\/wp\/v2\/product"}],"about":[{"href":"https:\/\/www.gintaresgeles.lt\/ru\/wp-json\/wp\/v2\/types\/product"}],"wp:featuredmedia":[{"embeddable":true,"href":"https:\/\/www.gintaresgeles.lt\/ru\/wp-json\/wp\/v2\/media\/54934"}],"wp:attachment":[{"href":"https:\/\/www.gintaresgeles.lt\/ru\/wp-json\/wp\/v2\/media?parent=56801"}],"wp:term":[{"taxonomy":"product_brand","embeddable":true,"href":"https:\/\/www.gintaresgeles.lt\/ru\/wp-json\/wp\/v2\/product_brand?post=56801"},{"taxonomy":"product_cat","embeddable":true,"href":"https:\/\/www.gintaresgeles.lt\/ru\/wp-json\/wp\/v2\/product_cat?post=56801"},{"taxonomy":"product_tag","embeddable":true,"href":"https:\/\/www.gintaresgeles.lt\/ru\/wp-json\/wp\/v2\/product_tag?post=56801"}],"curies":[{"name":"wp","href":"https:\/\/api.w.org\/{rel}","templated":true}]}}