{"id":56939,"date":"2025-08-23T10:30:55","date_gmt":"2025-08-23T07:30:55","guid":{"rendered":"https:\/\/www.gintaresgeles.lt\/?post_type=product&#038;p=56939"},"modified":"2025-09-03T08:48:45","modified_gmt":"2025-09-03T05:48:45","slug":"%d0%b7%d0%be%d0%bb%d0%be%d1%82%d0%b0%d1%8f-%d0%b7%d0%b2%d0%b5%d0%b7%d0%b4%d0%b0-%d1%85%d0%be%d0%bb%d0%be%d0%b4%d0%bd%d0%be%d0%b3%d0%be-%d0%be%d0%b3%d0%bd%d1%8f-kopija","status":"publish","type":"product","link":"https:\/\/www.gintaresgeles.lt\/ru\/puokste\/%d0%b7%d0%be%d0%bb%d0%be%d1%82%d0%b0%d1%8f-%d0%b7%d0%b2%d0%b5%d0%b7%d0%b4%d0%b0-%d1%85%d0%be%d0%bb%d0%be%d0%b4%d0%bd%d0%be%d0%b3%d0%be-%d0%be%d0%b3%d0%bd%d1%8f-kopija\/","title":{"rendered":"\u0425\u043e\u043b\u043e\u0434\u043d\u044b\u0435 \u043e\u0433\u043d\u0438 &#171;\u0421\u0435\u0440\u0435\u0431\u0440\u044f\u043d\u044b\u0435 \u0441\u0435\u0440\u0434\u0446\u0430&#187; (4 \u0448\u0442.)"},"content":{"rendered":"<p>\u0414\u043b\u0438\u043d\u0430: 17 \u0441\u043c;<br \/>\n\u0412\u0440\u0435\u043c\u044f \u0433\u043e\u0440\u0435\u043d\u0438\u044f: \u043e\u043a\u043e\u043b\u043e 30 \u0441\u0435\u043a\u0443\u043d\u0434.<\/p>\n","protected":false},"excerpt":{"rendered":"<p>\u041a\u0443\u043f\u0438\u0442\u0435 \u0445\u043e\u043b\u043e\u0434\u043d\u044b\u0435 \u043f\u0435\u0442\u0430\u0440\u0434\u044b \u0438 \u043d\u0430\u0441\u043b\u0430\u0436\u0434\u0430\u0439\u0442\u0435\u0441\u044c \u043f\u0440\u0435\u043a\u0440\u0430\u0441\u043d\u044b\u043c \u0432\u0438\u0434\u043e\u043c \u0438 \u0443\u044e\u0442\u043e\u043c \u0432 \u043a\u0430\u0436\u0434\u044b\u0439 \u043f\u0440\u0430\u0437\u0434\u043d\u0438\u043a!<\/p>\n","protected":false},"featured_media":56946,"template":"","meta":[],"product_brand":[],"product_cat":[1014,1914],"product_tag":[],"class_list":{"0":"post-56939","1":"product","2":"type-product","3":"status-publish","4":"has-post-thumbnail","6":"product_cat-1014","7":"product_cat-1914","8":"tm-has-options","10":"first","11":"instock","12":"taxable","13":"shipping-taxable","14":"purchasable","15":"product-type-simple"},"yoast_head":"<!-- This site is optimized with the Yoast SEO plugin v25.3 - https:\/\/yoast.com\/wordpress\/plugins\/seo\/ -->\n<title>\u0425\u043e\u043b\u043e\u0434\u043d\u044b\u0435 \u043e\u0433\u043d\u0438 &quot;\u0421\u0435\u0440\u0435\u0431\u0440\u044f\u043d\u044b\u0435 \u0441\u0435\u0440\u0434\u0446\u0430&quot; (4 \u0448\u0442.) | Dovanos | Gintar\u0117s G\u0117l\u0117s<\/title>\n<meta name=\"description\" content=\"\u0425\u043e\u043b\u043e\u0434\u043d\u044b\u0435 \u0441\u0432\u0435\u0447\u0438 \u2014 \u043f\u043e\u0434\u0445\u043e\u0434\u044f\u0449\u0438\u0439 \u0430\u0442\u0440\u0438\u0431\u0443\u0442 \u0434\u043b\u044f \u0431\u043e\u043b\u044c\u0448\u0438\u043d\u0441\u0442\u0432\u0430 \u043f\u0440\u0430\u0437\u0434\u043d\u0438\u043a\u043e\u0432! \u0410 \u044d\u0442\u0438 \u043a\u0440\u0430\u0441\u0438\u0432\u044b\u0435 \u0441\u0435\u0440\u0435\u0431\u0440\u044f\u043d\u044b\u0435 \u0441\u0435\u0440\u0434\u0435\u0447\u043a\u0438 \u043e\u0431\u044f\u0437\u0430\u0442\u0435\u043b\u044c\u043d\u043e \u0434\u043e\u0431\u0430\u0432\u044f\u0442 \u0443\u044e\u0442\u0430 \u0438 \u0442\u0435\u043f\u043b\u0430.\" \/>\n<meta name=\"robots\" content=\"index, follow, max-snippet:-1, max-image-preview:large, max-video-preview:-1\" \/>\n<link rel=\"canonical\" href=\"https:\/\/www.gintaresgeles.lt\/ru\/puokste\/%d0%b7%d0%be%d0%bb%d0%be%d1%82%d0%b0%d1%8f-%d0%b7%d0%b2%d0%b5%d0%b7%d0%b4%d0%b0-%d1%85%d0%be%d0%bb%d0%be%d0%b4%d0%bd%d0%be%d0%b3%d0%be-%d0%be%d0%b3%d0%bd%d1%8f-kopija\/\" \/>\n<meta property=\"og:locale\" content=\"ru_RU\" \/>\n<meta property=\"og:type\" content=\"article\" \/>\n<meta property=\"og:title\" content=\"\u0425\u043e\u043b\u043e\u0434\u043d\u044b\u0435 \u043e\u0433\u043d\u0438 &quot;\u0421\u0435\u0440\u0435\u0431\u0440\u044f\u043d\u044b\u0435 \u0441\u0435\u0440\u0434\u0446\u0430&quot; (4 \u0448\u0442.) | Dovanos | Gintar\u0117s G\u0117l\u0117s\" \/>\n<meta property=\"og:description\" content=\"\u0425\u043e\u043b\u043e\u0434\u043d\u044b\u0435 \u0441\u0432\u0435\u0447\u0438 \u2014 \u043f\u043e\u0434\u0445\u043e\u0434\u044f\u0449\u0438\u0439 \u0430\u0442\u0440\u0438\u0431\u0443\u0442 \u0434\u043b\u044f \u0431\u043e\u043b\u044c\u0448\u0438\u043d\u0441\u0442\u0432\u0430 \u043f\u0440\u0430\u0437\u0434\u043d\u0438\u043a\u043e\u0432! \u0410 \u044d\u0442\u0438 \u043a\u0440\u0430\u0441\u0438\u0432\u044b\u0435 \u0441\u0435\u0440\u0435\u0431\u0440\u044f\u043d\u044b\u0435 \u0441\u0435\u0440\u0434\u0435\u0447\u043a\u0438 \u043e\u0431\u044f\u0437\u0430\u0442\u0435\u043b\u044c\u043d\u043e \u0434\u043e\u0431\u0430\u0432\u044f\u0442 \u0443\u044e\u0442\u0430 \u0438 \u0442\u0435\u043f\u043b\u0430.\" \/>\n<meta property=\"og:url\" content=\"https:\/\/www.gintaresgeles.lt\/ru\/puokste\/%d0%b7%d0%be%d0%bb%d0%be%d1%82%d0%b0%d1%8f-%d0%b7%d0%b2%d0%b5%d0%b7%d0%b4%d0%b0-%d1%85%d0%be%d0%bb%d0%be%d0%b4%d0%bd%d0%be%d0%b3%d0%be-%d0%be%d0%b3%d0%bd%d1%8f-kopija\/\" \/>\n<meta property=\"og:site_name\" content=\"gintaresgeles.lt\" \/>\n<meta property=\"article:modified_time\" content=\"2025-09-03T05:48:45+00:00\" \/>\n<meta property=\"og:image\" content=\"https:\/\/www.gintaresgeles.lt\/wp-content\/uploads\/2025\/08\/saltosios-ugneles-sirdeles-formos.png\" \/>\n\t<meta property=\"og:image:width\" content=\"841\" \/>\n\t<meta property=\"og:image:height\" content=\"840\" \/>\n\t<meta property=\"og:image:type\" content=\"image\/png\" \/>\n<meta name=\"twitter:card\" content=\"summary_large_image\" \/>\n<script type=\"application\/ld+json\" class=\"yoast-schema-graph\">{\"@context\":\"https:\/\/schema.org\",\"@graph\":[{\"@type\":\"WebPage\",\"@id\":\"https:\/\/www.gintaresgeles.lt\/ru\/puokste\/%d0%b7%d0%be%d0%bb%d0%be%d1%82%d0%b0%d1%8f-%d0%b7%d0%b2%d0%b5%d0%b7%d0%b4%d0%b0-%d1%85%d0%be%d0%bb%d0%be%d0%b4%d0%bd%d0%be%d0%b3%d0%be-%d0%be%d0%b3%d0%bd%d1%8f-kopija\/\",\"url\":\"https:\/\/www.gintaresgeles.lt\/ru\/puokste\/%d0%b7%d0%be%d0%bb%d0%be%d1%82%d0%b0%d1%8f-%d0%b7%d0%b2%d0%b5%d0%b7%d0%b4%d0%b0-%d1%85%d0%be%d0%bb%d0%be%d0%b4%d0%bd%d0%be%d0%b3%d0%be-%d0%be%d0%b3%d0%bd%d1%8f-kopija\/\",\"name\":\"\u0425\u043e\u043b\u043e\u0434\u043d\u044b\u0435 \u043e\u0433\u043d\u0438 \\\"\u0421\u0435\u0440\u0435\u0431\u0440\u044f\u043d\u044b\u0435 \u0441\u0435\u0440\u0434\u0446\u0430\\\" (4 \u0448\u0442.) | Dovanos | Gintar\u0117s G\u0117l\u0117s\",\"isPartOf\":{\"@id\":\"https:\/\/www.gintaresgeles.lt\/ru\/#website\"},\"primaryImageOfPage\":{\"@id\":\"https:\/\/www.gintaresgeles.lt\/ru\/puokste\/%d0%b7%d0%be%d0%bb%d0%be%d1%82%d0%b0%d1%8f-%d0%b7%d0%b2%d0%b5%d0%b7%d0%b4%d0%b0-%d1%85%d0%be%d0%bb%d0%be%d0%b4%d0%bd%d0%be%d0%b3%d0%be-%d0%be%d0%b3%d0%bd%d1%8f-kopija\/#primaryimage\"},\"image\":{\"@id\":\"https:\/\/www.gintaresgeles.lt\/ru\/puokste\/%d0%b7%d0%be%d0%bb%d0%be%d1%82%d0%b0%d1%8f-%d0%b7%d0%b2%d0%b5%d0%b7%d0%b4%d0%b0-%d1%85%d0%be%d0%bb%d0%be%d0%b4%d0%bd%d0%be%d0%b3%d0%be-%d0%be%d0%b3%d0%bd%d1%8f-kopija\/#primaryimage\"},\"thumbnailUrl\":\"https:\/\/www.gintaresgeles.lt\/wp-content\/uploads\/2025\/08\/saltosios-ugneles-sirdeles-formos.png\",\"datePublished\":\"2025-08-23T07:30:55+00:00\",\"dateModified\":\"2025-09-03T05:48:45+00:00\",\"description\":\"\u0425\u043e\u043b\u043e\u0434\u043d\u044b\u0435 \u0441\u0432\u0435\u0447\u0438 \u2014 \u043f\u043e\u0434\u0445\u043e\u0434\u044f\u0449\u0438\u0439 \u0430\u0442\u0440\u0438\u0431\u0443\u0442 \u0434\u043b\u044f \u0431\u043e\u043b\u044c\u0448\u0438\u043d\u0441\u0442\u0432\u0430 \u043f\u0440\u0430\u0437\u0434\u043d\u0438\u043a\u043e\u0432! \u0410 \u044d\u0442\u0438 \u043a\u0440\u0430\u0441\u0438\u0432\u044b\u0435 \u0441\u0435\u0440\u0435\u0431\u0440\u044f\u043d\u044b\u0435 \u0441\u0435\u0440\u0434\u0435\u0447\u043a\u0438 \u043e\u0431\u044f\u0437\u0430\u0442\u0435\u043b\u044c\u043d\u043e \u0434\u043e\u0431\u0430\u0432\u044f\u0442 \u0443\u044e\u0442\u0430 \u0438 \u0442\u0435\u043f\u043b\u0430.\",\"breadcrumb\":{\"@id\":\"https:\/\/www.gintaresgeles.lt\/ru\/puokste\/%d0%b7%d0%be%d0%bb%d0%be%d1%82%d0%b0%d1%8f-%d0%b7%d0%b2%d0%b5%d0%b7%d0%b4%d0%b0-%d1%85%d0%be%d0%bb%d0%be%d0%b4%d0%bd%d0%be%d0%b3%d0%be-%d0%be%d0%b3%d0%bd%d1%8f-kopija\/#breadcrumb\"},\"inLanguage\":\"ru-RU\",\"potentialAction\":[{\"@type\":\"ReadAction\",\"target\":[\"https:\/\/www.gintaresgeles.lt\/ru\/puokste\/%d0%b7%d0%be%d0%bb%d0%be%d1%82%d0%b0%d1%8f-%d0%b7%d0%b2%d0%b5%d0%b7%d0%b4%d0%b0-%d1%85%d0%be%d0%bb%d0%be%d0%b4%d0%bd%d0%be%d0%b3%d0%be-%d0%be%d0%b3%d0%bd%d1%8f-kopija\/\"]}]},{\"@type\":\"ImageObject\",\"inLanguage\":\"ru-RU\",\"@id\":\"https:\/\/www.gintaresgeles.lt\/ru\/puokste\/%d0%b7%d0%be%d0%bb%d0%be%d1%82%d0%b0%d1%8f-%d0%b7%d0%b2%d0%b5%d0%b7%d0%b4%d0%b0-%d1%85%d0%be%d0%bb%d0%be%d0%b4%d0%bd%d0%be%d0%b3%d0%be-%d0%be%d0%b3%d0%bd%d1%8f-kopija\/#primaryimage\",\"url\":\"https:\/\/www.gintaresgeles.lt\/wp-content\/uploads\/2025\/08\/saltosios-ugneles-sirdeles-formos.png\",\"contentUrl\":\"https:\/\/www.gintaresgeles.lt\/wp-content\/uploads\/2025\/08\/saltosios-ugneles-sirdeles-formos.png\",\"width\":841,\"height\":840,\"caption\":\"Sidabrin\u0117s spalvos bengali\u0161kos ugnel\u0117s\"},{\"@type\":\"BreadcrumbList\",\"@id\":\"https:\/\/www.gintaresgeles.lt\/ru\/puokste\/%d0%b7%d0%be%d0%bb%d0%be%d1%82%d0%b0%d1%8f-%d0%b7%d0%b2%d0%b5%d0%b7%d0%b4%d0%b0-%d1%85%d0%be%d0%bb%d0%be%d0%b4%d0%bd%d0%be%d0%b3%d0%be-%d0%be%d0%b3%d0%bd%d1%8f-kopija\/#breadcrumb\",\"itemListElement\":[{\"@type\":\"ListItem\",\"position\":1,\"name\":\"Prad\u017eia\",\"item\":\"https:\/\/www.gintaresgeles.lt\/ru\/\"},{\"@type\":\"ListItem\",\"position\":2,\"name\":\"\u0412\u0441\u0435 \u0446\u0432\u0435\u0442\u044b \u0438 \u0434\u0440\u0443\u0433\u0438\u0435 \u043f\u0440\u043e\u0434\u0443\u043a\u0442\u044b\",\"item\":\"https:\/\/www.gintaresgeles.lt\/ru\/vse-cvety-i-drugie-produkty\/\"},{\"@type\":\"ListItem\",\"position\":3,\"name\":\"\u0425\u043e\u043b\u043e\u0434\u043d\u044b\u0435 \u043e\u0433\u043d\u0438 &#8222;\u0421\u0435\u0440\u0435\u0431\u0440\u044f\u043d\u044b\u0435 \u0441\u0435\u0440\u0434\u0446\u0430&#8221; (4 \u0448\u0442.)\"}]},{\"@type\":\"WebSite\",\"@id\":\"https:\/\/www.gintaresgeles.lt\/ru\/#website\",\"url\":\"https:\/\/www.gintaresgeles.lt\/ru\/\",\"name\":\"Gintares Geles\",\"description\":\"\u0414\u043e\u0441\u0442\u0430\u0432\u043a\u0430 \u0446\u0432\u0435\u0442\u043e\u0432 \u0432 \u0412\u0438\u043b\u044c\u043d\u044e\u0441\u0435 | \u0412 \u0442\u043e\u0442 \u0436\u0435 \u0434\u0435\u043d\u044c | Gintares geles\",\"potentialAction\":[{\"@type\":\"SearchAction\",\"target\":{\"@type\":\"EntryPoint\",\"urlTemplate\":\"https:\/\/www.gintaresgeles.lt\/ru\/?s={search_term_string}\"},\"query-input\":{\"@type\":\"PropertyValueSpecification\",\"valueRequired\":true,\"valueName\":\"search_term_string\"}}],\"inLanguage\":\"ru-RU\"}]}<\/script>\n<!-- \/ Yoast SEO plugin. -->","yoast_head_json":{"title":"\u0425\u043e\u043b\u043e\u0434\u043d\u044b\u0435 \u043e\u0433\u043d\u0438 \"\u0421\u0435\u0440\u0435\u0431\u0440\u044f\u043d\u044b\u0435 \u0441\u0435\u0440\u0434\u0446\u0430\" (4 \u0448\u0442.) | Dovanos | Gintar\u0117s G\u0117l\u0117s","description":"\u0425\u043e\u043b\u043e\u0434\u043d\u044b\u0435 \u0441\u0432\u0435\u0447\u0438 \u2014 \u043f\u043e\u0434\u0445\u043e\u0434\u044f\u0449\u0438\u0439 \u0430\u0442\u0440\u0438\u0431\u0443\u0442 \u0434\u043b\u044f \u0431\u043e\u043b\u044c\u0448\u0438\u043d\u0441\u0442\u0432\u0430 \u043f\u0440\u0430\u0437\u0434\u043d\u0438\u043a\u043e\u0432! \u0410 \u044d\u0442\u0438 \u043a\u0440\u0430\u0441\u0438\u0432\u044b\u0435 \u0441\u0435\u0440\u0435\u0431\u0440\u044f\u043d\u044b\u0435 \u0441\u0435\u0440\u0434\u0435\u0447\u043a\u0438 \u043e\u0431\u044f\u0437\u0430\u0442\u0435\u043b\u044c\u043d\u043e \u0434\u043e\u0431\u0430\u0432\u044f\u0442 \u0443\u044e\u0442\u0430 \u0438 \u0442\u0435\u043f\u043b\u0430.","robots":{"index":"index","follow":"follow","max-snippet":"max-snippet:-1","max-image-preview":"max-image-preview:large","max-video-preview":"max-video-preview:-1"},"canonical":"https:\/\/www.gintaresgeles.lt\/ru\/puokste\/%d0%b7%d0%be%d0%bb%d0%be%d1%82%d0%b0%d1%8f-%d0%b7%d0%b2%d0%b5%d0%b7%d0%b4%d0%b0-%d1%85%d0%be%d0%bb%d0%be%d0%b4%d0%bd%d0%be%d0%b3%d0%be-%d0%be%d0%b3%d0%bd%d1%8f-kopija\/","og_locale":"ru_RU","og_type":"article","og_title":"\u0425\u043e\u043b\u043e\u0434\u043d\u044b\u0435 \u043e\u0433\u043d\u0438 \"\u0421\u0435\u0440\u0435\u0431\u0440\u044f\u043d\u044b\u0435 \u0441\u0435\u0440\u0434\u0446\u0430\" (4 \u0448\u0442.) | Dovanos | Gintar\u0117s G\u0117l\u0117s","og_description":"\u0425\u043e\u043b\u043e\u0434\u043d\u044b\u0435 \u0441\u0432\u0435\u0447\u0438 \u2014 \u043f\u043e\u0434\u0445\u043e\u0434\u044f\u0449\u0438\u0439 \u0430\u0442\u0440\u0438\u0431\u0443\u0442 \u0434\u043b\u044f \u0431\u043e\u043b\u044c\u0448\u0438\u043d\u0441\u0442\u0432\u0430 \u043f\u0440\u0430\u0437\u0434\u043d\u0438\u043a\u043e\u0432! \u0410 \u044d\u0442\u0438 \u043a\u0440\u0430\u0441\u0438\u0432\u044b\u0435 \u0441\u0435\u0440\u0435\u0431\u0440\u044f\u043d\u044b\u0435 \u0441\u0435\u0440\u0434\u0435\u0447\u043a\u0438 \u043e\u0431\u044f\u0437\u0430\u0442\u0435\u043b\u044c\u043d\u043e \u0434\u043e\u0431\u0430\u0432\u044f\u0442 \u0443\u044e\u0442\u0430 \u0438 \u0442\u0435\u043f\u043b\u0430.","og_url":"https:\/\/www.gintaresgeles.lt\/ru\/puokste\/%d0%b7%d0%be%d0%bb%d0%be%d1%82%d0%b0%d1%8f-%d0%b7%d0%b2%d0%b5%d0%b7%d0%b4%d0%b0-%d1%85%d0%be%d0%bb%d0%be%d0%b4%d0%bd%d0%be%d0%b3%d0%be-%d0%be%d0%b3%d0%bd%d1%8f-kopija\/","og_site_name":"gintaresgeles.lt","article_modified_time":"2025-09-03T05:48:45+00:00","og_image":[{"width":841,"height":840,"url":"https:\/\/www.gintaresgeles.lt\/wp-content\/uploads\/2025\/08\/saltosios-ugneles-sirdeles-formos.png","type":"image\/png"}],"twitter_card":"summary_large_image","schema":{"@context":"https:\/\/schema.org","@graph":[{"@type":"WebPage","@id":"https:\/\/www.gintaresgeles.lt\/ru\/puokste\/%d0%b7%d0%be%d0%bb%d0%be%d1%82%d0%b0%d1%8f-%d0%b7%d0%b2%d0%b5%d0%b7%d0%b4%d0%b0-%d1%85%d0%be%d0%bb%d0%be%d0%b4%d0%bd%d0%be%d0%b3%d0%be-%d0%be%d0%b3%d0%bd%d1%8f-kopija\/","url":"https:\/\/www.gintaresgeles.lt\/ru\/puokste\/%d0%b7%d0%be%d0%bb%d0%be%d1%82%d0%b0%d1%8f-%d0%b7%d0%b2%d0%b5%d0%b7%d0%b4%d0%b0-%d1%85%d0%be%d0%bb%d0%be%d0%b4%d0%bd%d0%be%d0%b3%d0%be-%d0%be%d0%b3%d0%bd%d1%8f-kopija\/","name":"\u0425\u043e\u043b\u043e\u0434\u043d\u044b\u0435 \u043e\u0433\u043d\u0438 \"\u0421\u0435\u0440\u0435\u0431\u0440\u044f\u043d\u044b\u0435 \u0441\u0435\u0440\u0434\u0446\u0430\" (4 \u0448\u0442.) | Dovanos | Gintar\u0117s G\u0117l\u0117s","isPartOf":{"@id":"https:\/\/www.gintaresgeles.lt\/ru\/#website"},"primaryImageOfPage":{"@id":"https:\/\/www.gintaresgeles.lt\/ru\/puokste\/%d0%b7%d0%be%d0%bb%d0%be%d1%82%d0%b0%d1%8f-%d0%b7%d0%b2%d0%b5%d0%b7%d0%b4%d0%b0-%d1%85%d0%be%d0%bb%d0%be%d0%b4%d0%bd%d0%be%d0%b3%d0%be-%d0%be%d0%b3%d0%bd%d1%8f-kopija\/#primaryimage"},"image":{"@id":"https:\/\/www.gintaresgeles.lt\/ru\/puokste\/%d0%b7%d0%be%d0%bb%d0%be%d1%82%d0%b0%d1%8f-%d0%b7%d0%b2%d0%b5%d0%b7%d0%b4%d0%b0-%d1%85%d0%be%d0%bb%d0%be%d0%b4%d0%bd%d0%be%d0%b3%d0%be-%d0%be%d0%b3%d0%bd%d1%8f-kopija\/#primaryimage"},"thumbnailUrl":"https:\/\/www.gintaresgeles.lt\/wp-content\/uploads\/2025\/08\/saltosios-ugneles-sirdeles-formos.png","datePublished":"2025-08-23T07:30:55+00:00","dateModified":"2025-09-03T05:48:45+00:00","description":"\u0425\u043e\u043b\u043e\u0434\u043d\u044b\u0435 \u0441\u0432\u0435\u0447\u0438 \u2014 \u043f\u043e\u0434\u0445\u043e\u0434\u044f\u0449\u0438\u0439 \u0430\u0442\u0440\u0438\u0431\u0443\u0442 \u0434\u043b\u044f \u0431\u043e\u043b\u044c\u0448\u0438\u043d\u0441\u0442\u0432\u0430 \u043f\u0440\u0430\u0437\u0434\u043d\u0438\u043a\u043e\u0432! \u0410 \u044d\u0442\u0438 \u043a\u0440\u0430\u0441\u0438\u0432\u044b\u0435 \u0441\u0435\u0440\u0435\u0431\u0440\u044f\u043d\u044b\u0435 \u0441\u0435\u0440\u0434\u0435\u0447\u043a\u0438 \u043e\u0431\u044f\u0437\u0430\u0442\u0435\u043b\u044c\u043d\u043e \u0434\u043e\u0431\u0430\u0432\u044f\u0442 \u0443\u044e\u0442\u0430 \u0438 \u0442\u0435\u043f\u043b\u0430.","breadcrumb":{"@id":"https:\/\/www.gintaresgeles.lt\/ru\/puokste\/%d0%b7%d0%be%d0%bb%d0%be%d1%82%d0%b0%d1%8f-%d0%b7%d0%b2%d0%b5%d0%b7%d0%b4%d0%b0-%d1%85%d0%be%d0%bb%d0%be%d0%b4%d0%bd%d0%be%d0%b3%d0%be-%d0%be%d0%b3%d0%bd%d1%8f-kopija\/#breadcrumb"},"inLanguage":"ru-RU","potentialAction":[{"@type":"ReadAction","target":["https:\/\/www.gintaresgeles.lt\/ru\/puokste\/%d0%b7%d0%be%d0%bb%d0%be%d1%82%d0%b0%d1%8f-%d0%b7%d0%b2%d0%b5%d0%b7%d0%b4%d0%b0-%d1%85%d0%be%d0%bb%d0%be%d0%b4%d0%bd%d0%be%d0%b3%d0%be-%d0%be%d0%b3%d0%bd%d1%8f-kopija\/"]}]},{"@type":"ImageObject","inLanguage":"ru-RU","@id":"https:\/\/www.gintaresgeles.lt\/ru\/puokste\/%d0%b7%d0%be%d0%bb%d0%be%d1%82%d0%b0%d1%8f-%d0%b7%d0%b2%d0%b5%d0%b7%d0%b4%d0%b0-%d1%85%d0%be%d0%bb%d0%be%d0%b4%d0%bd%d0%be%d0%b3%d0%be-%d0%be%d0%b3%d0%bd%d1%8f-kopija\/#primaryimage","url":"https:\/\/www.gintaresgeles.lt\/wp-content\/uploads\/2025\/08\/saltosios-ugneles-sirdeles-formos.png","contentUrl":"https:\/\/www.gintaresgeles.lt\/wp-content\/uploads\/2025\/08\/saltosios-ugneles-sirdeles-formos.png","width":841,"height":840,"caption":"Sidabrin\u0117s spalvos bengali\u0161kos ugnel\u0117s"},{"@type":"BreadcrumbList","@id":"https:\/\/www.gintaresgeles.lt\/ru\/puokste\/%d0%b7%d0%be%d0%bb%d0%be%d1%82%d0%b0%d1%8f-%d0%b7%d0%b2%d0%b5%d0%b7%d0%b4%d0%b0-%d1%85%d0%be%d0%bb%d0%be%d0%b4%d0%bd%d0%be%d0%b3%d0%be-%d0%be%d0%b3%d0%bd%d1%8f-kopija\/#breadcrumb","itemListElement":[{"@type":"ListItem","position":1,"name":"Prad\u017eia","item":"https:\/\/www.gintaresgeles.lt\/ru\/"},{"@type":"ListItem","position":2,"name":"\u0412\u0441\u0435 \u0446\u0432\u0435\u0442\u044b \u0438 \u0434\u0440\u0443\u0433\u0438\u0435 \u043f\u0440\u043e\u0434\u0443\u043a\u0442\u044b","item":"https:\/\/www.gintaresgeles.lt\/ru\/vse-cvety-i-drugie-produkty\/"},{"@type":"ListItem","position":3,"name":"\u0425\u043e\u043b\u043e\u0434\u043d\u044b\u0435 \u043e\u0433\u043d\u0438 &#8222;\u0421\u0435\u0440\u0435\u0431\u0440\u044f\u043d\u044b\u0435 \u0441\u0435\u0440\u0434\u0446\u0430&#8221; (4 \u0448\u0442.)"}]},{"@type":"WebSite","@id":"https:\/\/www.gintaresgeles.lt\/ru\/#website","url":"https:\/\/www.gintaresgeles.lt\/ru\/","name":"Gintares Geles","description":"\u0414\u043e\u0441\u0442\u0430\u0432\u043a\u0430 \u0446\u0432\u0435\u0442\u043e\u0432 \u0432 \u0412\u0438\u043b\u044c\u043d\u044e\u0441\u0435 | \u0412 \u0442\u043e\u0442 \u0436\u0435 \u0434\u0435\u043d\u044c | Gintares geles","potentialAction":[{"@type":"SearchAction","target":{"@type":"EntryPoint","urlTemplate":"https:\/\/www.gintaresgeles.lt\/ru\/?s={search_term_string}"},"query-input":{"@type":"PropertyValueSpecification","valueRequired":true,"valueName":"search_term_string"}}],"inLanguage":"ru-RU"}]}},"_links":{"self":[{"href":"https:\/\/www.gintaresgeles.lt\/ru\/wp-json\/wp\/v2\/product\/56939","targetHints":{"allow":["GET"]}}],"collection":[{"href":"https:\/\/www.gintaresgeles.lt\/ru\/wp-json\/wp\/v2\/product"}],"about":[{"href":"https:\/\/www.gintaresgeles.lt\/ru\/wp-json\/wp\/v2\/types\/product"}],"wp:featuredmedia":[{"embeddable":true,"href":"https:\/\/www.gintaresgeles.lt\/ru\/wp-json\/wp\/v2\/media\/56946"}],"wp:attachment":[{"href":"https:\/\/www.gintaresgeles.lt\/ru\/wp-json\/wp\/v2\/media?parent=56939"}],"wp:term":[{"taxonomy":"product_brand","embeddable":true,"href":"https:\/\/www.gintaresgeles.lt\/ru\/wp-json\/wp\/v2\/product_brand?post=56939"},{"taxonomy":"product_cat","embeddable":true,"href":"https:\/\/www.gintaresgeles.lt\/ru\/wp-json\/wp\/v2\/product_cat?post=56939"},{"taxonomy":"product_tag","embeddable":true,"href":"https:\/\/www.gintaresgeles.lt\/ru\/wp-json\/wp\/v2\/product_tag?post=56939"}],"curies":[{"name":"wp","href":"https:\/\/api.w.org\/{rel}","templated":true}]}}