{"id":57045,"date":"2025-08-28T11:28:42","date_gmt":"2025-08-28T08:28:42","guid":{"rendered":"https:\/\/www.gintaresgeles.lt\/puokste\/%d0%b0%d0%ba%d1%80%d0%b8%d0%bb%d0%be%d0%b2%d0%b0%d1%8f-%d0%ba%d0%be%d1%80%d0%be%d0%b1%d0%ba%d0%b0-%d0%b4%d0%bb%d1%8f-%d1%80%d0%be%d0%b7-%d0%b2-%d1%84%d0%be%d1%80%d0%bc%d0%b5-%d1%81%d0%b5%d1%80%d0%b4\/"},"modified":"2025-08-28T11:28:42","modified_gmt":"2025-08-28T08:28:42","slug":"%d0%b0%d0%ba%d1%80%d0%b8%d0%bb%d0%be%d0%b2%d0%b0%d1%8f-%d0%ba%d0%be%d1%80%d0%be%d0%b1%d0%ba%d0%b0-%d0%b4%d0%bb%d1%8f-%d1%80%d0%be%d0%b7-%d0%b2-%d1%84%d0%be%d1%80%d0%bc%d0%b5-%d1%81%d0%b5%d1%80%d0%b4","status":"publish","type":"product","link":"https:\/\/www.gintaresgeles.lt\/ru\/puokste\/%d0%b0%d0%ba%d1%80%d0%b8%d0%bb%d0%be%d0%b2%d0%b0%d1%8f-%d0%ba%d0%be%d1%80%d0%be%d0%b1%d0%ba%d0%b0-%d0%b4%d0%bb%d1%8f-%d1%80%d0%be%d0%b7-%d0%b2-%d1%84%d0%be%d1%80%d0%bc%d0%b5-%d1%81%d0%b5%d1%80%d0%b4\/","title":{"rendered":"\u0410\u043a\u0440\u0438\u043b\u043e\u0432\u0430\u044f \u043a\u043e\u0440\u043e\u0431\u043a\u0430 \u0434\u043b\u044f \u0440\u043e\u0437 \u0432 \u0444\u043e\u0440\u043c\u0435 \u0441\u0435\u0440\u0434\u0446\u0430"},"content":{"rendered":"","protected":false},"excerpt":{"rendered":"<p>\u042d\u043b\u0435\u0433\u0430\u043d\u0442\u043d\u0430\u044f \u0438 \u043d\u0435\u0436\u043d\u0430\u044f \u0430\u043a\u0440\u0438\u043b\u043e\u0432\u0430\u044f \u043a\u043e\u0440\u043e\u0431\u043a\u0430 \u0432 \u0444\u043e\u0440\u043c\u0435 \u0441\u0435\u0440\u0434\u0446\u0430, \u0438\u0437\u0433\u043e\u0442\u043e\u0432\u043b\u0435\u043d\u043d\u0430\u044f \u0438\u0437 \u0432\u044b\u0441\u043e\u043a\u043e\u043a\u0430\u0447\u0435\u0441\u0442\u0432\u0435\u043d\u043d\u043e\u0433\u043e \u043f\u0440\u043e\u0437\u0440\u0430\u0447\u043d\u043e\u0433\u043e \u0430\u043a\u0440\u0438\u043b\u0430. \u0412\u043d\u0443\u0442\u0440\u0438 \u2013 \u043d\u0435\u0436\u043d\u043e-\u0440\u043e\u0437\u043e\u0432\u044b\u0439 \u0446\u0432\u0435\u0442 \u0438 \u043d\u0435\u0436\u043d\u044b\u0435, \u0434\u043e\u043b\u0433\u043e\u0432\u0435\u0447\u043d\u044b\u0435 \u0441\u0442\u0430\u0431\u0438\u043b\u0438\u0437\u0438\u0440\u043e\u0432\u0430\u043d\u043d\u044b\u0435 \u0440\u043e\u0437\u044b, \u043a\u043e\u0442\u043e\u0440\u044b\u0435 \u043f\u0440\u0438\u0434\u0430\u044e\u0442 \u043a\u043e\u0440\u043e\u0431\u043a\u0435 \u0443\u043d\u0438\u043a\u0430\u043b\u044c\u043d\u043e\u0441\u0442\u044c \u0438 \u0440\u043e\u043c\u0430\u043d\u0442\u0438\u043a\u0443. \u0418\u0434\u0435\u0430\u043b\u044c\u043d\u044b\u0439 \u043f\u043e\u0434\u0430\u0440\u043e\u043a \u043b\u044e\u0431\u0438\u043c\u043e\u043c\u0443 \u0447\u0435\u043b\u043e\u0432\u0435\u043a\u0443 \u043d\u0430 \u043b\u044e\u0431\u043e\u0439 \u043f\u0440\u0430\u0437\u0434\u043d\u0438\u043a \u2013 \u0414\u0435\u043d\u044c \u0441\u0432\u044f\u0442\u043e\u0433\u043e \u0412\u0430\u043b\u0435\u043d\u0442\u0438\u043d\u0430, \u0434\u0435\u043d\u044c \u0440\u043e\u0436\u0434\u0435\u043d\u0438\u044f \u0438\u043b\u0438 \u043f\u0440\u043e\u0441\u0442\u043e \u0434\u043b\u044f \u0432\u044b\u0440\u0430\u0436\u0435\u043d\u0438\u044f \u0447\u0443\u0432\u0441\u0442\u0432.<\/p>\n","protected":false},"featured_media":56996,"template":"","meta":[],"product_brand":[],"product_cat":[975,1006,970,971,976,967,968],"product_tag":[],"class_list":{"0":"post-57045","1":"product","2":"type-product","3":"status-publish","4":"has-post-thumbnail","6":"product_cat-14--","7":"product_cat-1006","8":"product_cat-970","9":"product_cat-971","10":"product_cat-976","11":"product_cat-967","12":"product_cat-968","13":"tm-has-options","15":"first","16":"outofstock","17":"taxable","18":"shipping-taxable","19":"purchasable","20":"product-type-simple"},"yoast_head":"<!-- This site is optimized with the Yoast SEO plugin v25.3 - https:\/\/yoast.com\/wordpress\/plugins\/seo\/ -->\n<title>\u0410\u043a\u0440\u0438\u043b\u043e\u0432\u0430\u044f \u043a\u043e\u0440\u043e\u0431\u043a\u0430 \u0434\u043b\u044f \u0440\u043e\u0437 \u0432 \u0444\u043e\u0440\u043c\u0435 \u0441\u0435\u0440\u0434\u0446\u0430 | Gintar\u0117s G\u0117l\u0117s<\/title>\n<meta name=\"description\" content=\"\u042d\u043a\u0441\u043a\u043b\u044e\u0437\u0438\u0432\u043d\u0430\u044f \u0430\u043a\u0440\u0438\u043b\u043e\u0432\u0430\u044f \u043a\u043e\u0440\u043e\u0431\u043a\u0430 \u0432 \u0444\u043e\u0440\u043c\u0435 \u0441\u0435\u0440\u0434\u0446\u0430 \u0438\u0437 \u0440\u043e\u0437 \u043d\u0435\u0436\u043d\u043e-\u0440\u043e\u0437\u043e\u0432\u043e\u0433\u043e \u0446\u0432\u0435\u0442\u0430, \u0446\u0432\u0435\u0442\u044b \u0434\u043e\u043b\u0433\u043e \u0441\u043e\u0445\u0440\u0430\u043d\u044f\u044e\u0442\u0441\u044f. \u041e\u0442\u043b\u0438\u0447\u043d\u044b\u0439 \u043f\u043e\u0434\u0430\u0440\u043e\u043a \u0434\u043b\u044f \u043e\u0441\u043e\u0431\u044b\u0445 \u0441\u043b\u0443\u0447\u0430\u0435\u0432.\" \/>\n<meta name=\"robots\" content=\"index, follow, max-snippet:-1, max-image-preview:large, max-video-preview:-1\" \/>\n<link rel=\"canonical\" href=\"https:\/\/www.gintaresgeles.lt\/ru\/puokste\/%d0%b0%d0%ba%d1%80%d0%b8%d0%bb%d0%be%d0%b2%d0%b0%d1%8f-%d0%ba%d0%be%d1%80%d0%be%d0%b1%d0%ba%d0%b0-%d0%b4%d0%bb%d1%8f-%d1%80%d0%be%d0%b7-%d0%b2-%d1%84%d0%be%d1%80%d0%bc%d0%b5-%d1%81%d0%b5%d1%80%d0%b4\/\" \/>\n<meta property=\"og:locale\" content=\"ru_RU\" \/>\n<meta property=\"og:type\" content=\"article\" \/>\n<meta property=\"og:title\" content=\"\u0410\u043a\u0440\u0438\u043b\u043e\u0432\u0430\u044f \u043a\u043e\u0440\u043e\u0431\u043a\u0430 \u0434\u043b\u044f \u0440\u043e\u0437 \u0432 \u0444\u043e\u0440\u043c\u0435 \u0441\u0435\u0440\u0434\u0446\u0430 | Gintar\u0117s G\u0117l\u0117s\" \/>\n<meta property=\"og:description\" content=\"\u042d\u043a\u0441\u043a\u043b\u044e\u0437\u0438\u0432\u043d\u0430\u044f \u0430\u043a\u0440\u0438\u043b\u043e\u0432\u0430\u044f \u043a\u043e\u0440\u043e\u0431\u043a\u0430 \u0432 \u0444\u043e\u0440\u043c\u0435 \u0441\u0435\u0440\u0434\u0446\u0430 \u0438\u0437 \u0440\u043e\u0437 \u043d\u0435\u0436\u043d\u043e-\u0440\u043e\u0437\u043e\u0432\u043e\u0433\u043e \u0446\u0432\u0435\u0442\u0430, \u0446\u0432\u0435\u0442\u044b \u0434\u043e\u043b\u0433\u043e \u0441\u043e\u0445\u0440\u0430\u043d\u044f\u044e\u0442\u0441\u044f. \u041e\u0442\u043b\u0438\u0447\u043d\u044b\u0439 \u043f\u043e\u0434\u0430\u0440\u043e\u043a \u0434\u043b\u044f \u043e\u0441\u043e\u0431\u044b\u0445 \u0441\u043b\u0443\u0447\u0430\u0435\u0432.\" \/>\n<meta property=\"og:url\" content=\"https:\/\/www.gintaresgeles.lt\/ru\/puokste\/%d0%b0%d0%ba%d1%80%d0%b8%d0%bb%d0%be%d0%b2%d0%b0%d1%8f-%d0%ba%d0%be%d1%80%d0%be%d0%b1%d0%ba%d0%b0-%d0%b4%d0%bb%d1%8f-%d1%80%d0%be%d0%b7-%d0%b2-%d1%84%d0%be%d1%80%d0%bc%d0%b5-%d1%81%d0%b5%d1%80%d0%b4\/\" \/>\n<meta property=\"og:site_name\" content=\"gintaresgeles.lt\" \/>\n<meta property=\"og:image\" content=\"https:\/\/www.gintaresgeles.lt\/wp-content\/uploads\/2025\/08\/akriline-dezute-su-mieganciomis-rozemis-scaled.jpg\" \/>\n\t<meta property=\"og:image:width\" content=\"2560\" \/>\n\t<meta property=\"og:image:height\" content=\"2560\" \/>\n\t<meta property=\"og:image:type\" content=\"image\/jpeg\" \/>\n<meta name=\"twitter:card\" content=\"summary_large_image\" \/>\n<script type=\"application\/ld+json\" class=\"yoast-schema-graph\">{\"@context\":\"https:\/\/schema.org\",\"@graph\":[{\"@type\":\"WebPage\",\"@id\":\"https:\/\/www.gintaresgeles.lt\/ru\/puokste\/%d0%b0%d0%ba%d1%80%d0%b8%d0%bb%d0%be%d0%b2%d0%b0%d1%8f-%d0%ba%d0%be%d1%80%d0%be%d0%b1%d0%ba%d0%b0-%d0%b4%d0%bb%d1%8f-%d1%80%d0%be%d0%b7-%d0%b2-%d1%84%d0%be%d1%80%d0%bc%d0%b5-%d1%81%d0%b5%d1%80%d0%b4\/\",\"url\":\"https:\/\/www.gintaresgeles.lt\/ru\/puokste\/%d0%b0%d0%ba%d1%80%d0%b8%d0%bb%d0%be%d0%b2%d0%b0%d1%8f-%d0%ba%d0%be%d1%80%d0%be%d0%b1%d0%ba%d0%b0-%d0%b4%d0%bb%d1%8f-%d1%80%d0%be%d0%b7-%d0%b2-%d1%84%d0%be%d1%80%d0%bc%d0%b5-%d1%81%d0%b5%d1%80%d0%b4\/\",\"name\":\"\u0410\u043a\u0440\u0438\u043b\u043e\u0432\u0430\u044f \u043a\u043e\u0440\u043e\u0431\u043a\u0430 \u0434\u043b\u044f \u0440\u043e\u0437 \u0432 \u0444\u043e\u0440\u043c\u0435 \u0441\u0435\u0440\u0434\u0446\u0430 | Gintar\u0117s G\u0117l\u0117s\",\"isPartOf\":{\"@id\":\"https:\/\/www.gintaresgeles.lt\/ru\/#website\"},\"primaryImageOfPage\":{\"@id\":\"https:\/\/www.gintaresgeles.lt\/ru\/puokste\/%d0%b0%d0%ba%d1%80%d0%b8%d0%bb%d0%be%d0%b2%d0%b0%d1%8f-%d0%ba%d0%be%d1%80%d0%be%d0%b1%d0%ba%d0%b0-%d0%b4%d0%bb%d1%8f-%d1%80%d0%be%d0%b7-%d0%b2-%d1%84%d0%be%d1%80%d0%bc%d0%b5-%d1%81%d0%b5%d1%80%d0%b4\/#primaryimage\"},\"image\":{\"@id\":\"https:\/\/www.gintaresgeles.lt\/ru\/puokste\/%d0%b0%d0%ba%d1%80%d0%b8%d0%bb%d0%be%d0%b2%d0%b0%d1%8f-%d0%ba%d0%be%d1%80%d0%be%d0%b1%d0%ba%d0%b0-%d0%b4%d0%bb%d1%8f-%d1%80%d0%be%d0%b7-%d0%b2-%d1%84%d0%be%d1%80%d0%bc%d0%b5-%d1%81%d0%b5%d1%80%d0%b4\/#primaryimage\"},\"thumbnailUrl\":\"https:\/\/www.gintaresgeles.lt\/wp-content\/uploads\/2025\/08\/akriline-dezute-su-mieganciomis-rozemis-scaled.jpg\",\"datePublished\":\"2025-08-28T08:28:42+00:00\",\"description\":\"\u042d\u043a\u0441\u043a\u043b\u044e\u0437\u0438\u0432\u043d\u0430\u044f \u0430\u043a\u0440\u0438\u043b\u043e\u0432\u0430\u044f \u043a\u043e\u0440\u043e\u0431\u043a\u0430 \u0432 \u0444\u043e\u0440\u043c\u0435 \u0441\u0435\u0440\u0434\u0446\u0430 \u0438\u0437 \u0440\u043e\u0437 \u043d\u0435\u0436\u043d\u043e-\u0440\u043e\u0437\u043e\u0432\u043e\u0433\u043e \u0446\u0432\u0435\u0442\u0430, \u0446\u0432\u0435\u0442\u044b \u0434\u043e\u043b\u0433\u043e \u0441\u043e\u0445\u0440\u0430\u043d\u044f\u044e\u0442\u0441\u044f. \u041e\u0442\u043b\u0438\u0447\u043d\u044b\u0439 \u043f\u043e\u0434\u0430\u0440\u043e\u043a \u0434\u043b\u044f \u043e\u0441\u043e\u0431\u044b\u0445 \u0441\u043b\u0443\u0447\u0430\u0435\u0432.\",\"breadcrumb\":{\"@id\":\"https:\/\/www.gintaresgeles.lt\/ru\/puokste\/%d0%b0%d0%ba%d1%80%d0%b8%d0%bb%d0%be%d0%b2%d0%b0%d1%8f-%d0%ba%d0%be%d1%80%d0%be%d0%b1%d0%ba%d0%b0-%d0%b4%d0%bb%d1%8f-%d1%80%d0%be%d0%b7-%d0%b2-%d1%84%d0%be%d1%80%d0%bc%d0%b5-%d1%81%d0%b5%d1%80%d0%b4\/#breadcrumb\"},\"inLanguage\":\"ru-RU\",\"potentialAction\":[{\"@type\":\"ReadAction\",\"target\":[\"https:\/\/www.gintaresgeles.lt\/ru\/puokste\/%d0%b0%d0%ba%d1%80%d0%b8%d0%bb%d0%be%d0%b2%d0%b0%d1%8f-%d0%ba%d0%be%d1%80%d0%be%d0%b1%d0%ba%d0%b0-%d0%b4%d0%bb%d1%8f-%d1%80%d0%be%d0%b7-%d0%b2-%d1%84%d0%be%d1%80%d0%bc%d0%b5-%d1%81%d0%b5%d1%80%d0%b4\/\"]}]},{\"@type\":\"ImageObject\",\"inLanguage\":\"ru-RU\",\"@id\":\"https:\/\/www.gintaresgeles.lt\/ru\/puokste\/%d0%b0%d0%ba%d1%80%d0%b8%d0%bb%d0%be%d0%b2%d0%b0%d1%8f-%d0%ba%d0%be%d1%80%d0%be%d0%b1%d0%ba%d0%b0-%d0%b4%d0%bb%d1%8f-%d1%80%d0%be%d0%b7-%d0%b2-%d1%84%d0%be%d1%80%d0%bc%d0%b5-%d1%81%d0%b5%d1%80%d0%b4\/#primaryimage\",\"url\":\"https:\/\/www.gintaresgeles.lt\/wp-content\/uploads\/2025\/08\/akriline-dezute-su-mieganciomis-rozemis-scaled.jpg\",\"contentUrl\":\"https:\/\/www.gintaresgeles.lt\/wp-content\/uploads\/2025\/08\/akriline-dezute-su-mieganciomis-rozemis-scaled.jpg\",\"width\":2560,\"height\":2560,\"caption\":\"Stabilizuot\u0173 ro\u017ei\u0173 \u0161ird\u0117les formos akriline d\u0117\u017eut\u0117\"},{\"@type\":\"BreadcrumbList\",\"@id\":\"https:\/\/www.gintaresgeles.lt\/ru\/puokste\/%d0%b0%d0%ba%d1%80%d0%b8%d0%bb%d0%be%d0%b2%d0%b0%d1%8f-%d0%ba%d0%be%d1%80%d0%be%d0%b1%d0%ba%d0%b0-%d0%b4%d0%bb%d1%8f-%d1%80%d0%be%d0%b7-%d0%b2-%d1%84%d0%be%d1%80%d0%bc%d0%b5-%d1%81%d0%b5%d1%80%d0%b4\/#breadcrumb\",\"itemListElement\":[{\"@type\":\"ListItem\",\"position\":1,\"name\":\"Prad\u017eia\",\"item\":\"https:\/\/www.gintaresgeles.lt\/ru\/\"},{\"@type\":\"ListItem\",\"position\":2,\"name\":\"\u0412\u0441\u0435 \u0446\u0432\u0435\u0442\u044b \u0438 \u0434\u0440\u0443\u0433\u0438\u0435 \u043f\u0440\u043e\u0434\u0443\u043a\u0442\u044b\",\"item\":\"https:\/\/www.gintaresgeles.lt\/ru\/vse-cvety-i-drugie-produkty\/\"},{\"@type\":\"ListItem\",\"position\":3,\"name\":\"\u0410\u043a\u0440\u0438\u043b\u043e\u0432\u0430\u044f \u043a\u043e\u0440\u043e\u0431\u043a\u0430 \u0434\u043b\u044f \u0440\u043e\u0437 \u0432 \u0444\u043e\u0440\u043c\u0435 \u0441\u0435\u0440\u0434\u0446\u0430\"}]},{\"@type\":\"WebSite\",\"@id\":\"https:\/\/www.gintaresgeles.lt\/ru\/#website\",\"url\":\"https:\/\/www.gintaresgeles.lt\/ru\/\",\"name\":\"Gintares Geles\",\"description\":\"\u0414\u043e\u0441\u0442\u0430\u0432\u043a\u0430 \u0446\u0432\u0435\u0442\u043e\u0432 \u0432 \u0412\u0438\u043b\u044c\u043d\u044e\u0441\u0435 | \u0412 \u0442\u043e\u0442 \u0436\u0435 \u0434\u0435\u043d\u044c | Gintares geles\",\"potentialAction\":[{\"@type\":\"SearchAction\",\"target\":{\"@type\":\"EntryPoint\",\"urlTemplate\":\"https:\/\/www.gintaresgeles.lt\/ru\/?s={search_term_string}\"},\"query-input\":{\"@type\":\"PropertyValueSpecification\",\"valueRequired\":true,\"valueName\":\"search_term_string\"}}],\"inLanguage\":\"ru-RU\"}]}<\/script>\n<!-- \/ Yoast SEO plugin. -->","yoast_head_json":{"title":"\u0410\u043a\u0440\u0438\u043b\u043e\u0432\u0430\u044f \u043a\u043e\u0440\u043e\u0431\u043a\u0430 \u0434\u043b\u044f \u0440\u043e\u0437 \u0432 \u0444\u043e\u0440\u043c\u0435 \u0441\u0435\u0440\u0434\u0446\u0430 | Gintar\u0117s G\u0117l\u0117s","description":"\u042d\u043a\u0441\u043a\u043b\u044e\u0437\u0438\u0432\u043d\u0430\u044f \u0430\u043a\u0440\u0438\u043b\u043e\u0432\u0430\u044f \u043a\u043e\u0440\u043e\u0431\u043a\u0430 \u0432 \u0444\u043e\u0440\u043c\u0435 \u0441\u0435\u0440\u0434\u0446\u0430 \u0438\u0437 \u0440\u043e\u0437 \u043d\u0435\u0436\u043d\u043e-\u0440\u043e\u0437\u043e\u0432\u043e\u0433\u043e \u0446\u0432\u0435\u0442\u0430, \u0446\u0432\u0435\u0442\u044b \u0434\u043e\u043b\u0433\u043e \u0441\u043e\u0445\u0440\u0430\u043d\u044f\u044e\u0442\u0441\u044f. \u041e\u0442\u043b\u0438\u0447\u043d\u044b\u0439 \u043f\u043e\u0434\u0430\u0440\u043e\u043a \u0434\u043b\u044f \u043e\u0441\u043e\u0431\u044b\u0445 \u0441\u043b\u0443\u0447\u0430\u0435\u0432.","robots":{"index":"index","follow":"follow","max-snippet":"max-snippet:-1","max-image-preview":"max-image-preview:large","max-video-preview":"max-video-preview:-1"},"canonical":"https:\/\/www.gintaresgeles.lt\/ru\/puokste\/%d0%b0%d0%ba%d1%80%d0%b8%d0%bb%d0%be%d0%b2%d0%b0%d1%8f-%d0%ba%d0%be%d1%80%d0%be%d0%b1%d0%ba%d0%b0-%d0%b4%d0%bb%d1%8f-%d1%80%d0%be%d0%b7-%d0%b2-%d1%84%d0%be%d1%80%d0%bc%d0%b5-%d1%81%d0%b5%d1%80%d0%b4\/","og_locale":"ru_RU","og_type":"article","og_title":"\u0410\u043a\u0440\u0438\u043b\u043e\u0432\u0430\u044f \u043a\u043e\u0440\u043e\u0431\u043a\u0430 \u0434\u043b\u044f \u0440\u043e\u0437 \u0432 \u0444\u043e\u0440\u043c\u0435 \u0441\u0435\u0440\u0434\u0446\u0430 | Gintar\u0117s G\u0117l\u0117s","og_description":"\u042d\u043a\u0441\u043a\u043b\u044e\u0437\u0438\u0432\u043d\u0430\u044f \u0430\u043a\u0440\u0438\u043b\u043e\u0432\u0430\u044f \u043a\u043e\u0440\u043e\u0431\u043a\u0430 \u0432 \u0444\u043e\u0440\u043c\u0435 \u0441\u0435\u0440\u0434\u0446\u0430 \u0438\u0437 \u0440\u043e\u0437 \u043d\u0435\u0436\u043d\u043e-\u0440\u043e\u0437\u043e\u0432\u043e\u0433\u043e \u0446\u0432\u0435\u0442\u0430, \u0446\u0432\u0435\u0442\u044b \u0434\u043e\u043b\u0433\u043e \u0441\u043e\u0445\u0440\u0430\u043d\u044f\u044e\u0442\u0441\u044f. \u041e\u0442\u043b\u0438\u0447\u043d\u044b\u0439 \u043f\u043e\u0434\u0430\u0440\u043e\u043a \u0434\u043b\u044f \u043e\u0441\u043e\u0431\u044b\u0445 \u0441\u043b\u0443\u0447\u0430\u0435\u0432.","og_url":"https:\/\/www.gintaresgeles.lt\/ru\/puokste\/%d0%b0%d0%ba%d1%80%d0%b8%d0%bb%d0%be%d0%b2%d0%b0%d1%8f-%d0%ba%d0%be%d1%80%d0%be%d0%b1%d0%ba%d0%b0-%d0%b4%d0%bb%d1%8f-%d1%80%d0%be%d0%b7-%d0%b2-%d1%84%d0%be%d1%80%d0%bc%d0%b5-%d1%81%d0%b5%d1%80%d0%b4\/","og_site_name":"gintaresgeles.lt","og_image":[{"width":2560,"height":2560,"url":"https:\/\/www.gintaresgeles.lt\/wp-content\/uploads\/2025\/08\/akriline-dezute-su-mieganciomis-rozemis-scaled.jpg","type":"image\/jpeg"}],"twitter_card":"summary_large_image","schema":{"@context":"https:\/\/schema.org","@graph":[{"@type":"WebPage","@id":"https:\/\/www.gintaresgeles.lt\/ru\/puokste\/%d0%b0%d0%ba%d1%80%d0%b8%d0%bb%d0%be%d0%b2%d0%b0%d1%8f-%d0%ba%d0%be%d1%80%d0%be%d0%b1%d0%ba%d0%b0-%d0%b4%d0%bb%d1%8f-%d1%80%d0%be%d0%b7-%d0%b2-%d1%84%d0%be%d1%80%d0%bc%d0%b5-%d1%81%d0%b5%d1%80%d0%b4\/","url":"https:\/\/www.gintaresgeles.lt\/ru\/puokste\/%d0%b0%d0%ba%d1%80%d0%b8%d0%bb%d0%be%d0%b2%d0%b0%d1%8f-%d0%ba%d0%be%d1%80%d0%be%d0%b1%d0%ba%d0%b0-%d0%b4%d0%bb%d1%8f-%d1%80%d0%be%d0%b7-%d0%b2-%d1%84%d0%be%d1%80%d0%bc%d0%b5-%d1%81%d0%b5%d1%80%d0%b4\/","name":"\u0410\u043a\u0440\u0438\u043b\u043e\u0432\u0430\u044f \u043a\u043e\u0440\u043e\u0431\u043a\u0430 \u0434\u043b\u044f \u0440\u043e\u0437 \u0432 \u0444\u043e\u0440\u043c\u0435 \u0441\u0435\u0440\u0434\u0446\u0430 | Gintar\u0117s G\u0117l\u0117s","isPartOf":{"@id":"https:\/\/www.gintaresgeles.lt\/ru\/#website"},"primaryImageOfPage":{"@id":"https:\/\/www.gintaresgeles.lt\/ru\/puokste\/%d0%b0%d0%ba%d1%80%d0%b8%d0%bb%d0%be%d0%b2%d0%b0%d1%8f-%d0%ba%d0%be%d1%80%d0%be%d0%b1%d0%ba%d0%b0-%d0%b4%d0%bb%d1%8f-%d1%80%d0%be%d0%b7-%d0%b2-%d1%84%d0%be%d1%80%d0%bc%d0%b5-%d1%81%d0%b5%d1%80%d0%b4\/#primaryimage"},"image":{"@id":"https:\/\/www.gintaresgeles.lt\/ru\/puokste\/%d0%b0%d0%ba%d1%80%d0%b8%d0%bb%d0%be%d0%b2%d0%b0%d1%8f-%d0%ba%d0%be%d1%80%d0%be%d0%b1%d0%ba%d0%b0-%d0%b4%d0%bb%d1%8f-%d1%80%d0%be%d0%b7-%d0%b2-%d1%84%d0%be%d1%80%d0%bc%d0%b5-%d1%81%d0%b5%d1%80%d0%b4\/#primaryimage"},"thumbnailUrl":"https:\/\/www.gintaresgeles.lt\/wp-content\/uploads\/2025\/08\/akriline-dezute-su-mieganciomis-rozemis-scaled.jpg","datePublished":"2025-08-28T08:28:42+00:00","description":"\u042d\u043a\u0441\u043a\u043b\u044e\u0437\u0438\u0432\u043d\u0430\u044f \u0430\u043a\u0440\u0438\u043b\u043e\u0432\u0430\u044f \u043a\u043e\u0440\u043e\u0431\u043a\u0430 \u0432 \u0444\u043e\u0440\u043c\u0435 \u0441\u0435\u0440\u0434\u0446\u0430 \u0438\u0437 \u0440\u043e\u0437 \u043d\u0435\u0436\u043d\u043e-\u0440\u043e\u0437\u043e\u0432\u043e\u0433\u043e \u0446\u0432\u0435\u0442\u0430, \u0446\u0432\u0435\u0442\u044b \u0434\u043e\u043b\u0433\u043e \u0441\u043e\u0445\u0440\u0430\u043d\u044f\u044e\u0442\u0441\u044f. \u041e\u0442\u043b\u0438\u0447\u043d\u044b\u0439 \u043f\u043e\u0434\u0430\u0440\u043e\u043a \u0434\u043b\u044f \u043e\u0441\u043e\u0431\u044b\u0445 \u0441\u043b\u0443\u0447\u0430\u0435\u0432.","breadcrumb":{"@id":"https:\/\/www.gintaresgeles.lt\/ru\/puokste\/%d0%b0%d0%ba%d1%80%d0%b8%d0%bb%d0%be%d0%b2%d0%b0%d1%8f-%d0%ba%d0%be%d1%80%d0%be%d0%b1%d0%ba%d0%b0-%d0%b4%d0%bb%d1%8f-%d1%80%d0%be%d0%b7-%d0%b2-%d1%84%d0%be%d1%80%d0%bc%d0%b5-%d1%81%d0%b5%d1%80%d0%b4\/#breadcrumb"},"inLanguage":"ru-RU","potentialAction":[{"@type":"ReadAction","target":["https:\/\/www.gintaresgeles.lt\/ru\/puokste\/%d0%b0%d0%ba%d1%80%d0%b8%d0%bb%d0%be%d0%b2%d0%b0%d1%8f-%d0%ba%d0%be%d1%80%d0%be%d0%b1%d0%ba%d0%b0-%d0%b4%d0%bb%d1%8f-%d1%80%d0%be%d0%b7-%d0%b2-%d1%84%d0%be%d1%80%d0%bc%d0%b5-%d1%81%d0%b5%d1%80%d0%b4\/"]}]},{"@type":"ImageObject","inLanguage":"ru-RU","@id":"https:\/\/www.gintaresgeles.lt\/ru\/puokste\/%d0%b0%d0%ba%d1%80%d0%b8%d0%bb%d0%be%d0%b2%d0%b0%d1%8f-%d0%ba%d0%be%d1%80%d0%be%d0%b1%d0%ba%d0%b0-%d0%b4%d0%bb%d1%8f-%d1%80%d0%be%d0%b7-%d0%b2-%d1%84%d0%be%d1%80%d0%bc%d0%b5-%d1%81%d0%b5%d1%80%d0%b4\/#primaryimage","url":"https:\/\/www.gintaresgeles.lt\/wp-content\/uploads\/2025\/08\/akriline-dezute-su-mieganciomis-rozemis-scaled.jpg","contentUrl":"https:\/\/www.gintaresgeles.lt\/wp-content\/uploads\/2025\/08\/akriline-dezute-su-mieganciomis-rozemis-scaled.jpg","width":2560,"height":2560,"caption":"Stabilizuot\u0173 ro\u017ei\u0173 \u0161ird\u0117les formos akriline d\u0117\u017eut\u0117"},{"@type":"BreadcrumbList","@id":"https:\/\/www.gintaresgeles.lt\/ru\/puokste\/%d0%b0%d0%ba%d1%80%d0%b8%d0%bb%d0%be%d0%b2%d0%b0%d1%8f-%d0%ba%d0%be%d1%80%d0%be%d0%b1%d0%ba%d0%b0-%d0%b4%d0%bb%d1%8f-%d1%80%d0%be%d0%b7-%d0%b2-%d1%84%d0%be%d1%80%d0%bc%d0%b5-%d1%81%d0%b5%d1%80%d0%b4\/#breadcrumb","itemListElement":[{"@type":"ListItem","position":1,"name":"Prad\u017eia","item":"https:\/\/www.gintaresgeles.lt\/ru\/"},{"@type":"ListItem","position":2,"name":"\u0412\u0441\u0435 \u0446\u0432\u0435\u0442\u044b \u0438 \u0434\u0440\u0443\u0433\u0438\u0435 \u043f\u0440\u043e\u0434\u0443\u043a\u0442\u044b","item":"https:\/\/www.gintaresgeles.lt\/ru\/vse-cvety-i-drugie-produkty\/"},{"@type":"ListItem","position":3,"name":"\u0410\u043a\u0440\u0438\u043b\u043e\u0432\u0430\u044f \u043a\u043e\u0440\u043e\u0431\u043a\u0430 \u0434\u043b\u044f \u0440\u043e\u0437 \u0432 \u0444\u043e\u0440\u043c\u0435 \u0441\u0435\u0440\u0434\u0446\u0430"}]},{"@type":"WebSite","@id":"https:\/\/www.gintaresgeles.lt\/ru\/#website","url":"https:\/\/www.gintaresgeles.lt\/ru\/","name":"Gintares Geles","description":"\u0414\u043e\u0441\u0442\u0430\u0432\u043a\u0430 \u0446\u0432\u0435\u0442\u043e\u0432 \u0432 \u0412\u0438\u043b\u044c\u043d\u044e\u0441\u0435 | \u0412 \u0442\u043e\u0442 \u0436\u0435 \u0434\u0435\u043d\u044c | Gintares geles","potentialAction":[{"@type":"SearchAction","target":{"@type":"EntryPoint","urlTemplate":"https:\/\/www.gintaresgeles.lt\/ru\/?s={search_term_string}"},"query-input":{"@type":"PropertyValueSpecification","valueRequired":true,"valueName":"search_term_string"}}],"inLanguage":"ru-RU"}]}},"_links":{"self":[{"href":"https:\/\/www.gintaresgeles.lt\/ru\/wp-json\/wp\/v2\/product\/57045","targetHints":{"allow":["GET"]}}],"collection":[{"href":"https:\/\/www.gintaresgeles.lt\/ru\/wp-json\/wp\/v2\/product"}],"about":[{"href":"https:\/\/www.gintaresgeles.lt\/ru\/wp-json\/wp\/v2\/types\/product"}],"wp:featuredmedia":[{"embeddable":true,"href":"https:\/\/www.gintaresgeles.lt\/ru\/wp-json\/wp\/v2\/media\/56996"}],"wp:attachment":[{"href":"https:\/\/www.gintaresgeles.lt\/ru\/wp-json\/wp\/v2\/media?parent=57045"}],"wp:term":[{"taxonomy":"product_brand","embeddable":true,"href":"https:\/\/www.gintaresgeles.lt\/ru\/wp-json\/wp\/v2\/product_brand?post=57045"},{"taxonomy":"product_cat","embeddable":true,"href":"https:\/\/www.gintaresgeles.lt\/ru\/wp-json\/wp\/v2\/product_cat?post=57045"},{"taxonomy":"product_tag","embeddable":true,"href":"https:\/\/www.gintaresgeles.lt\/ru\/wp-json\/wp\/v2\/product_tag?post=57045"}],"curies":[{"name":"wp","href":"https:\/\/api.w.org\/{rel}","templated":true}]}}