{"id":57892,"date":"2026-01-17T11:55:52","date_gmt":"2026-01-17T09:55:52","guid":{"rendered":"https:\/\/www.gintaresgeles.lt\/puokste\/%d0%b1%d1%83%d0%ba%d0%b5%d1%82-%d1%80%d0%be%d0%b7%d0%be%d0%b2%d0%b0%d1%8f-%d0%bd%d0%b5%d0%b6%d0%bd%d0%be%d1%81%d1%82%d1%8c\/"},"modified":"2026-01-17T11:55:52","modified_gmt":"2026-01-17T09:55:52","slug":"%d0%b1%d1%83%d0%ba%d0%b5%d1%82-%d1%80%d0%be%d0%b7%d0%be%d0%b2%d0%b0%d1%8f-%d0%bd%d0%b5%d0%b6%d0%bd%d0%be%d1%81%d1%82%d1%8c","status":"publish","type":"product","link":"https:\/\/www.gintaresgeles.lt\/ru\/puokste\/%d0%b1%d1%83%d0%ba%d0%b5%d1%82-%d1%80%d0%be%d0%b7%d0%be%d0%b2%d0%b0%d1%8f-%d0%bd%d0%b5%d0%b6%d0%bd%d0%be%d1%81%d1%82%d1%8c\/","title":{"rendered":"\u0411\u0443\u043a\u0435\u0442 \u00ab\u0420\u043e\u0437\u043e\u0432\u0430\u044f \u043d\u0435\u0436\u043d\u043e\u0441\u0442\u044c\u00bb"},"content":{"rendered":"","protected":false},"excerpt":{"rendered":"<p>\u0421\u0432\u0435\u0442\u043b\u043e \u0440\u043e\u0437\u043e\u0432\u044b\u0435 \u0442\u044e\u043b\u044c\u043f\u0430\u043d\u044b, \u0431\u043b\u0430\u0433\u043e\u0443\u0445\u0430\u044e\u0449\u0438\u0435 \u0432\u0435\u0441\u043d\u043e\u0439, \u043f\u0435\u0440\u0435\u043f\u043b\u0435\u0442\u0430\u044e\u0442\u0441\u044f \u0441 \u0438\u0433\u0440\u0438\u0432\u043e\u0439 \u044f\u0440\u043a\u043e \u0440\u043e\u0437\u043e\u0432\u043e\u0439 \u0433\u0438\u043f\u0441\u043e\u0444\u0438\u043b\u043e\u0439, \u0441\u043e\u0437\u0434\u0430\u0432\u0430\u044f \u0437\u0430\u0445\u0432\u0430\u0442\u044b\u0432\u0430\u044e\u0449\u0443\u044e \u0438\u0433\u0440\u0443 \u0442\u0435\u043a\u0441\u0442\u0443\u0440 \u0438 \u043a\u0440\u0430\u0441\u043e\u043a.<\/p>\n","protected":false},"featured_media":57889,"template":"","meta":[],"product_brand":[],"product_cat":[975,1000,970,971,976,2181,1363,972,965,967,966,968,973,1210,999,1805,2180],"product_tag":[],"class_list":{"0":"post-57892","1":"product","2":"type-product","3":"status-publish","4":"has-post-thumbnail","6":"product_cat-14--","7":"product_cat-1000","8":"product_cat-970","9":"product_cat-971","10":"product_cat-976","11":"product_cat-2181","12":"product_cat-cveti-8-marta","13":"product_cat-972","14":"product_cat-965","15":"product_cat-967","16":"product_cat-966","17":"product_cat-968","18":"product_cat-973","19":"product_cat-1210","20":"product_cat-999","21":"product_cat-1805","22":"product_cat-2180","23":"tm-has-options","25":"first","26":"instock","27":"taxable","28":"shipping-taxable","29":"purchasable","30":"product-type-simple"},"yoast_head":"<!-- This site is optimized with the Yoast SEO plugin v25.3 - https:\/\/yoast.com\/wordpress\/plugins\/seo\/ -->\n<title>\u0411\u0443\u043a\u0435\u0442 \u00ab\u0420\u043e\u0437\u043e\u0432\u0430\u044f \u043d\u0435\u0436\u043d\u043e\u0441\u0442\u044c\u00bb | \u0422\u044e\u043b\u044c\u043f\u0430\u043d\u044b \u0438 \u0433\u0438\u043f\u0441\u043e\u0444\u0438\u043b\u0430 | Gintar\u0117s G\u0117l\u0117s<\/title>\n<meta name=\"description\" content=\"\u042d\u043b\u0435\u0433\u0430\u043d\u0442\u043d\u044b\u0439 \u0431\u0443\u043a\u0435\u0442 \u0438\u0437 \u0440\u043e\u0437\u043e\u0432\u044b\u0445 \u0442\u044e\u043b\u044c\u043f\u0430\u043d\u043e\u0432 \u0438 \u044f\u0440\u043a\u043e\u0439 \u0433\u0438\u043f\u0441\u043e\u0444\u0438\u043b\u044b \u0432 \u0440\u043e\u0441\u043a\u043e\u0448\u043d\u043e\u0439 \u0442\u043a\u0430\u043d\u0435\u0432\u043e\u0439 \u0443\u043f\u0430\u043a\u043e\u0432\u043a\u0435. \u0417\u0430\u043a\u0430\u0436\u0438\u0442\u0435 \u0438 \u0443\u0434\u0438\u0432\u0438\u0442\u0435 \u0431\u043b\u0438\u0437\u043a\u0438\u0445!\" \/>\n<meta name=\"robots\" content=\"index, follow, max-snippet:-1, max-image-preview:large, max-video-preview:-1\" \/>\n<link rel=\"canonical\" href=\"https:\/\/www.gintaresgeles.lt\/ru\/puokste\/%d0%b1%d1%83%d0%ba%d0%b5%d1%82-%d1%80%d0%be%d0%b7%d0%be%d0%b2%d0%b0%d1%8f-%d0%bd%d0%b5%d0%b6%d0%bd%d0%be%d1%81%d1%82%d1%8c\/\" \/>\n<meta property=\"og:locale\" content=\"ru_RU\" \/>\n<meta property=\"og:type\" content=\"article\" \/>\n<meta property=\"og:title\" content=\"\u0411\u0443\u043a\u0435\u0442 \u00ab\u0420\u043e\u0437\u043e\u0432\u0430\u044f \u043d\u0435\u0436\u043d\u043e\u0441\u0442\u044c\u00bb | \u0422\u044e\u043b\u044c\u043f\u0430\u043d\u044b \u0438 \u0433\u0438\u043f\u0441\u043e\u0444\u0438\u043b\u0430 | Gintar\u0117s G\u0117l\u0117s\" \/>\n<meta property=\"og:description\" content=\"\u042d\u043b\u0435\u0433\u0430\u043d\u0442\u043d\u044b\u0439 \u0431\u0443\u043a\u0435\u0442 \u0438\u0437 \u0440\u043e\u0437\u043e\u0432\u044b\u0445 \u0442\u044e\u043b\u044c\u043f\u0430\u043d\u043e\u0432 \u0438 \u044f\u0440\u043a\u043e\u0439 \u0433\u0438\u043f\u0441\u043e\u0444\u0438\u043b\u044b \u0432 \u0440\u043e\u0441\u043a\u043e\u0448\u043d\u043e\u0439 \u0442\u043a\u0430\u043d\u0435\u0432\u043e\u0439 \u0443\u043f\u0430\u043a\u043e\u0432\u043a\u0435. \u0417\u0430\u043a\u0430\u0436\u0438\u0442\u0435 \u0438 \u0443\u0434\u0438\u0432\u0438\u0442\u0435 \u0431\u043b\u0438\u0437\u043a\u0438\u0445!\" \/>\n<meta property=\"og:url\" content=\"https:\/\/www.gintaresgeles.lt\/ru\/puokste\/%d0%b1%d1%83%d0%ba%d0%b5%d1%82-%d1%80%d0%be%d0%b7%d0%be%d0%b2%d0%b0%d1%8f-%d0%bd%d0%b5%d0%b6%d0%bd%d0%be%d1%81%d1%82%d1%8c\/\" \/>\n<meta property=\"og:site_name\" content=\"gintaresgeles.lt\" \/>\n<meta property=\"og:image\" content=\"https:\/\/www.gintaresgeles.lt\/wp-content\/uploads\/2026\/01\/rozines-tulpes-su-gubojomis-medziaginiame-ipakavime-scaled.jpg\" \/>\n\t<meta property=\"og:image:width\" content=\"2560\" \/>\n\t<meta property=\"og:image:height\" content=\"2560\" \/>\n\t<meta property=\"og:image:type\" content=\"image\/jpeg\" \/>\n<meta name=\"twitter:card\" content=\"summary_large_image\" \/>\n<script type=\"application\/ld+json\" class=\"yoast-schema-graph\">{\"@context\":\"https:\/\/schema.org\",\"@graph\":[{\"@type\":\"WebPage\",\"@id\":\"https:\/\/www.gintaresgeles.lt\/ru\/puokste\/%d0%b1%d1%83%d0%ba%d0%b5%d1%82-%d1%80%d0%be%d0%b7%d0%be%d0%b2%d0%b0%d1%8f-%d0%bd%d0%b5%d0%b6%d0%bd%d0%be%d1%81%d1%82%d1%8c\/\",\"url\":\"https:\/\/www.gintaresgeles.lt\/ru\/puokste\/%d0%b1%d1%83%d0%ba%d0%b5%d1%82-%d1%80%d0%be%d0%b7%d0%be%d0%b2%d0%b0%d1%8f-%d0%bd%d0%b5%d0%b6%d0%bd%d0%be%d1%81%d1%82%d1%8c\/\",\"name\":\"\u0411\u0443\u043a\u0435\u0442 \u00ab\u0420\u043e\u0437\u043e\u0432\u0430\u044f \u043d\u0435\u0436\u043d\u043e\u0441\u0442\u044c\u00bb | \u0422\u044e\u043b\u044c\u043f\u0430\u043d\u044b \u0438 \u0433\u0438\u043f\u0441\u043e\u0444\u0438\u043b\u0430 | Gintar\u0117s G\u0117l\u0117s\",\"isPartOf\":{\"@id\":\"https:\/\/www.gintaresgeles.lt\/ru\/#website\"},\"primaryImageOfPage\":{\"@id\":\"https:\/\/www.gintaresgeles.lt\/ru\/puokste\/%d0%b1%d1%83%d0%ba%d0%b5%d1%82-%d1%80%d0%be%d0%b7%d0%be%d0%b2%d0%b0%d1%8f-%d0%bd%d0%b5%d0%b6%d0%bd%d0%be%d1%81%d1%82%d1%8c\/#primaryimage\"},\"image\":{\"@id\":\"https:\/\/www.gintaresgeles.lt\/ru\/puokste\/%d0%b1%d1%83%d0%ba%d0%b5%d1%82-%d1%80%d0%be%d0%b7%d0%be%d0%b2%d0%b0%d1%8f-%d0%bd%d0%b5%d0%b6%d0%bd%d0%be%d1%81%d1%82%d1%8c\/#primaryimage\"},\"thumbnailUrl\":\"https:\/\/www.gintaresgeles.lt\/wp-content\/uploads\/2026\/01\/rozines-tulpes-su-gubojomis-medziaginiame-ipakavime-scaled.jpg\",\"datePublished\":\"2026-01-17T09:55:52+00:00\",\"description\":\"\u042d\u043b\u0435\u0433\u0430\u043d\u0442\u043d\u044b\u0439 \u0431\u0443\u043a\u0435\u0442 \u0438\u0437 \u0440\u043e\u0437\u043e\u0432\u044b\u0445 \u0442\u044e\u043b\u044c\u043f\u0430\u043d\u043e\u0432 \u0438 \u044f\u0440\u043a\u043e\u0439 \u0433\u0438\u043f\u0441\u043e\u0444\u0438\u043b\u044b \u0432 \u0440\u043e\u0441\u043a\u043e\u0448\u043d\u043e\u0439 \u0442\u043a\u0430\u043d\u0435\u0432\u043e\u0439 \u0443\u043f\u0430\u043a\u043e\u0432\u043a\u0435. \u0417\u0430\u043a\u0430\u0436\u0438\u0442\u0435 \u0438 \u0443\u0434\u0438\u0432\u0438\u0442\u0435 \u0431\u043b\u0438\u0437\u043a\u0438\u0445!\",\"breadcrumb\":{\"@id\":\"https:\/\/www.gintaresgeles.lt\/ru\/puokste\/%d0%b1%d1%83%d0%ba%d0%b5%d1%82-%d1%80%d0%be%d0%b7%d0%be%d0%b2%d0%b0%d1%8f-%d0%bd%d0%b5%d0%b6%d0%bd%d0%be%d1%81%d1%82%d1%8c\/#breadcrumb\"},\"inLanguage\":\"ru-RU\",\"potentialAction\":[{\"@type\":\"ReadAction\",\"target\":[\"https:\/\/www.gintaresgeles.lt\/ru\/puokste\/%d0%b1%d1%83%d0%ba%d0%b5%d1%82-%d1%80%d0%be%d0%b7%d0%be%d0%b2%d0%b0%d1%8f-%d0%bd%d0%b5%d0%b6%d0%bd%d0%be%d1%81%d1%82%d1%8c\/\"]}]},{\"@type\":\"ImageObject\",\"inLanguage\":\"ru-RU\",\"@id\":\"https:\/\/www.gintaresgeles.lt\/ru\/puokste\/%d0%b1%d1%83%d0%ba%d0%b5%d1%82-%d1%80%d0%be%d0%b7%d0%be%d0%b2%d0%b0%d1%8f-%d0%bd%d0%b5%d0%b6%d0%bd%d0%be%d1%81%d1%82%d1%8c\/#primaryimage\",\"url\":\"https:\/\/www.gintaresgeles.lt\/wp-content\/uploads\/2026\/01\/rozines-tulpes-su-gubojomis-medziaginiame-ipakavime-scaled.jpg\",\"contentUrl\":\"https:\/\/www.gintaresgeles.lt\/wp-content\/uploads\/2026\/01\/rozines-tulpes-su-gubojomis-medziaginiame-ipakavime-scaled.jpg\",\"width\":2560,\"height\":2560,\"caption\":\"Ro\u017eini\u0173 tulpi\u0173 ir guboj\u0173 puok\u0161t\u0117 i\u0161skirtiniame \u012fpakavime\"},{\"@type\":\"BreadcrumbList\",\"@id\":\"https:\/\/www.gintaresgeles.lt\/ru\/puokste\/%d0%b1%d1%83%d0%ba%d0%b5%d1%82-%d1%80%d0%be%d0%b7%d0%be%d0%b2%d0%b0%d1%8f-%d0%bd%d0%b5%d0%b6%d0%bd%d0%be%d1%81%d1%82%d1%8c\/#breadcrumb\",\"itemListElement\":[{\"@type\":\"ListItem\",\"position\":1,\"name\":\"Prad\u017eia\",\"item\":\"https:\/\/www.gintaresgeles.lt\/ru\/\"},{\"@type\":\"ListItem\",\"position\":2,\"name\":\"\u0412\u0441\u0435 \u0446\u0432\u0435\u0442\u044b \u0438 \u0434\u0440\u0443\u0433\u0438\u0435 \u043f\u0440\u043e\u0434\u0443\u043a\u0442\u044b\",\"item\":\"https:\/\/www.gintaresgeles.lt\/ru\/vse-cvety-i-drugie-produkty\/\"},{\"@type\":\"ListItem\",\"position\":3,\"name\":\"\u0411\u0443\u043a\u0435\u0442 \u00ab\u0420\u043e\u0437\u043e\u0432\u0430\u044f \u043d\u0435\u0436\u043d\u043e\u0441\u0442\u044c\u00bb\"}]},{\"@type\":\"WebSite\",\"@id\":\"https:\/\/www.gintaresgeles.lt\/ru\/#website\",\"url\":\"https:\/\/www.gintaresgeles.lt\/ru\/\",\"name\":\"gintaresgeles.lt\",\"description\":\"G\u0117li\u0173 parduotuv\u0117 internete\",\"potentialAction\":[{\"@type\":\"SearchAction\",\"target\":{\"@type\":\"EntryPoint\",\"urlTemplate\":\"https:\/\/www.gintaresgeles.lt\/ru\/?s={search_term_string}\"},\"query-input\":{\"@type\":\"PropertyValueSpecification\",\"valueRequired\":true,\"valueName\":\"search_term_string\"}}],\"inLanguage\":\"ru-RU\"}]}<\/script>\n<!-- \/ Yoast SEO plugin. -->","yoast_head_json":{"title":"\u0411\u0443\u043a\u0435\u0442 \u00ab\u0420\u043e\u0437\u043e\u0432\u0430\u044f \u043d\u0435\u0436\u043d\u043e\u0441\u0442\u044c\u00bb | \u0422\u044e\u043b\u044c\u043f\u0430\u043d\u044b \u0438 \u0433\u0438\u043f\u0441\u043e\u0444\u0438\u043b\u0430 | Gintar\u0117s G\u0117l\u0117s","description":"\u042d\u043b\u0435\u0433\u0430\u043d\u0442\u043d\u044b\u0439 \u0431\u0443\u043a\u0435\u0442 \u0438\u0437 \u0440\u043e\u0437\u043e\u0432\u044b\u0445 \u0442\u044e\u043b\u044c\u043f\u0430\u043d\u043e\u0432 \u0438 \u044f\u0440\u043a\u043e\u0439 \u0433\u0438\u043f\u0441\u043e\u0444\u0438\u043b\u044b \u0432 \u0440\u043e\u0441\u043a\u043e\u0448\u043d\u043e\u0439 \u0442\u043a\u0430\u043d\u0435\u0432\u043e\u0439 \u0443\u043f\u0430\u043a\u043e\u0432\u043a\u0435. \u0417\u0430\u043a\u0430\u0436\u0438\u0442\u0435 \u0438 \u0443\u0434\u0438\u0432\u0438\u0442\u0435 \u0431\u043b\u0438\u0437\u043a\u0438\u0445!","robots":{"index":"index","follow":"follow","max-snippet":"max-snippet:-1","max-image-preview":"max-image-preview:large","max-video-preview":"max-video-preview:-1"},"canonical":"https:\/\/www.gintaresgeles.lt\/ru\/puokste\/%d0%b1%d1%83%d0%ba%d0%b5%d1%82-%d1%80%d0%be%d0%b7%d0%be%d0%b2%d0%b0%d1%8f-%d0%bd%d0%b5%d0%b6%d0%bd%d0%be%d1%81%d1%82%d1%8c\/","og_locale":"ru_RU","og_type":"article","og_title":"\u0411\u0443\u043a\u0435\u0442 \u00ab\u0420\u043e\u0437\u043e\u0432\u0430\u044f \u043d\u0435\u0436\u043d\u043e\u0441\u0442\u044c\u00bb | \u0422\u044e\u043b\u044c\u043f\u0430\u043d\u044b \u0438 \u0433\u0438\u043f\u0441\u043e\u0444\u0438\u043b\u0430 | Gintar\u0117s G\u0117l\u0117s","og_description":"\u042d\u043b\u0435\u0433\u0430\u043d\u0442\u043d\u044b\u0439 \u0431\u0443\u043a\u0435\u0442 \u0438\u0437 \u0440\u043e\u0437\u043e\u0432\u044b\u0445 \u0442\u044e\u043b\u044c\u043f\u0430\u043d\u043e\u0432 \u0438 \u044f\u0440\u043a\u043e\u0439 \u0433\u0438\u043f\u0441\u043e\u0444\u0438\u043b\u044b \u0432 \u0440\u043e\u0441\u043a\u043e\u0448\u043d\u043e\u0439 \u0442\u043a\u0430\u043d\u0435\u0432\u043e\u0439 \u0443\u043f\u0430\u043a\u043e\u0432\u043a\u0435. \u0417\u0430\u043a\u0430\u0436\u0438\u0442\u0435 \u0438 \u0443\u0434\u0438\u0432\u0438\u0442\u0435 \u0431\u043b\u0438\u0437\u043a\u0438\u0445!","og_url":"https:\/\/www.gintaresgeles.lt\/ru\/puokste\/%d0%b1%d1%83%d0%ba%d0%b5%d1%82-%d1%80%d0%be%d0%b7%d0%be%d0%b2%d0%b0%d1%8f-%d0%bd%d0%b5%d0%b6%d0%bd%d0%be%d1%81%d1%82%d1%8c\/","og_site_name":"gintaresgeles.lt","og_image":[{"width":2560,"height":2560,"url":"https:\/\/www.gintaresgeles.lt\/wp-content\/uploads\/2026\/01\/rozines-tulpes-su-gubojomis-medziaginiame-ipakavime-scaled.jpg","type":"image\/jpeg"}],"twitter_card":"summary_large_image","schema":{"@context":"https:\/\/schema.org","@graph":[{"@type":"WebPage","@id":"https:\/\/www.gintaresgeles.lt\/ru\/puokste\/%d0%b1%d1%83%d0%ba%d0%b5%d1%82-%d1%80%d0%be%d0%b7%d0%be%d0%b2%d0%b0%d1%8f-%d0%bd%d0%b5%d0%b6%d0%bd%d0%be%d1%81%d1%82%d1%8c\/","url":"https:\/\/www.gintaresgeles.lt\/ru\/puokste\/%d0%b1%d1%83%d0%ba%d0%b5%d1%82-%d1%80%d0%be%d0%b7%d0%be%d0%b2%d0%b0%d1%8f-%d0%bd%d0%b5%d0%b6%d0%bd%d0%be%d1%81%d1%82%d1%8c\/","name":"\u0411\u0443\u043a\u0435\u0442 \u00ab\u0420\u043e\u0437\u043e\u0432\u0430\u044f \u043d\u0435\u0436\u043d\u043e\u0441\u0442\u044c\u00bb | \u0422\u044e\u043b\u044c\u043f\u0430\u043d\u044b \u0438 \u0433\u0438\u043f\u0441\u043e\u0444\u0438\u043b\u0430 | Gintar\u0117s G\u0117l\u0117s","isPartOf":{"@id":"https:\/\/www.gintaresgeles.lt\/ru\/#website"},"primaryImageOfPage":{"@id":"https:\/\/www.gintaresgeles.lt\/ru\/puokste\/%d0%b1%d1%83%d0%ba%d0%b5%d1%82-%d1%80%d0%be%d0%b7%d0%be%d0%b2%d0%b0%d1%8f-%d0%bd%d0%b5%d0%b6%d0%bd%d0%be%d1%81%d1%82%d1%8c\/#primaryimage"},"image":{"@id":"https:\/\/www.gintaresgeles.lt\/ru\/puokste\/%d0%b1%d1%83%d0%ba%d0%b5%d1%82-%d1%80%d0%be%d0%b7%d0%be%d0%b2%d0%b0%d1%8f-%d0%bd%d0%b5%d0%b6%d0%bd%d0%be%d1%81%d1%82%d1%8c\/#primaryimage"},"thumbnailUrl":"https:\/\/www.gintaresgeles.lt\/wp-content\/uploads\/2026\/01\/rozines-tulpes-su-gubojomis-medziaginiame-ipakavime-scaled.jpg","datePublished":"2026-01-17T09:55:52+00:00","description":"\u042d\u043b\u0435\u0433\u0430\u043d\u0442\u043d\u044b\u0439 \u0431\u0443\u043a\u0435\u0442 \u0438\u0437 \u0440\u043e\u0437\u043e\u0432\u044b\u0445 \u0442\u044e\u043b\u044c\u043f\u0430\u043d\u043e\u0432 \u0438 \u044f\u0440\u043a\u043e\u0439 \u0433\u0438\u043f\u0441\u043e\u0444\u0438\u043b\u044b \u0432 \u0440\u043e\u0441\u043a\u043e\u0448\u043d\u043e\u0439 \u0442\u043a\u0430\u043d\u0435\u0432\u043e\u0439 \u0443\u043f\u0430\u043a\u043e\u0432\u043a\u0435. \u0417\u0430\u043a\u0430\u0436\u0438\u0442\u0435 \u0438 \u0443\u0434\u0438\u0432\u0438\u0442\u0435 \u0431\u043b\u0438\u0437\u043a\u0438\u0445!","breadcrumb":{"@id":"https:\/\/www.gintaresgeles.lt\/ru\/puokste\/%d0%b1%d1%83%d0%ba%d0%b5%d1%82-%d1%80%d0%be%d0%b7%d0%be%d0%b2%d0%b0%d1%8f-%d0%bd%d0%b5%d0%b6%d0%bd%d0%be%d1%81%d1%82%d1%8c\/#breadcrumb"},"inLanguage":"ru-RU","potentialAction":[{"@type":"ReadAction","target":["https:\/\/www.gintaresgeles.lt\/ru\/puokste\/%d0%b1%d1%83%d0%ba%d0%b5%d1%82-%d1%80%d0%be%d0%b7%d0%be%d0%b2%d0%b0%d1%8f-%d0%bd%d0%b5%d0%b6%d0%bd%d0%be%d1%81%d1%82%d1%8c\/"]}]},{"@type":"ImageObject","inLanguage":"ru-RU","@id":"https:\/\/www.gintaresgeles.lt\/ru\/puokste\/%d0%b1%d1%83%d0%ba%d0%b5%d1%82-%d1%80%d0%be%d0%b7%d0%be%d0%b2%d0%b0%d1%8f-%d0%bd%d0%b5%d0%b6%d0%bd%d0%be%d1%81%d1%82%d1%8c\/#primaryimage","url":"https:\/\/www.gintaresgeles.lt\/wp-content\/uploads\/2026\/01\/rozines-tulpes-su-gubojomis-medziaginiame-ipakavime-scaled.jpg","contentUrl":"https:\/\/www.gintaresgeles.lt\/wp-content\/uploads\/2026\/01\/rozines-tulpes-su-gubojomis-medziaginiame-ipakavime-scaled.jpg","width":2560,"height":2560,"caption":"Ro\u017eini\u0173 tulpi\u0173 ir guboj\u0173 puok\u0161t\u0117 i\u0161skirtiniame \u012fpakavime"},{"@type":"BreadcrumbList","@id":"https:\/\/www.gintaresgeles.lt\/ru\/puokste\/%d0%b1%d1%83%d0%ba%d0%b5%d1%82-%d1%80%d0%be%d0%b7%d0%be%d0%b2%d0%b0%d1%8f-%d0%bd%d0%b5%d0%b6%d0%bd%d0%be%d1%81%d1%82%d1%8c\/#breadcrumb","itemListElement":[{"@type":"ListItem","position":1,"name":"Prad\u017eia","item":"https:\/\/www.gintaresgeles.lt\/ru\/"},{"@type":"ListItem","position":2,"name":"\u0412\u0441\u0435 \u0446\u0432\u0435\u0442\u044b \u0438 \u0434\u0440\u0443\u0433\u0438\u0435 \u043f\u0440\u043e\u0434\u0443\u043a\u0442\u044b","item":"https:\/\/www.gintaresgeles.lt\/ru\/vse-cvety-i-drugie-produkty\/"},{"@type":"ListItem","position":3,"name":"\u0411\u0443\u043a\u0435\u0442 \u00ab\u0420\u043e\u0437\u043e\u0432\u0430\u044f \u043d\u0435\u0436\u043d\u043e\u0441\u0442\u044c\u00bb"}]},{"@type":"WebSite","@id":"https:\/\/www.gintaresgeles.lt\/ru\/#website","url":"https:\/\/www.gintaresgeles.lt\/ru\/","name":"gintaresgeles.lt","description":"G\u0117li\u0173 parduotuv\u0117 internete","potentialAction":[{"@type":"SearchAction","target":{"@type":"EntryPoint","urlTemplate":"https:\/\/www.gintaresgeles.lt\/ru\/?s={search_term_string}"},"query-input":{"@type":"PropertyValueSpecification","valueRequired":true,"valueName":"search_term_string"}}],"inLanguage":"ru-RU"}]}},"_links":{"self":[{"href":"https:\/\/www.gintaresgeles.lt\/ru\/wp-json\/wp\/v2\/product\/57892","targetHints":{"allow":["GET"]}}],"collection":[{"href":"https:\/\/www.gintaresgeles.lt\/ru\/wp-json\/wp\/v2\/product"}],"about":[{"href":"https:\/\/www.gintaresgeles.lt\/ru\/wp-json\/wp\/v2\/types\/product"}],"wp:featuredmedia":[{"embeddable":true,"href":"https:\/\/www.gintaresgeles.lt\/ru\/wp-json\/wp\/v2\/media\/57889"}],"wp:attachment":[{"href":"https:\/\/www.gintaresgeles.lt\/ru\/wp-json\/wp\/v2\/media?parent=57892"}],"wp:term":[{"taxonomy":"product_brand","embeddable":true,"href":"https:\/\/www.gintaresgeles.lt\/ru\/wp-json\/wp\/v2\/product_brand?post=57892"},{"taxonomy":"product_cat","embeddable":true,"href":"https:\/\/www.gintaresgeles.lt\/ru\/wp-json\/wp\/v2\/product_cat?post=57892"},{"taxonomy":"product_tag","embeddable":true,"href":"https:\/\/www.gintaresgeles.lt\/ru\/wp-json\/wp\/v2\/product_tag?post=57892"}],"curies":[{"name":"wp","href":"https:\/\/api.w.org\/{rel}","templated":true}]}}