{"id":58011,"date":"2026-01-20T18:12:23","date_gmt":"2026-01-20T16:12:23","guid":{"rendered":"https:\/\/www.gintaresgeles.lt\/puokste\/%d0%b1%d1%83%d0%ba%d0%b5%d1%82-%d0%b3%d0%b5%d0%bb%d0%b8%d0%b5%d0%b2%d1%8b%d1%85-%d1%88%d0%b0%d1%80%d0%be%d0%b2-%d0%b7%d0%be%d0%bb%d0%be%d1%82%d0%be%d0%b9-%d0%b1%d0%bb%d0%b5%d1%81%d0%ba\/"},"modified":"2026-01-20T18:12:23","modified_gmt":"2026-01-20T16:12:23","slug":"%d0%b1%d1%83%d0%ba%d0%b5%d1%82-%d0%b3%d0%b5%d0%bb%d0%b8%d0%b5%d0%b2%d1%8b%d1%85-%d1%88%d0%b0%d1%80%d0%be%d0%b2-%d0%b7%d0%be%d0%bb%d0%be%d1%82%d0%be%d0%b9-%d0%b1%d0%bb%d0%b5%d1%81%d0%ba","status":"publish","type":"product","link":"https:\/\/www.gintaresgeles.lt\/ru\/puokste\/%d0%b1%d1%83%d0%ba%d0%b5%d1%82-%d0%b3%d0%b5%d0%bb%d0%b8%d0%b5%d0%b2%d1%8b%d1%85-%d1%88%d0%b0%d1%80%d0%be%d0%b2-%d0%b7%d0%be%d0%bb%d0%be%d1%82%d0%be%d0%b9-%d0%b1%d0%bb%d0%b5%d1%81%d0%ba\/","title":{"rendered":"\u0411\u0443\u043a\u0435\u0442 \u0433\u0435\u043b\u0438\u0435\u0432\u044b\u0445 \u0448\u0430\u0440\u043e\u0432 \u00ab\u0417\u043e\u043b\u043e\u0442\u043e\u0439 \u0431\u043b\u0435\u0441\u043a\u00bb"},"content":{"rendered":"","protected":false},"excerpt":{"rendered":"<p data-path-to-node=\"12\">\u00ab\u0417\u043e\u043b\u043e\u0442\u043e\u0439 \u0431\u043b\u0435\u0441\u043a\u00bb \u2014 \u044d\u0442\u043e \u0441\u0442\u0438\u043b\u044c\u043d\u044b\u0439 \u0431\u0443\u043a\u0435\u0442 \u0438\u0437 \u0448\u0430\u0440\u043e\u0432, \u0432 \u043a\u043e\u0442\u043e\u0440\u043e\u043c \u0441\u043e\u0447\u0435\u0442\u0430\u044e\u0442\u0441\u044f \u043f\u0440\u043e\u0437\u0440\u0430\u0447\u043d\u044b\u0435 \u0448\u0430\u0440\u044b \u0441 \u0437\u043e\u043b\u043e\u0442\u044b\u043c \u043a\u043e\u043d\u0444\u0435\u0442\u0442\u0438 \u0438 \u0431\u043b\u0435\u0441\u0442\u044f\u0449\u0438\u0435 \u0437\u043e\u043b\u043e\u0442\u044b\u0435 \u0448\u0430\u0440\u044b-\u0445\u0440\u043e\u043c. \u041a\u043e\u043c\u043f\u043e\u0437\u0438\u0446\u0438\u044f \u0441\u043e\u0437\u0434\u0430\u0435\u0442 \u0443\u0442\u043e\u043d\u0447\u0435\u043d\u043d\u043e\u0435 \u043f\u0440\u0430\u0437\u0434\u043d\u0438\u0447\u043d\u043e\u0435 \u0441\u0438\u044f\u043d\u0438\u0435, \u0438\u0434\u0435\u0430\u043b\u044c\u043d\u043e \u043f\u043e\u0434\u0445\u043e\u0434\u044f\u0449\u0435\u0435 \u0434\u043b\u044f \u043b\u044e\u0431\u043e\u0433\u043e \u0442\u043e\u0440\u0436\u0435\u0441\u0442\u0432\u0430.<\/p>\n<p data-path-to-node=\"13\"><b data-path-to-node=\"13\" data-index-in-node=\"0\">\u0412 \u043a\u043e\u043c\u043f\u043b\u0435\u043a\u0442 \u0432\u0445\u043e\u0434\u044f\u0442:<\/b><\/p>\n<ul>\n<li data-path-to-node=\"13\">5 \u0448\u0442. \u043f\u0440\u043e\u0437\u0440\u0430\u0447\u043d\u044b\u0445 \u0448\u0430\u0440\u043e\u0432 \u0441 \u0437\u043e\u043b\u043e\u0442\u044b\u043c \u043a\u043e\u043d\u0444\u0435\u0442\u0442\u0438;<\/li>\n<li data-path-to-node=\"13\">5 \u0448\u0442. \u0437\u043e\u043b\u043e\u0442\u044b\u0445 \u0448\u0430\u0440\u043e\u0432-\u0445\u0440\u043e\u043c.<\/li>\n<\/ul>\n","protected":false},"featured_media":57925,"template":"","meta":[],"product_brand":[],"product_cat":[957,1088,1904,958,1903],"product_tag":[],"class_list":{"0":"post-58011","1":"product","2":"type-product","3":"status-publish","4":"has-post-thumbnail","6":"product_cat-957","7":"product_cat-1088","8":"product_cat-1904","9":"product_cat-958","10":"product_cat-1903","11":"tm-has-options","13":"first","14":"instock","15":"taxable","16":"shipping-taxable","17":"purchasable","18":"product-type-simple"},"yoast_head":"<!-- This site is optimized with the Yoast SEO plugin v25.3 - https:\/\/yoast.com\/wordpress\/plugins\/seo\/ -->\n<title>\u0411\u0443\u043a\u0435\u0442 \u0433\u0435\u043b\u0438\u0435\u0432\u044b\u0445 \u0448\u0430\u0440\u043e\u0432 \u00ab\u0417\u043e\u043b\u043e\u0442\u043e\u0439 \u0431\u043b\u0435\u0441\u043a\u00bb | Gintar\u0117s G\u0117l\u0117s<\/title>\n<meta name=\"description\" content=\"\u042d\u043b\u0435\u0433\u0430\u043d\u0442\u043d\u044b\u0439 \u0431\u0443\u043a\u0435\u0442 \u0448\u0430\u0440\u043e\u0432 \u0432 \u0437\u043e\u043b\u043e\u0442\u044b\u0445 \u0442\u043e\u043d\u0430\u0445, \u043a\u043e\u0442\u043e\u0440\u044b\u0439 \u043f\u0440\u0438\u0434\u0430\u0441\u0442 \u0432\u0430\u0448\u0435\u043c\u0443 \u043f\u0440\u0430\u0437\u0434\u043d\u0438\u043a\u0443 \u0438\u0437\u044b\u0441\u043a\u0430\u043d\u043d\u044b\u0439 \u0431\u043b\u0435\u0441\u043a. \u041f\u043e\u0434\u0445\u043e\u0434\u0438\u0442 \u0434\u043b\u044f \u043b\u044e\u0431\u043e\u0433\u043e \u043f\u043e\u0432\u043e\u0434\u0430. \u0417\u0430\u043a\u0430\u0436\u0438\u0442\u0435 \u0441 \u0434\u043e\u0441\u0442\u0430\u0432\u043a\u043e\u0439 \u043f\u043e \u0412\u0438\u043b\u044c\u043d\u044e\u0441\u0443!\" \/>\n<meta name=\"robots\" content=\"index, follow, max-snippet:-1, max-image-preview:large, max-video-preview:-1\" \/>\n<link rel=\"canonical\" href=\"https:\/\/www.gintaresgeles.lt\/ru\/puokste\/%d0%b1%d1%83%d0%ba%d0%b5%d1%82-%d0%b3%d0%b5%d0%bb%d0%b8%d0%b5%d0%b2%d1%8b%d1%85-%d1%88%d0%b0%d1%80%d0%be%d0%b2-%d0%b7%d0%be%d0%bb%d0%be%d1%82%d0%be%d0%b9-%d0%b1%d0%bb%d0%b5%d1%81%d0%ba\/\" \/>\n<meta property=\"og:locale\" content=\"ru_RU\" \/>\n<meta property=\"og:type\" content=\"article\" \/>\n<meta property=\"og:title\" content=\"\u0411\u0443\u043a\u0435\u0442 \u0433\u0435\u043b\u0438\u0435\u0432\u044b\u0445 \u0448\u0430\u0440\u043e\u0432 \u00ab\u0417\u043e\u043b\u043e\u0442\u043e\u0439 \u0431\u043b\u0435\u0441\u043a\u00bb | Gintar\u0117s G\u0117l\u0117s\" \/>\n<meta property=\"og:description\" content=\"\u042d\u043b\u0435\u0433\u0430\u043d\u0442\u043d\u044b\u0439 \u0431\u0443\u043a\u0435\u0442 \u0448\u0430\u0440\u043e\u0432 \u0432 \u0437\u043e\u043b\u043e\u0442\u044b\u0445 \u0442\u043e\u043d\u0430\u0445, \u043a\u043e\u0442\u043e\u0440\u044b\u0439 \u043f\u0440\u0438\u0434\u0430\u0441\u0442 \u0432\u0430\u0448\u0435\u043c\u0443 \u043f\u0440\u0430\u0437\u0434\u043d\u0438\u043a\u0443 \u0438\u0437\u044b\u0441\u043a\u0430\u043d\u043d\u044b\u0439 \u0431\u043b\u0435\u0441\u043a. \u041f\u043e\u0434\u0445\u043e\u0434\u0438\u0442 \u0434\u043b\u044f \u043b\u044e\u0431\u043e\u0433\u043e \u043f\u043e\u0432\u043e\u0434\u0430. \u0417\u0430\u043a\u0430\u0436\u0438\u0442\u0435 \u0441 \u0434\u043e\u0441\u0442\u0430\u0432\u043a\u043e\u0439 \u043f\u043e \u0412\u0438\u043b\u044c\u043d\u044e\u0441\u0443!\" \/>\n<meta property=\"og:url\" content=\"https:\/\/www.gintaresgeles.lt\/ru\/puokste\/%d0%b1%d1%83%d0%ba%d0%b5%d1%82-%d0%b3%d0%b5%d0%bb%d0%b8%d0%b5%d0%b2%d1%8b%d1%85-%d1%88%d0%b0%d1%80%d0%be%d0%b2-%d0%b7%d0%be%d0%bb%d0%be%d1%82%d0%be%d0%b9-%d0%b1%d0%bb%d0%b5%d1%81%d0%ba\/\" \/>\n<meta property=\"og:site_name\" content=\"gintaresgeles.lt\" \/>\n<meta property=\"og:image\" content=\"https:\/\/www.gintaresgeles.lt\/wp-content\/uploads\/2026\/01\/balony-zlote-z-konfetti-10szt.-40146-e1768835169162.webp\" \/>\n\t<meta property=\"og:image:width\" content=\"1800\" \/>\n\t<meta property=\"og:image:height\" content=\"1800\" \/>\n\t<meta property=\"og:image:type\" content=\"image\/webp\" \/>\n<meta name=\"twitter:card\" content=\"summary_large_image\" \/>\n<script type=\"application\/ld+json\" class=\"yoast-schema-graph\">{\"@context\":\"https:\/\/schema.org\",\"@graph\":[{\"@type\":\"WebPage\",\"@id\":\"https:\/\/www.gintaresgeles.lt\/ru\/puokste\/%d0%b1%d1%83%d0%ba%d0%b5%d1%82-%d0%b3%d0%b5%d0%bb%d0%b8%d0%b5%d0%b2%d1%8b%d1%85-%d1%88%d0%b0%d1%80%d0%be%d0%b2-%d0%b7%d0%be%d0%bb%d0%be%d1%82%d0%be%d0%b9-%d0%b1%d0%bb%d0%b5%d1%81%d0%ba\/\",\"url\":\"https:\/\/www.gintaresgeles.lt\/ru\/puokste\/%d0%b1%d1%83%d0%ba%d0%b5%d1%82-%d0%b3%d0%b5%d0%bb%d0%b8%d0%b5%d0%b2%d1%8b%d1%85-%d1%88%d0%b0%d1%80%d0%be%d0%b2-%d0%b7%d0%be%d0%bb%d0%be%d1%82%d0%be%d0%b9-%d0%b1%d0%bb%d0%b5%d1%81%d0%ba\/\",\"name\":\"\u0411\u0443\u043a\u0435\u0442 \u0433\u0435\u043b\u0438\u0435\u0432\u044b\u0445 \u0448\u0430\u0440\u043e\u0432 \u00ab\u0417\u043e\u043b\u043e\u0442\u043e\u0439 \u0431\u043b\u0435\u0441\u043a\u00bb | Gintar\u0117s G\u0117l\u0117s\",\"isPartOf\":{\"@id\":\"https:\/\/www.gintaresgeles.lt\/ru\/#website\"},\"primaryImageOfPage\":{\"@id\":\"https:\/\/www.gintaresgeles.lt\/ru\/puokste\/%d0%b1%d1%83%d0%ba%d0%b5%d1%82-%d0%b3%d0%b5%d0%bb%d0%b8%d0%b5%d0%b2%d1%8b%d1%85-%d1%88%d0%b0%d1%80%d0%be%d0%b2-%d0%b7%d0%be%d0%bb%d0%be%d1%82%d0%be%d0%b9-%d0%b1%d0%bb%d0%b5%d1%81%d0%ba\/#primaryimage\"},\"image\":{\"@id\":\"https:\/\/www.gintaresgeles.lt\/ru\/puokste\/%d0%b1%d1%83%d0%ba%d0%b5%d1%82-%d0%b3%d0%b5%d0%bb%d0%b8%d0%b5%d0%b2%d1%8b%d1%85-%d1%88%d0%b0%d1%80%d0%be%d0%b2-%d0%b7%d0%be%d0%bb%d0%be%d1%82%d0%be%d0%b9-%d0%b1%d0%bb%d0%b5%d1%81%d0%ba\/#primaryimage\"},\"thumbnailUrl\":\"https:\/\/www.gintaresgeles.lt\/wp-content\/uploads\/2026\/01\/balony-zlote-z-konfetti-10szt.-40146-e1768835169162.webp\",\"datePublished\":\"2026-01-20T16:12:23+00:00\",\"description\":\"\u042d\u043b\u0435\u0433\u0430\u043d\u0442\u043d\u044b\u0439 \u0431\u0443\u043a\u0435\u0442 \u0448\u0430\u0440\u043e\u0432 \u0432 \u0437\u043e\u043b\u043e\u0442\u044b\u0445 \u0442\u043e\u043d\u0430\u0445, \u043a\u043e\u0442\u043e\u0440\u044b\u0439 \u043f\u0440\u0438\u0434\u0430\u0441\u0442 \u0432\u0430\u0448\u0435\u043c\u0443 \u043f\u0440\u0430\u0437\u0434\u043d\u0438\u043a\u0443 \u0438\u0437\u044b\u0441\u043a\u0430\u043d\u043d\u044b\u0439 \u0431\u043b\u0435\u0441\u043a. \u041f\u043e\u0434\u0445\u043e\u0434\u0438\u0442 \u0434\u043b\u044f \u043b\u044e\u0431\u043e\u0433\u043e \u043f\u043e\u0432\u043e\u0434\u0430. \u0417\u0430\u043a\u0430\u0436\u0438\u0442\u0435 \u0441 \u0434\u043e\u0441\u0442\u0430\u0432\u043a\u043e\u0439 \u043f\u043e \u0412\u0438\u043b\u044c\u043d\u044e\u0441\u0443!\",\"breadcrumb\":{\"@id\":\"https:\/\/www.gintaresgeles.lt\/ru\/puokste\/%d0%b1%d1%83%d0%ba%d0%b5%d1%82-%d0%b3%d0%b5%d0%bb%d0%b8%d0%b5%d0%b2%d1%8b%d1%85-%d1%88%d0%b0%d1%80%d0%be%d0%b2-%d0%b7%d0%be%d0%bb%d0%be%d1%82%d0%be%d0%b9-%d0%b1%d0%bb%d0%b5%d1%81%d0%ba\/#breadcrumb\"},\"inLanguage\":\"ru-RU\",\"potentialAction\":[{\"@type\":\"ReadAction\",\"target\":[\"https:\/\/www.gintaresgeles.lt\/ru\/puokste\/%d0%b1%d1%83%d0%ba%d0%b5%d1%82-%d0%b3%d0%b5%d0%bb%d0%b8%d0%b5%d0%b2%d1%8b%d1%85-%d1%88%d0%b0%d1%80%d0%be%d0%b2-%d0%b7%d0%be%d0%bb%d0%be%d1%82%d0%be%d0%b9-%d0%b1%d0%bb%d0%b5%d1%81%d0%ba\/\"]}]},{\"@type\":\"ImageObject\",\"inLanguage\":\"ru-RU\",\"@id\":\"https:\/\/www.gintaresgeles.lt\/ru\/puokste\/%d0%b1%d1%83%d0%ba%d0%b5%d1%82-%d0%b3%d0%b5%d0%bb%d0%b8%d0%b5%d0%b2%d1%8b%d1%85-%d1%88%d0%b0%d1%80%d0%be%d0%b2-%d0%b7%d0%be%d0%bb%d0%be%d1%82%d0%be%d0%b9-%d0%b1%d0%bb%d0%b5%d1%81%d0%ba\/#primaryimage\",\"url\":\"https:\/\/www.gintaresgeles.lt\/wp-content\/uploads\/2026\/01\/balony-zlote-z-konfetti-10szt.-40146-e1768835169162.webp\",\"contentUrl\":\"https:\/\/www.gintaresgeles.lt\/wp-content\/uploads\/2026\/01\/balony-zlote-z-konfetti-10szt.-40146-e1768835169162.webp\",\"width\":1800,\"height\":1800,\"caption\":\"Helio balion\u0173 puok\u0161t\u0117 \u201eAuksinis \u017evilgesys\u201d\"},{\"@type\":\"BreadcrumbList\",\"@id\":\"https:\/\/www.gintaresgeles.lt\/ru\/puokste\/%d0%b1%d1%83%d0%ba%d0%b5%d1%82-%d0%b3%d0%b5%d0%bb%d0%b8%d0%b5%d0%b2%d1%8b%d1%85-%d1%88%d0%b0%d1%80%d0%be%d0%b2-%d0%b7%d0%be%d0%bb%d0%be%d1%82%d0%be%d0%b9-%d0%b1%d0%bb%d0%b5%d1%81%d0%ba\/#breadcrumb\",\"itemListElement\":[{\"@type\":\"ListItem\",\"position\":1,\"name\":\"Prad\u017eia\",\"item\":\"https:\/\/www.gintaresgeles.lt\/ru\/\"},{\"@type\":\"ListItem\",\"position\":2,\"name\":\"\u0412\u0441\u0435 \u0446\u0432\u0435\u0442\u044b \u0438 \u0434\u0440\u0443\u0433\u0438\u0435 \u043f\u0440\u043e\u0434\u0443\u043a\u0442\u044b\",\"item\":\"https:\/\/www.gintaresgeles.lt\/ru\/vse-cvety-i-drugie-produkty\/\"},{\"@type\":\"ListItem\",\"position\":3,\"name\":\"\u0411\u0443\u043a\u0435\u0442 \u0433\u0435\u043b\u0438\u0435\u0432\u044b\u0445 \u0448\u0430\u0440\u043e\u0432 \u00ab\u0417\u043e\u043b\u043e\u0442\u043e\u0439 \u0431\u043b\u0435\u0441\u043a\u00bb\"}]},{\"@type\":\"WebSite\",\"@id\":\"https:\/\/www.gintaresgeles.lt\/ru\/#website\",\"url\":\"https:\/\/www.gintaresgeles.lt\/ru\/\",\"name\":\"Gintares Geles\",\"description\":\"\u0414\u043e\u0441\u0442\u0430\u0432\u043a\u0430 \u0446\u0432\u0435\u0442\u043e\u0432 \u0432 \u0412\u0438\u043b\u044c\u043d\u044e\u0441\u0435 | \u0412 \u0442\u043e\u0442 \u0436\u0435 \u0434\u0435\u043d\u044c | Gintares geles\",\"potentialAction\":[{\"@type\":\"SearchAction\",\"target\":{\"@type\":\"EntryPoint\",\"urlTemplate\":\"https:\/\/www.gintaresgeles.lt\/ru\/?s={search_term_string}\"},\"query-input\":{\"@type\":\"PropertyValueSpecification\",\"valueRequired\":true,\"valueName\":\"search_term_string\"}}],\"inLanguage\":\"ru-RU\"}]}<\/script>\n<!-- \/ Yoast SEO plugin. -->","yoast_head_json":{"title":"\u0411\u0443\u043a\u0435\u0442 \u0433\u0435\u043b\u0438\u0435\u0432\u044b\u0445 \u0448\u0430\u0440\u043e\u0432 \u00ab\u0417\u043e\u043b\u043e\u0442\u043e\u0439 \u0431\u043b\u0435\u0441\u043a\u00bb | Gintar\u0117s G\u0117l\u0117s","description":"\u042d\u043b\u0435\u0433\u0430\u043d\u0442\u043d\u044b\u0439 \u0431\u0443\u043a\u0435\u0442 \u0448\u0430\u0440\u043e\u0432 \u0432 \u0437\u043e\u043b\u043e\u0442\u044b\u0445 \u0442\u043e\u043d\u0430\u0445, \u043a\u043e\u0442\u043e\u0440\u044b\u0439 \u043f\u0440\u0438\u0434\u0430\u0441\u0442 \u0432\u0430\u0448\u0435\u043c\u0443 \u043f\u0440\u0430\u0437\u0434\u043d\u0438\u043a\u0443 \u0438\u0437\u044b\u0441\u043a\u0430\u043d\u043d\u044b\u0439 \u0431\u043b\u0435\u0441\u043a. \u041f\u043e\u0434\u0445\u043e\u0434\u0438\u0442 \u0434\u043b\u044f \u043b\u044e\u0431\u043e\u0433\u043e \u043f\u043e\u0432\u043e\u0434\u0430. \u0417\u0430\u043a\u0430\u0436\u0438\u0442\u0435 \u0441 \u0434\u043e\u0441\u0442\u0430\u0432\u043a\u043e\u0439 \u043f\u043e \u0412\u0438\u043b\u044c\u043d\u044e\u0441\u0443!","robots":{"index":"index","follow":"follow","max-snippet":"max-snippet:-1","max-image-preview":"max-image-preview:large","max-video-preview":"max-video-preview:-1"},"canonical":"https:\/\/www.gintaresgeles.lt\/ru\/puokste\/%d0%b1%d1%83%d0%ba%d0%b5%d1%82-%d0%b3%d0%b5%d0%bb%d0%b8%d0%b5%d0%b2%d1%8b%d1%85-%d1%88%d0%b0%d1%80%d0%be%d0%b2-%d0%b7%d0%be%d0%bb%d0%be%d1%82%d0%be%d0%b9-%d0%b1%d0%bb%d0%b5%d1%81%d0%ba\/","og_locale":"ru_RU","og_type":"article","og_title":"\u0411\u0443\u043a\u0435\u0442 \u0433\u0435\u043b\u0438\u0435\u0432\u044b\u0445 \u0448\u0430\u0440\u043e\u0432 \u00ab\u0417\u043e\u043b\u043e\u0442\u043e\u0439 \u0431\u043b\u0435\u0441\u043a\u00bb | Gintar\u0117s G\u0117l\u0117s","og_description":"\u042d\u043b\u0435\u0433\u0430\u043d\u0442\u043d\u044b\u0439 \u0431\u0443\u043a\u0435\u0442 \u0448\u0430\u0440\u043e\u0432 \u0432 \u0437\u043e\u043b\u043e\u0442\u044b\u0445 \u0442\u043e\u043d\u0430\u0445, \u043a\u043e\u0442\u043e\u0440\u044b\u0439 \u043f\u0440\u0438\u0434\u0430\u0441\u0442 \u0432\u0430\u0448\u0435\u043c\u0443 \u043f\u0440\u0430\u0437\u0434\u043d\u0438\u043a\u0443 \u0438\u0437\u044b\u0441\u043a\u0430\u043d\u043d\u044b\u0439 \u0431\u043b\u0435\u0441\u043a. \u041f\u043e\u0434\u0445\u043e\u0434\u0438\u0442 \u0434\u043b\u044f \u043b\u044e\u0431\u043e\u0433\u043e \u043f\u043e\u0432\u043e\u0434\u0430. \u0417\u0430\u043a\u0430\u0436\u0438\u0442\u0435 \u0441 \u0434\u043e\u0441\u0442\u0430\u0432\u043a\u043e\u0439 \u043f\u043e \u0412\u0438\u043b\u044c\u043d\u044e\u0441\u0443!","og_url":"https:\/\/www.gintaresgeles.lt\/ru\/puokste\/%d0%b1%d1%83%d0%ba%d0%b5%d1%82-%d0%b3%d0%b5%d0%bb%d0%b8%d0%b5%d0%b2%d1%8b%d1%85-%d1%88%d0%b0%d1%80%d0%be%d0%b2-%d0%b7%d0%be%d0%bb%d0%be%d1%82%d0%be%d0%b9-%d0%b1%d0%bb%d0%b5%d1%81%d0%ba\/","og_site_name":"gintaresgeles.lt","og_image":[{"width":1800,"height":1800,"url":"https:\/\/www.gintaresgeles.lt\/wp-content\/uploads\/2026\/01\/balony-zlote-z-konfetti-10szt.-40146-e1768835169162.webp","type":"image\/webp"}],"twitter_card":"summary_large_image","schema":{"@context":"https:\/\/schema.org","@graph":[{"@type":"WebPage","@id":"https:\/\/www.gintaresgeles.lt\/ru\/puokste\/%d0%b1%d1%83%d0%ba%d0%b5%d1%82-%d0%b3%d0%b5%d0%bb%d0%b8%d0%b5%d0%b2%d1%8b%d1%85-%d1%88%d0%b0%d1%80%d0%be%d0%b2-%d0%b7%d0%be%d0%bb%d0%be%d1%82%d0%be%d0%b9-%d0%b1%d0%bb%d0%b5%d1%81%d0%ba\/","url":"https:\/\/www.gintaresgeles.lt\/ru\/puokste\/%d0%b1%d1%83%d0%ba%d0%b5%d1%82-%d0%b3%d0%b5%d0%bb%d0%b8%d0%b5%d0%b2%d1%8b%d1%85-%d1%88%d0%b0%d1%80%d0%be%d0%b2-%d0%b7%d0%be%d0%bb%d0%be%d1%82%d0%be%d0%b9-%d0%b1%d0%bb%d0%b5%d1%81%d0%ba\/","name":"\u0411\u0443\u043a\u0435\u0442 \u0433\u0435\u043b\u0438\u0435\u0432\u044b\u0445 \u0448\u0430\u0440\u043e\u0432 \u00ab\u0417\u043e\u043b\u043e\u0442\u043e\u0439 \u0431\u043b\u0435\u0441\u043a\u00bb | Gintar\u0117s G\u0117l\u0117s","isPartOf":{"@id":"https:\/\/www.gintaresgeles.lt\/ru\/#website"},"primaryImageOfPage":{"@id":"https:\/\/www.gintaresgeles.lt\/ru\/puokste\/%d0%b1%d1%83%d0%ba%d0%b5%d1%82-%d0%b3%d0%b5%d0%bb%d0%b8%d0%b5%d0%b2%d1%8b%d1%85-%d1%88%d0%b0%d1%80%d0%be%d0%b2-%d0%b7%d0%be%d0%bb%d0%be%d1%82%d0%be%d0%b9-%d0%b1%d0%bb%d0%b5%d1%81%d0%ba\/#primaryimage"},"image":{"@id":"https:\/\/www.gintaresgeles.lt\/ru\/puokste\/%d0%b1%d1%83%d0%ba%d0%b5%d1%82-%d0%b3%d0%b5%d0%bb%d0%b8%d0%b5%d0%b2%d1%8b%d1%85-%d1%88%d0%b0%d1%80%d0%be%d0%b2-%d0%b7%d0%be%d0%bb%d0%be%d1%82%d0%be%d0%b9-%d0%b1%d0%bb%d0%b5%d1%81%d0%ba\/#primaryimage"},"thumbnailUrl":"https:\/\/www.gintaresgeles.lt\/wp-content\/uploads\/2026\/01\/balony-zlote-z-konfetti-10szt.-40146-e1768835169162.webp","datePublished":"2026-01-20T16:12:23+00:00","description":"\u042d\u043b\u0435\u0433\u0430\u043d\u0442\u043d\u044b\u0439 \u0431\u0443\u043a\u0435\u0442 \u0448\u0430\u0440\u043e\u0432 \u0432 \u0437\u043e\u043b\u043e\u0442\u044b\u0445 \u0442\u043e\u043d\u0430\u0445, \u043a\u043e\u0442\u043e\u0440\u044b\u0439 \u043f\u0440\u0438\u0434\u0430\u0441\u0442 \u0432\u0430\u0448\u0435\u043c\u0443 \u043f\u0440\u0430\u0437\u0434\u043d\u0438\u043a\u0443 \u0438\u0437\u044b\u0441\u043a\u0430\u043d\u043d\u044b\u0439 \u0431\u043b\u0435\u0441\u043a. \u041f\u043e\u0434\u0445\u043e\u0434\u0438\u0442 \u0434\u043b\u044f \u043b\u044e\u0431\u043e\u0433\u043e \u043f\u043e\u0432\u043e\u0434\u0430. \u0417\u0430\u043a\u0430\u0436\u0438\u0442\u0435 \u0441 \u0434\u043e\u0441\u0442\u0430\u0432\u043a\u043e\u0439 \u043f\u043e \u0412\u0438\u043b\u044c\u043d\u044e\u0441\u0443!","breadcrumb":{"@id":"https:\/\/www.gintaresgeles.lt\/ru\/puokste\/%d0%b1%d1%83%d0%ba%d0%b5%d1%82-%d0%b3%d0%b5%d0%bb%d0%b8%d0%b5%d0%b2%d1%8b%d1%85-%d1%88%d0%b0%d1%80%d0%be%d0%b2-%d0%b7%d0%be%d0%bb%d0%be%d1%82%d0%be%d0%b9-%d0%b1%d0%bb%d0%b5%d1%81%d0%ba\/#breadcrumb"},"inLanguage":"ru-RU","potentialAction":[{"@type":"ReadAction","target":["https:\/\/www.gintaresgeles.lt\/ru\/puokste\/%d0%b1%d1%83%d0%ba%d0%b5%d1%82-%d0%b3%d0%b5%d0%bb%d0%b8%d0%b5%d0%b2%d1%8b%d1%85-%d1%88%d0%b0%d1%80%d0%be%d0%b2-%d0%b7%d0%be%d0%bb%d0%be%d1%82%d0%be%d0%b9-%d0%b1%d0%bb%d0%b5%d1%81%d0%ba\/"]}]},{"@type":"ImageObject","inLanguage":"ru-RU","@id":"https:\/\/www.gintaresgeles.lt\/ru\/puokste\/%d0%b1%d1%83%d0%ba%d0%b5%d1%82-%d0%b3%d0%b5%d0%bb%d0%b8%d0%b5%d0%b2%d1%8b%d1%85-%d1%88%d0%b0%d1%80%d0%be%d0%b2-%d0%b7%d0%be%d0%bb%d0%be%d1%82%d0%be%d0%b9-%d0%b1%d0%bb%d0%b5%d1%81%d0%ba\/#primaryimage","url":"https:\/\/www.gintaresgeles.lt\/wp-content\/uploads\/2026\/01\/balony-zlote-z-konfetti-10szt.-40146-e1768835169162.webp","contentUrl":"https:\/\/www.gintaresgeles.lt\/wp-content\/uploads\/2026\/01\/balony-zlote-z-konfetti-10szt.-40146-e1768835169162.webp","width":1800,"height":1800,"caption":"Helio balion\u0173 puok\u0161t\u0117 \u201eAuksinis \u017evilgesys\u201d"},{"@type":"BreadcrumbList","@id":"https:\/\/www.gintaresgeles.lt\/ru\/puokste\/%d0%b1%d1%83%d0%ba%d0%b5%d1%82-%d0%b3%d0%b5%d0%bb%d0%b8%d0%b5%d0%b2%d1%8b%d1%85-%d1%88%d0%b0%d1%80%d0%be%d0%b2-%d0%b7%d0%be%d0%bb%d0%be%d1%82%d0%be%d0%b9-%d0%b1%d0%bb%d0%b5%d1%81%d0%ba\/#breadcrumb","itemListElement":[{"@type":"ListItem","position":1,"name":"Prad\u017eia","item":"https:\/\/www.gintaresgeles.lt\/ru\/"},{"@type":"ListItem","position":2,"name":"\u0412\u0441\u0435 \u0446\u0432\u0435\u0442\u044b \u0438 \u0434\u0440\u0443\u0433\u0438\u0435 \u043f\u0440\u043e\u0434\u0443\u043a\u0442\u044b","item":"https:\/\/www.gintaresgeles.lt\/ru\/vse-cvety-i-drugie-produkty\/"},{"@type":"ListItem","position":3,"name":"\u0411\u0443\u043a\u0435\u0442 \u0433\u0435\u043b\u0438\u0435\u0432\u044b\u0445 \u0448\u0430\u0440\u043e\u0432 \u00ab\u0417\u043e\u043b\u043e\u0442\u043e\u0439 \u0431\u043b\u0435\u0441\u043a\u00bb"}]},{"@type":"WebSite","@id":"https:\/\/www.gintaresgeles.lt\/ru\/#website","url":"https:\/\/www.gintaresgeles.lt\/ru\/","name":"Gintares Geles","description":"\u0414\u043e\u0441\u0442\u0430\u0432\u043a\u0430 \u0446\u0432\u0435\u0442\u043e\u0432 \u0432 \u0412\u0438\u043b\u044c\u043d\u044e\u0441\u0435 | \u0412 \u0442\u043e\u0442 \u0436\u0435 \u0434\u0435\u043d\u044c | Gintares geles","potentialAction":[{"@type":"SearchAction","target":{"@type":"EntryPoint","urlTemplate":"https:\/\/www.gintaresgeles.lt\/ru\/?s={search_term_string}"},"query-input":{"@type":"PropertyValueSpecification","valueRequired":true,"valueName":"search_term_string"}}],"inLanguage":"ru-RU"}]}},"_links":{"self":[{"href":"https:\/\/www.gintaresgeles.lt\/ru\/wp-json\/wp\/v2\/product\/58011","targetHints":{"allow":["GET"]}}],"collection":[{"href":"https:\/\/www.gintaresgeles.lt\/ru\/wp-json\/wp\/v2\/product"}],"about":[{"href":"https:\/\/www.gintaresgeles.lt\/ru\/wp-json\/wp\/v2\/types\/product"}],"wp:featuredmedia":[{"embeddable":true,"href":"https:\/\/www.gintaresgeles.lt\/ru\/wp-json\/wp\/v2\/media\/57925"}],"wp:attachment":[{"href":"https:\/\/www.gintaresgeles.lt\/ru\/wp-json\/wp\/v2\/media?parent=58011"}],"wp:term":[{"taxonomy":"product_brand","embeddable":true,"href":"https:\/\/www.gintaresgeles.lt\/ru\/wp-json\/wp\/v2\/product_brand?post=58011"},{"taxonomy":"product_cat","embeddable":true,"href":"https:\/\/www.gintaresgeles.lt\/ru\/wp-json\/wp\/v2\/product_cat?post=58011"},{"taxonomy":"product_tag","embeddable":true,"href":"https:\/\/www.gintaresgeles.lt\/ru\/wp-json\/wp\/v2\/product_tag?post=58011"}],"curies":[{"name":"wp","href":"https:\/\/api.w.org\/{rel}","templated":true}]}}