{"id":58013,"date":"2026-01-20T12:25:10","date_gmt":"2026-01-20T10:25:10","guid":{"rendered":"https:\/\/www.gintaresgeles.lt\/puokste\/%d0%b1%d1%83%d0%ba%d0%b5%d1%82-%d0%b3%d0%b5%d0%bb%d0%b8%d0%b5%d0%b2%d1%8b%d1%85-%d1%88%d0%b0%d1%80%d0%be%d0%b2-30-happy-birthday\/"},"modified":"2026-01-20T12:25:10","modified_gmt":"2026-01-20T10:25:10","slug":"%d0%b1%d1%83%d0%ba%d0%b5%d1%82-%d0%b3%d0%b5%d0%bb%d0%b8%d0%b5%d0%b2%d1%8b%d1%85-%d1%88%d0%b0%d1%80%d0%be%d0%b2-30-happy-birthday","status":"publish","type":"product","link":"https:\/\/www.gintaresgeles.lt\/ru\/puokste\/%d0%b1%d1%83%d0%ba%d0%b5%d1%82-%d0%b3%d0%b5%d0%bb%d0%b8%d0%b5%d0%b2%d1%8b%d1%85-%d1%88%d0%b0%d1%80%d0%be%d0%b2-30-happy-birthday\/","title":{"rendered":"\u0411\u0443\u043a\u0435\u0442 \u0433\u0435\u043b\u0438\u0435\u0432\u044b\u0445 \u0448\u0430\u0440\u043e\u0432 \u00ab30 Happy Birthday\u00bb"},"content":{"rendered":"","protected":false},"excerpt":{"rendered":"<p data-path-to-node=\"12\">\u0421\u0442\u0438\u043b\u044c\u043d\u044b\u0439 \u0431\u0443\u043a\u0435\u0442 \u0438\u0437 \u0448\u0430\u0440\u043e\u0432 \u0432 \u0437\u043e\u043b\u043e\u0442\u043e\u043c \u0438 \u0447\u0435\u0440\u043d\u043e\u043c \u0446\u0432\u0435\u0442\u0435, \u0430 \u0442\u0430\u043a\u0436\u0435 \u043f\u0440\u043e\u0437\u0440\u0430\u0447\u043d\u044b\u0445 \u0448\u0430\u0440\u043e\u0432 \u0441 \u043a\u043e\u043d\u0444\u0435\u0442\u0442\u0438 \u0438 \u043d\u0430\u0434\u043f\u0438\u0441\u044c\u044e \u00ab30 Happy Birthday\u00bb. \u0418\u0434\u0435\u0430\u043b\u044c\u043d\u043e \u043f\u043e\u0434\u0445\u043e\u0434\u0438\u0442 \u0434\u043b\u044f \u0443\u043a\u0440\u0430\u0448\u0435\u043d\u0438\u044f \u043f\u0440\u0430\u0437\u0434\u043d\u0438\u043a\u0430 \u0438\u043b\u0438 \u0432 \u043a\u0430\u0447\u0435\u0441\u0442\u0432\u0435 \u0441\u044e\u0440\u043f\u0440\u0438\u0437\u0430 \u0434\u043b\u044f \u0438\u043c\u0435\u043d\u0438\u043d\u043d\u0438\u043a\u0430.<\/p>\n<p data-path-to-node=\"13\"><b data-path-to-node=\"13\" data-index-in-node=\"0\">\u0412 \u043a\u043e\u043c\u043f\u043b\u0435\u043a\u0442 \u0432\u0445\u043e\u0434\u044f\u0442:<\/b><\/p>\n<ul>\n<li data-path-to-node=\"14,0,0\">2 \u0448\u0442. \u0437\u043e\u043b\u043e\u0442\u044b\u0445 \u0448\u0430\u0440\u043e\u0432 \u00ab30 Happy Birthday\u00bb;<\/li>\n<li data-path-to-node=\"14,0,0\">2 \u0448\u0442. \u0447\u0435\u0440\u043d\u044b\u0445 \u0448\u0430\u0440\u043e\u0432 \u00ab30 Happy Birthday\u00bb;<\/li>\n<li data-path-to-node=\"14,0,0\">2 \u0448\u0442. \u043f\u0440\u043e\u0437\u0440\u0430\u0447\u043d\u044b\u0445 \u0448\u0430\u0440\u043e\u0432 \u0441 \u043a\u043e\u043d\u0444\u0435\u0442\u0442\u0438 \u00ab30 Happy Birthday\u00bb.<\/li>\n<\/ul>\n<p><b data-path-to-node=\"14,2,0\" data-index-in-node=\"55\">\u0420\u0430\u0437\u043c\u0435\u0440 \u0448\u0430\u0440\u0430:<\/b> ~30 \u0441\u043c.<\/p>\n","protected":false},"featured_media":57962,"template":"","meta":[],"product_brand":[],"product_cat":[957,1088,1904,1053,958],"product_tag":[],"class_list":{"0":"post-58013","1":"product","2":"type-product","3":"status-publish","4":"has-post-thumbnail","6":"product_cat-957","7":"product_cat-1088","8":"product_cat-1904","9":"product_cat-1053","10":"product_cat-958","11":"tm-has-options","13":"first","14":"instock","15":"taxable","16":"shipping-taxable","17":"purchasable","18":"product-type-simple"},"yoast_head":"<!-- This site is optimized with the Yoast SEO plugin v25.3 - https:\/\/yoast.com\/wordpress\/plugins\/seo\/ -->\n<title>\u0411\u0443\u043a\u0435\u0442 \u0433\u0435\u043b\u0438\u0435\u0432\u044b\u0445 \u0448\u0430\u0440\u043e\u0432 \u00ab30 Happy Birthday\u00bb | Gintar\u0117s G\u0117l\u0117s<\/title>\n<meta name=\"description\" content=\"\u042d\u043b\u0435\u0433\u0430\u043d\u0442\u043d\u044b\u0439 \u0431\u0443\u043a\u0435\u0442 \u0438\u0437 \u0437\u043e\u043b\u043e\u0442\u044b\u0445, \u0447\u0435\u0440\u043d\u044b\u0445 \u0448\u0430\u0440\u043e\u0432 \u0438 \u0448\u0430\u0440\u043e\u0432 \u0441 \u043a\u043e\u043d\u0444\u0435\u0442\u0442\u0438, \u0438\u0434\u0435\u0430\u043b\u044c\u043d\u043e \u043f\u043e\u0434\u0445\u043e\u0434\u044f\u0449\u0438\u0439 \u0434\u043b\u044f \u043f\u0440\u0430\u0437\u0434\u043d\u043e\u0432\u0430\u043d\u0438\u044f 30-\u043b\u0435\u0442\u043d\u0435\u0433\u043e \u044e\u0431\u0438\u043b\u0435\u044f.\" \/>\n<meta name=\"robots\" content=\"index, follow, max-snippet:-1, max-image-preview:large, max-video-preview:-1\" \/>\n<link rel=\"canonical\" href=\"https:\/\/www.gintaresgeles.lt\/ru\/puokste\/%d0%b1%d1%83%d0%ba%d0%b5%d1%82-%d0%b3%d0%b5%d0%bb%d0%b8%d0%b5%d0%b2%d1%8b%d1%85-%d1%88%d0%b0%d1%80%d0%be%d0%b2-30-happy-birthday\/\" \/>\n<meta property=\"og:locale\" content=\"ru_RU\" \/>\n<meta property=\"og:type\" content=\"article\" \/>\n<meta property=\"og:title\" content=\"\u0411\u0443\u043a\u0435\u0442 \u0433\u0435\u043b\u0438\u0435\u0432\u044b\u0445 \u0448\u0430\u0440\u043e\u0432 \u00ab30 Happy Birthday\u00bb | Gintar\u0117s G\u0117l\u0117s\" \/>\n<meta property=\"og:description\" content=\"\u042d\u043b\u0435\u0433\u0430\u043d\u0442\u043d\u044b\u0439 \u0431\u0443\u043a\u0435\u0442 \u0438\u0437 \u0437\u043e\u043b\u043e\u0442\u044b\u0445, \u0447\u0435\u0440\u043d\u044b\u0445 \u0448\u0430\u0440\u043e\u0432 \u0438 \u0448\u0430\u0440\u043e\u0432 \u0441 \u043a\u043e\u043d\u0444\u0435\u0442\u0442\u0438, \u0438\u0434\u0435\u0430\u043b\u044c\u043d\u043e \u043f\u043e\u0434\u0445\u043e\u0434\u044f\u0449\u0438\u0439 \u0434\u043b\u044f \u043f\u0440\u0430\u0437\u0434\u043d\u043e\u0432\u0430\u043d\u0438\u044f 30-\u043b\u0435\u0442\u043d\u0435\u0433\u043e \u044e\u0431\u0438\u043b\u0435\u044f.\" \/>\n<meta property=\"og:url\" content=\"https:\/\/www.gintaresgeles.lt\/ru\/puokste\/%d0%b1%d1%83%d0%ba%d0%b5%d1%82-%d0%b3%d0%b5%d0%bb%d0%b8%d0%b5%d0%b2%d1%8b%d1%85-%d1%88%d0%b0%d1%80%d0%be%d0%b2-30-happy-birthday\/\" \/>\n<meta property=\"og:site_name\" content=\"gintaresgeles.lt\" \/>\n<meta property=\"og:image\" content=\"https:\/\/www.gintaresgeles.lt\/wp-content\/uploads\/2026\/01\/Helio-balionu-puokste-\u201e30-Happy-Birthday-e1768923360948.webp\" \/>\n\t<meta property=\"og:image:width\" content=\"1024\" \/>\n\t<meta property=\"og:image:height\" content=\"1024\" \/>\n\t<meta property=\"og:image:type\" content=\"image\/webp\" \/>\n<meta name=\"twitter:card\" content=\"summary_large_image\" \/>\n<script type=\"application\/ld+json\" class=\"yoast-schema-graph\">{\"@context\":\"https:\/\/schema.org\",\"@graph\":[{\"@type\":\"WebPage\",\"@id\":\"https:\/\/www.gintaresgeles.lt\/ru\/puokste\/%d0%b1%d1%83%d0%ba%d0%b5%d1%82-%d0%b3%d0%b5%d0%bb%d0%b8%d0%b5%d0%b2%d1%8b%d1%85-%d1%88%d0%b0%d1%80%d0%be%d0%b2-30-happy-birthday\/\",\"url\":\"https:\/\/www.gintaresgeles.lt\/ru\/puokste\/%d0%b1%d1%83%d0%ba%d0%b5%d1%82-%d0%b3%d0%b5%d0%bb%d0%b8%d0%b5%d0%b2%d1%8b%d1%85-%d1%88%d0%b0%d1%80%d0%be%d0%b2-30-happy-birthday\/\",\"name\":\"\u0411\u0443\u043a\u0435\u0442 \u0433\u0435\u043b\u0438\u0435\u0432\u044b\u0445 \u0448\u0430\u0440\u043e\u0432 \u00ab30 Happy Birthday\u00bb | Gintar\u0117s G\u0117l\u0117s\",\"isPartOf\":{\"@id\":\"https:\/\/www.gintaresgeles.lt\/ru\/#website\"},\"primaryImageOfPage\":{\"@id\":\"https:\/\/www.gintaresgeles.lt\/ru\/puokste\/%d0%b1%d1%83%d0%ba%d0%b5%d1%82-%d0%b3%d0%b5%d0%bb%d0%b8%d0%b5%d0%b2%d1%8b%d1%85-%d1%88%d0%b0%d1%80%d0%be%d0%b2-30-happy-birthday\/#primaryimage\"},\"image\":{\"@id\":\"https:\/\/www.gintaresgeles.lt\/ru\/puokste\/%d0%b1%d1%83%d0%ba%d0%b5%d1%82-%d0%b3%d0%b5%d0%bb%d0%b8%d0%b5%d0%b2%d1%8b%d1%85-%d1%88%d0%b0%d1%80%d0%be%d0%b2-30-happy-birthday\/#primaryimage\"},\"thumbnailUrl\":\"https:\/\/www.gintaresgeles.lt\/wp-content\/uploads\/2026\/01\/Helio-balionu-puokste-\u201e30-Happy-Birthday-e1768923360948.webp\",\"datePublished\":\"2026-01-20T10:25:10+00:00\",\"description\":\"\u042d\u043b\u0435\u0433\u0430\u043d\u0442\u043d\u044b\u0439 \u0431\u0443\u043a\u0435\u0442 \u0438\u0437 \u0437\u043e\u043b\u043e\u0442\u044b\u0445, \u0447\u0435\u0440\u043d\u044b\u0445 \u0448\u0430\u0440\u043e\u0432 \u0438 \u0448\u0430\u0440\u043e\u0432 \u0441 \u043a\u043e\u043d\u0444\u0435\u0442\u0442\u0438, \u0438\u0434\u0435\u0430\u043b\u044c\u043d\u043e \u043f\u043e\u0434\u0445\u043e\u0434\u044f\u0449\u0438\u0439 \u0434\u043b\u044f \u043f\u0440\u0430\u0437\u0434\u043d\u043e\u0432\u0430\u043d\u0438\u044f 30-\u043b\u0435\u0442\u043d\u0435\u0433\u043e \u044e\u0431\u0438\u043b\u0435\u044f.\",\"breadcrumb\":{\"@id\":\"https:\/\/www.gintaresgeles.lt\/ru\/puokste\/%d0%b1%d1%83%d0%ba%d0%b5%d1%82-%d0%b3%d0%b5%d0%bb%d0%b8%d0%b5%d0%b2%d1%8b%d1%85-%d1%88%d0%b0%d1%80%d0%be%d0%b2-30-happy-birthday\/#breadcrumb\"},\"inLanguage\":\"ru-RU\",\"potentialAction\":[{\"@type\":\"ReadAction\",\"target\":[\"https:\/\/www.gintaresgeles.lt\/ru\/puokste\/%d0%b1%d1%83%d0%ba%d0%b5%d1%82-%d0%b3%d0%b5%d0%bb%d0%b8%d0%b5%d0%b2%d1%8b%d1%85-%d1%88%d0%b0%d1%80%d0%be%d0%b2-30-happy-birthday\/\"]}]},{\"@type\":\"ImageObject\",\"inLanguage\":\"ru-RU\",\"@id\":\"https:\/\/www.gintaresgeles.lt\/ru\/puokste\/%d0%b1%d1%83%d0%ba%d0%b5%d1%82-%d0%b3%d0%b5%d0%bb%d0%b8%d0%b5%d0%b2%d1%8b%d1%85-%d1%88%d0%b0%d1%80%d0%be%d0%b2-30-happy-birthday\/#primaryimage\",\"url\":\"https:\/\/www.gintaresgeles.lt\/wp-content\/uploads\/2026\/01\/Helio-balionu-puokste-\u201e30-Happy-Birthday-e1768923360948.webp\",\"contentUrl\":\"https:\/\/www.gintaresgeles.lt\/wp-content\/uploads\/2026\/01\/Helio-balionu-puokste-\u201e30-Happy-Birthday-e1768923360948.webp\",\"width\":1024,\"height\":1024,\"caption\":\"Helio balion\u0173 puok\u0161t\u0117 \u201e30 Happy Birthday\u201c\"},{\"@type\":\"BreadcrumbList\",\"@id\":\"https:\/\/www.gintaresgeles.lt\/ru\/puokste\/%d0%b1%d1%83%d0%ba%d0%b5%d1%82-%d0%b3%d0%b5%d0%bb%d0%b8%d0%b5%d0%b2%d1%8b%d1%85-%d1%88%d0%b0%d1%80%d0%be%d0%b2-30-happy-birthday\/#breadcrumb\",\"itemListElement\":[{\"@type\":\"ListItem\",\"position\":1,\"name\":\"Prad\u017eia\",\"item\":\"https:\/\/www.gintaresgeles.lt\/ru\/\"},{\"@type\":\"ListItem\",\"position\":2,\"name\":\"\u0412\u0441\u0435 \u0446\u0432\u0435\u0442\u044b \u0438 \u0434\u0440\u0443\u0433\u0438\u0435 \u043f\u0440\u043e\u0434\u0443\u043a\u0442\u044b\",\"item\":\"https:\/\/www.gintaresgeles.lt\/ru\/vse-cvety-i-drugie-produkty\/\"},{\"@type\":\"ListItem\",\"position\":3,\"name\":\"\u0411\u0443\u043a\u0435\u0442 \u0433\u0435\u043b\u0438\u0435\u0432\u044b\u0445 \u0448\u0430\u0440\u043e\u0432 \u00ab30 Happy Birthday\u00bb\"}]},{\"@type\":\"WebSite\",\"@id\":\"https:\/\/www.gintaresgeles.lt\/ru\/#website\",\"url\":\"https:\/\/www.gintaresgeles.lt\/ru\/\",\"name\":\"Gintares Geles\",\"description\":\"\u0414\u043e\u0441\u0442\u0430\u0432\u043a\u0430 \u0446\u0432\u0435\u0442\u043e\u0432 \u0432 \u0412\u0438\u043b\u044c\u043d\u044e\u0441\u0435 | \u0412 \u0442\u043e\u0442 \u0436\u0435 \u0434\u0435\u043d\u044c | Gintares geles\",\"potentialAction\":[{\"@type\":\"SearchAction\",\"target\":{\"@type\":\"EntryPoint\",\"urlTemplate\":\"https:\/\/www.gintaresgeles.lt\/ru\/?s={search_term_string}\"},\"query-input\":{\"@type\":\"PropertyValueSpecification\",\"valueRequired\":true,\"valueName\":\"search_term_string\"}}],\"inLanguage\":\"ru-RU\"}]}<\/script>\n<!-- \/ Yoast SEO plugin. -->","yoast_head_json":{"title":"\u0411\u0443\u043a\u0435\u0442 \u0433\u0435\u043b\u0438\u0435\u0432\u044b\u0445 \u0448\u0430\u0440\u043e\u0432 \u00ab30 Happy Birthday\u00bb | Gintar\u0117s G\u0117l\u0117s","description":"\u042d\u043b\u0435\u0433\u0430\u043d\u0442\u043d\u044b\u0439 \u0431\u0443\u043a\u0435\u0442 \u0438\u0437 \u0437\u043e\u043b\u043e\u0442\u044b\u0445, \u0447\u0435\u0440\u043d\u044b\u0445 \u0448\u0430\u0440\u043e\u0432 \u0438 \u0448\u0430\u0440\u043e\u0432 \u0441 \u043a\u043e\u043d\u0444\u0435\u0442\u0442\u0438, \u0438\u0434\u0435\u0430\u043b\u044c\u043d\u043e \u043f\u043e\u0434\u0445\u043e\u0434\u044f\u0449\u0438\u0439 \u0434\u043b\u044f \u043f\u0440\u0430\u0437\u0434\u043d\u043e\u0432\u0430\u043d\u0438\u044f 30-\u043b\u0435\u0442\u043d\u0435\u0433\u043e \u044e\u0431\u0438\u043b\u0435\u044f.","robots":{"index":"index","follow":"follow","max-snippet":"max-snippet:-1","max-image-preview":"max-image-preview:large","max-video-preview":"max-video-preview:-1"},"canonical":"https:\/\/www.gintaresgeles.lt\/ru\/puokste\/%d0%b1%d1%83%d0%ba%d0%b5%d1%82-%d0%b3%d0%b5%d0%bb%d0%b8%d0%b5%d0%b2%d1%8b%d1%85-%d1%88%d0%b0%d1%80%d0%be%d0%b2-30-happy-birthday\/","og_locale":"ru_RU","og_type":"article","og_title":"\u0411\u0443\u043a\u0435\u0442 \u0433\u0435\u043b\u0438\u0435\u0432\u044b\u0445 \u0448\u0430\u0440\u043e\u0432 \u00ab30 Happy Birthday\u00bb | Gintar\u0117s G\u0117l\u0117s","og_description":"\u042d\u043b\u0435\u0433\u0430\u043d\u0442\u043d\u044b\u0439 \u0431\u0443\u043a\u0435\u0442 \u0438\u0437 \u0437\u043e\u043b\u043e\u0442\u044b\u0445, \u0447\u0435\u0440\u043d\u044b\u0445 \u0448\u0430\u0440\u043e\u0432 \u0438 \u0448\u0430\u0440\u043e\u0432 \u0441 \u043a\u043e\u043d\u0444\u0435\u0442\u0442\u0438, \u0438\u0434\u0435\u0430\u043b\u044c\u043d\u043e \u043f\u043e\u0434\u0445\u043e\u0434\u044f\u0449\u0438\u0439 \u0434\u043b\u044f \u043f\u0440\u0430\u0437\u0434\u043d\u043e\u0432\u0430\u043d\u0438\u044f 30-\u043b\u0435\u0442\u043d\u0435\u0433\u043e \u044e\u0431\u0438\u043b\u0435\u044f.","og_url":"https:\/\/www.gintaresgeles.lt\/ru\/puokste\/%d0%b1%d1%83%d0%ba%d0%b5%d1%82-%d0%b3%d0%b5%d0%bb%d0%b8%d0%b5%d0%b2%d1%8b%d1%85-%d1%88%d0%b0%d1%80%d0%be%d0%b2-30-happy-birthday\/","og_site_name":"gintaresgeles.lt","og_image":[{"width":1024,"height":1024,"url":"https:\/\/www.gintaresgeles.lt\/wp-content\/uploads\/2026\/01\/Helio-balionu-puokste-\u201e30-Happy-Birthday-e1768923360948.webp","type":"image\/webp"}],"twitter_card":"summary_large_image","schema":{"@context":"https:\/\/schema.org","@graph":[{"@type":"WebPage","@id":"https:\/\/www.gintaresgeles.lt\/ru\/puokste\/%d0%b1%d1%83%d0%ba%d0%b5%d1%82-%d0%b3%d0%b5%d0%bb%d0%b8%d0%b5%d0%b2%d1%8b%d1%85-%d1%88%d0%b0%d1%80%d0%be%d0%b2-30-happy-birthday\/","url":"https:\/\/www.gintaresgeles.lt\/ru\/puokste\/%d0%b1%d1%83%d0%ba%d0%b5%d1%82-%d0%b3%d0%b5%d0%bb%d0%b8%d0%b5%d0%b2%d1%8b%d1%85-%d1%88%d0%b0%d1%80%d0%be%d0%b2-30-happy-birthday\/","name":"\u0411\u0443\u043a\u0435\u0442 \u0433\u0435\u043b\u0438\u0435\u0432\u044b\u0445 \u0448\u0430\u0440\u043e\u0432 \u00ab30 Happy Birthday\u00bb | Gintar\u0117s G\u0117l\u0117s","isPartOf":{"@id":"https:\/\/www.gintaresgeles.lt\/ru\/#website"},"primaryImageOfPage":{"@id":"https:\/\/www.gintaresgeles.lt\/ru\/puokste\/%d0%b1%d1%83%d0%ba%d0%b5%d1%82-%d0%b3%d0%b5%d0%bb%d0%b8%d0%b5%d0%b2%d1%8b%d1%85-%d1%88%d0%b0%d1%80%d0%be%d0%b2-30-happy-birthday\/#primaryimage"},"image":{"@id":"https:\/\/www.gintaresgeles.lt\/ru\/puokste\/%d0%b1%d1%83%d0%ba%d0%b5%d1%82-%d0%b3%d0%b5%d0%bb%d0%b8%d0%b5%d0%b2%d1%8b%d1%85-%d1%88%d0%b0%d1%80%d0%be%d0%b2-30-happy-birthday\/#primaryimage"},"thumbnailUrl":"https:\/\/www.gintaresgeles.lt\/wp-content\/uploads\/2026\/01\/Helio-balionu-puokste-\u201e30-Happy-Birthday-e1768923360948.webp","datePublished":"2026-01-20T10:25:10+00:00","description":"\u042d\u043b\u0435\u0433\u0430\u043d\u0442\u043d\u044b\u0439 \u0431\u0443\u043a\u0435\u0442 \u0438\u0437 \u0437\u043e\u043b\u043e\u0442\u044b\u0445, \u0447\u0435\u0440\u043d\u044b\u0445 \u0448\u0430\u0440\u043e\u0432 \u0438 \u0448\u0430\u0440\u043e\u0432 \u0441 \u043a\u043e\u043d\u0444\u0435\u0442\u0442\u0438, \u0438\u0434\u0435\u0430\u043b\u044c\u043d\u043e \u043f\u043e\u0434\u0445\u043e\u0434\u044f\u0449\u0438\u0439 \u0434\u043b\u044f \u043f\u0440\u0430\u0437\u0434\u043d\u043e\u0432\u0430\u043d\u0438\u044f 30-\u043b\u0435\u0442\u043d\u0435\u0433\u043e \u044e\u0431\u0438\u043b\u0435\u044f.","breadcrumb":{"@id":"https:\/\/www.gintaresgeles.lt\/ru\/puokste\/%d0%b1%d1%83%d0%ba%d0%b5%d1%82-%d0%b3%d0%b5%d0%bb%d0%b8%d0%b5%d0%b2%d1%8b%d1%85-%d1%88%d0%b0%d1%80%d0%be%d0%b2-30-happy-birthday\/#breadcrumb"},"inLanguage":"ru-RU","potentialAction":[{"@type":"ReadAction","target":["https:\/\/www.gintaresgeles.lt\/ru\/puokste\/%d0%b1%d1%83%d0%ba%d0%b5%d1%82-%d0%b3%d0%b5%d0%bb%d0%b8%d0%b5%d0%b2%d1%8b%d1%85-%d1%88%d0%b0%d1%80%d0%be%d0%b2-30-happy-birthday\/"]}]},{"@type":"ImageObject","inLanguage":"ru-RU","@id":"https:\/\/www.gintaresgeles.lt\/ru\/puokste\/%d0%b1%d1%83%d0%ba%d0%b5%d1%82-%d0%b3%d0%b5%d0%bb%d0%b8%d0%b5%d0%b2%d1%8b%d1%85-%d1%88%d0%b0%d1%80%d0%be%d0%b2-30-happy-birthday\/#primaryimage","url":"https:\/\/www.gintaresgeles.lt\/wp-content\/uploads\/2026\/01\/Helio-balionu-puokste-\u201e30-Happy-Birthday-e1768923360948.webp","contentUrl":"https:\/\/www.gintaresgeles.lt\/wp-content\/uploads\/2026\/01\/Helio-balionu-puokste-\u201e30-Happy-Birthday-e1768923360948.webp","width":1024,"height":1024,"caption":"Helio balion\u0173 puok\u0161t\u0117 \u201e30 Happy Birthday\u201c"},{"@type":"BreadcrumbList","@id":"https:\/\/www.gintaresgeles.lt\/ru\/puokste\/%d0%b1%d1%83%d0%ba%d0%b5%d1%82-%d0%b3%d0%b5%d0%bb%d0%b8%d0%b5%d0%b2%d1%8b%d1%85-%d1%88%d0%b0%d1%80%d0%be%d0%b2-30-happy-birthday\/#breadcrumb","itemListElement":[{"@type":"ListItem","position":1,"name":"Prad\u017eia","item":"https:\/\/www.gintaresgeles.lt\/ru\/"},{"@type":"ListItem","position":2,"name":"\u0412\u0441\u0435 \u0446\u0432\u0435\u0442\u044b \u0438 \u0434\u0440\u0443\u0433\u0438\u0435 \u043f\u0440\u043e\u0434\u0443\u043a\u0442\u044b","item":"https:\/\/www.gintaresgeles.lt\/ru\/vse-cvety-i-drugie-produkty\/"},{"@type":"ListItem","position":3,"name":"\u0411\u0443\u043a\u0435\u0442 \u0433\u0435\u043b\u0438\u0435\u0432\u044b\u0445 \u0448\u0430\u0440\u043e\u0432 \u00ab30 Happy Birthday\u00bb"}]},{"@type":"WebSite","@id":"https:\/\/www.gintaresgeles.lt\/ru\/#website","url":"https:\/\/www.gintaresgeles.lt\/ru\/","name":"Gintares Geles","description":"\u0414\u043e\u0441\u0442\u0430\u0432\u043a\u0430 \u0446\u0432\u0435\u0442\u043e\u0432 \u0432 \u0412\u0438\u043b\u044c\u043d\u044e\u0441\u0435 | \u0412 \u0442\u043e\u0442 \u0436\u0435 \u0434\u0435\u043d\u044c | Gintares geles","potentialAction":[{"@type":"SearchAction","target":{"@type":"EntryPoint","urlTemplate":"https:\/\/www.gintaresgeles.lt\/ru\/?s={search_term_string}"},"query-input":{"@type":"PropertyValueSpecification","valueRequired":true,"valueName":"search_term_string"}}],"inLanguage":"ru-RU"}]}},"_links":{"self":[{"href":"https:\/\/www.gintaresgeles.lt\/ru\/wp-json\/wp\/v2\/product\/58013","targetHints":{"allow":["GET"]}}],"collection":[{"href":"https:\/\/www.gintaresgeles.lt\/ru\/wp-json\/wp\/v2\/product"}],"about":[{"href":"https:\/\/www.gintaresgeles.lt\/ru\/wp-json\/wp\/v2\/types\/product"}],"wp:featuredmedia":[{"embeddable":true,"href":"https:\/\/www.gintaresgeles.lt\/ru\/wp-json\/wp\/v2\/media\/57962"}],"wp:attachment":[{"href":"https:\/\/www.gintaresgeles.lt\/ru\/wp-json\/wp\/v2\/media?parent=58013"}],"wp:term":[{"taxonomy":"product_brand","embeddable":true,"href":"https:\/\/www.gintaresgeles.lt\/ru\/wp-json\/wp\/v2\/product_brand?post=58013"},{"taxonomy":"product_cat","embeddable":true,"href":"https:\/\/www.gintaresgeles.lt\/ru\/wp-json\/wp\/v2\/product_cat?post=58013"},{"taxonomy":"product_tag","embeddable":true,"href":"https:\/\/www.gintaresgeles.lt\/ru\/wp-json\/wp\/v2\/product_tag?post=58013"}],"curies":[{"name":"wp","href":"https:\/\/api.w.org\/{rel}","templated":true}]}}